{"id":2555,"date":"2017-10-13T15:14:29","date_gmt":"2017-10-13T15:14:29","guid":{"rendered":"https:\/\/www.cbdretail.ch\/cbd-%e9%9b%b6%e5%94%ae\/"},"modified":"2025-01-01T01:53:29","modified_gmt":"2025-01-01T01:53:29","slug":"cbd-%e9%9b%b6%e5%94%ae","status":"publish","type":"page","link":"https:\/\/www.cbdretail.ch\/zh-hans\/","title":{"rendered":"CBD \u96f6\u552e"},"content":{"rendered":"<div class=\"col-md-5\">\n<h3> CBD \u96f6\u552e<\/h3>\n<p><span id=\"result_box\" class=\"\" lang=\"en\"><img loading=\"lazy\" decoding=\"async\" class=\"wp-image-290 size-thumbnail alignleft\" src=\"https:\/\/www.cbdretail.ch\/wp-content\/uploads\/2024\/12\/Untitled-150x150.jpg\" alt=\"\" width=\"150\" height=\"150\" srcset=\"https:\/\/www.cbdretail.ch\/wp-content\/uploads\/2024\/12\/Untitled-150x150.jpg 150w, https:\/\/www.cbdretail.ch\/wp-content\/uploads\/2024\/12\/Untitled-300x300.jpg 300w, https:\/\/www.cbdretail.ch\/wp-content\/uploads\/2024\/12\/Untitled-768x768.jpg 768w, https:\/\/www.cbdretail.ch\/wp-content\/uploads\/2024\/12\/Untitled.jpg 1024w\" sizes=\"auto, (max-width: 150px) 100vw, 150px\" \/><strong>\u6279\u53d1\u745e\u58eb CBD \u5927\u9ebb\u3002 <span class=\"\">\u6211\u4eec\u7684\u6240\u6709\u4ea7\u54c1\u5747\u7b26\u5408\u6cd5\u5f8b\u89c4\u5b9a\uff0c\u56db\u6c22\u5927\u9ebb\u915a\u542b\u91cf\u4f4e\u4e8e 1<\/span><\/strong><\/span><\/p>\n<\/div>\n<div class=\"col-md-6 col-md-offset-1\"><span id=\"result_box\" class=\"\" lang=\"en\">\u8be5\u4ea7\u54c1\u53ea\u9762\u5411\u745e\u58eb\u4eba\u9500\u552e\uff0c\u4e14\u53ea\u5411\u83b7\u5f97\u6388\u6743\u7684\u4e13\u4e1a\u4eba\u58eb\u9500\u552e\u3002\u745e\u58eb\u5927\u9ebb\u4f9b\u5e94\u5546 CBD\u3002\u745e\u58eb\u5408\u6cd5\u751f\u4ea7 CBD \u5927\u9ebb\u3002\u6e29\u5ba4\u65e0\u5316\u80a5\u6216\u5316\u5b66\u519c\u836f\u3002\u5728\u745e\u58eb\u8d2d\u4e70\u6279\u53d1\u5408\u6cd5\u9500\u552e\u3002      <span class=\"\">\u6709\u591a\u4e2a\u54c1\u79cd\u53ef\u4f9b\u6279\u53d1\u5546\u548c\u5206\u9500\u5546\u9009\u62e9\u3002<br \/>\n<\/span><\/span><span class=\"\" lang=\"en\"><span class=\"\" lang=\"en\"><span title=\"\u4e86\u89e3\u6211\u4eec\u7684\u5927\u9ebb\u751f\u7269\u78b1\u4ea7\u54c1\uff01  \">\u4e86\u89e3\u6211\u4eec\u57fa\u4e8e\u6709\u673a\u5927\u9ebb\u7684 cbd \u4ea7\u54c1\uff01<\/span><\/span><\/span><\/div>\n<div>\n<p><strong>\u6211\u4eec\u7684\u4ea7\u54c1<\/strong><\/p>\n<\/div>\n<div>\n<p><span title=\"Notre cannabis cbd est garantie 100% Swiss Made avec un taux de THC inf\u00e9rieur \u00e0 1% et un taux de CBD de 14% \u00e0 18% selon r\u00e9colte avec certification par laboratoire agr\u00e9\u00e9.\">\u6211\u4eec\u7684 cbd \u5927\u9ebb\u4fdd\u8bc1 100%\u745e\u58eb\u5236\u9020\uff0c\u56db\u6c22\u5927\u9ebb\u915a\u542b\u91cf\u4f4e\u4e8e 1%\uff0cCBD \u542b\u91cf\u4e3a 14% \u81f3 18%\uff0c\u5177\u4f53\u542b\u91cf\u89c6\u6536\u83b7\u60c5\u51b5\u800c\u5b9a\uff0c\u5e76\u7ecf\u8ba4\u53ef\u5b9e\u9a8c\u5ba4\u8ba4\u8bc1\u3002 <\/span><span title=\"\u6211\u4eec\u5e0c\u671b\u6211\u4eec\u7684\u4ea7\u54c1\u5177\u6709\u6700\u5927\u9650\u5ea6\u7684\u900f\u660e\u5ea6\u3002 \">\u6211\u4eec\u5e0c\u671b\u6211\u4eec\u7684\u4ea7\u54c1\u5177\u6709\u6700\u5927\u7684\u900f\u660e\u5ea6\u3002<br \/>\n<\/span><span title=\"\u6211\u4eec\u7684\u5927\u9ebb\u662f\u5728\u745e\u58eb\u585e\u5170\uff08Sseeland\uff09\u7684\u571f\u5730\u4e0a\u6309\u7167\u745e\u58eb\u6700\u7eaf\u6b63\u7684\u4f20\u7edf\u79cd\u690d\u7684\uff0c\u662f\u6709\u673a\u7684\uff0c\u662f\u5c0a\u91cd\u73af\u5883\u7684\u519c\u4e1a\u7684\u4ea7\u7269\u3002 \">\u6211\u4eec\u7684\u5927\u9ebb\u662f\u5728 Sseeland \u571f\u5730\u4e0a\u6309\u7167\u6700\u7eaf\u6b63\u7684\u745e\u58eb\u4f20\u7edf\u79cd\u690d\u7684\uff0c\u662f\u6709\u673a\u5927\u9ebb\uff0c\u6765\u81ea\u73af\u4fdd\u519c\u4e1a\u3002<br \/>\n<\/span><span title=\"\u83b7\u76ca\u4e8e cbd \u5927\u9ebb\u7684\u5929\u7136\u4fdd\u5065\u548c\u529f\u6548\uff01 \">\u6211\u4eec\u7684\u5927\u9ebb\u662f\u6709\u673a\u7684\uff0c\u6765\u81ea\u73af\u4fdd\u519c\u4e1a\uff0c\u60a8\u53ef\u4ee5\u5c3d\u60c5\u4eab\u53d7\u5927\u9ebb cbd \u7684\u98ce\u5473\u548c\u76ca\u5904\uff0c\u800c\u4e0d\u4f1a\u53d7\u5230\u4efb\u4f55\u4e0d\u826f\u5f71\u54cd\uff01<\/span><\/p>\n<p><span title=\"\u6211\u4eec\u7684\u9996\u8981\u4efb\u52a1 \"><strong>\u6211\u4eec\u7684\u539f\u6750\u6599<br \/>\n<\/strong><br \/>\n<\/span><span title=\"\u5728 Le Riff\uff0c\u6211\u4eec\u72ec\u5bb6\u4e0e\u5f53\u5730\u7684\u4ea7\u54c1\u751f\u4ea7\u5546\u5408\u4f5c\uff0c\u8fd9\u4e9b\u751f\u4ea7\u5546\u90fd\u7ee7\u627f\u4e86\u745e\u58eb\u7684\u9999\u8349\u6587\u5316\u4f20\u7edf\uff0c\u4e3a\u60a8\u63d0\u4f9b\u5bcc\u542b CBD \u7684\u4f18\u8d28\u690d\u7269\u3002 \"><img loading=\"lazy\" decoding=\"async\" class=\"alignleft wp-image-2597 size-thumbnail\" src=\"https:\/\/www.cbdretail.ch\/wp-content\/uploads\/2024\/12\/cbdthc-cbdretail-150x150.jpg\" alt=\"\" width=\"150\" height=\"150\" srcset=\"https:\/\/www.cbdretail.ch\/wp-content\/uploads\/2024\/12\/cbdthc-cbdretail-150x150.jpg 150w, https:\/\/www.cbdretail.ch\/wp-content\/uploads\/2024\/12\/cbdthc-cbdretail-300x300.jpg 300w, https:\/\/www.cbdretail.ch\/wp-content\/uploads\/2024\/12\/cbdthc-cbdretail-768x768.jpg 768w, https:\/\/www.cbdretail.ch\/wp-content\/uploads\/2024\/12\/cbdthc-cbdretail.jpg 1024w\" sizes=\"auto, (max-width: 150px) 100vw, 150px\" \/>\u5728 CBD Retail\uff0c\u6211\u4eec\u53ea\u4e0e\u5f53\u5730\u751f\u4ea7\u5546\u5408\u4f5c\uff0c\u4ed6\u4eec\u5ef6\u7eed\u4e86\u745e\u58eb\u79cd\u690d\u5927\u9ebb\u7684\u4f20\u7edf\uff0c\u4e3a\u60a8\u63d0\u4f9b\u5bcc\u542b CBD \u7684\u4f18\u8d28\u5927\u9ebb\u3002<\/span><\/p>\n<p><span title=\"\u6211\u4eec\u7684\u7ae0\u7a0b \"><strong>\u6211\u4eec\u7684\u7ae0\u7a0b<\/strong><br \/>\n<\/span><span title=\"\u4e3a\u4e86\u786e\u4fdd\u9075\u5b88\u745e\u58eb\u8d28\u91cf\u6807\u51c6\uff0c\u5728\u751f\u4ea7\u548c\u5236\u9020\u7684\u6574\u4e2a\u8fc7\u7a0b\u4e2d\u90fd\u8fdb\u884c\u4e86\u6d4b\u8bd5\u3002 \">\u5728\u6574\u4e2a\u751f\u4ea7\u548c\u5236\u9020\u8fc7\u7a0b\u4e2d\u90fd\u8981\u8fdb\u884c\u6d4b\u8bd5\uff0c\u4ee5\u786e\u4fdd\u7b26\u5408\u745e\u58eb\u8d28\u91cf\u6807\u51c6\u3002<\/span><\/p>\n<p><span title=\"\u519c\u4e1a\u751f\u7269\u4e0e\u73af\u5883 \"><strong>\u6709\u673a\u519c\u4e1a\u4e0e\u73af\u5883<\/strong><br \/>\n<\/span><\/p>\n<p><span title=\"Notre cannabis cbd est 100% organique, cultiv\u00e9e sans pesticides ni engrais chimiques.\">\u6211\u4eec\u7684 cbd \u5927\u9ebb\u662f 100% \u6709\u673a\u5927\u9ebb\uff0c\u79cd\u690d\u8fc7\u7a0b\u4e2d\u4e0d\u4f7f\u7528\u6740\u866b\u5242\u6216\u5316\u80a5\u3002 <\/span><span title=\"\u4e3a\u4e86\u51cf\u5c11\u4e8c\u6c27\u5316\u78b3\u6392\u653e\u5e76\u4fdd\u8bc1\u690d\u7269\u6bcf\u5e74\u90fd\u80fd\u83b7\u5f97\u6700\u4f73\u751f\u957f\uff0c\u6211\u4eec\u9009\u62e9\u4e86\u6c99\u571f\u683d\u57f9\u3002 \">\u6211\u4eec\u9009\u62e9\u6e29\u5ba4\u79cd\u690d\uff0c\u4ee5\u51cf\u5c11\u78b3\u8db3\u8ff9\uff0c\u5e76\u786e\u4fdd\u5168\u5e74\u690d\u7269\u7684\u6700\u4f73\u751f\u957f\u3002<br \/>\n<\/span><span title=\"\u6211\u4eec\u7684\u519c\u4e1a\u5de5\u4f5c\u8005\u6ee1\u6000\u6fc0\u60c5\uff0c\u81f4\u529b\u4e8e\u5728\u5c0a\u91cd\u73af\u5883\u7684\u524d\u63d0\u4e0b\u751f\u4ea7\u6700\u4f18\u8d28\u7684\u5927\u9ebb\u3002 \">\u6211\u4eec\u5145\u6ee1\u70ed\u60c5\u7684\u519c\u573a\u4e3b\u52aa\u529b\u751f\u4ea7\u6700\u597d\u7684\u5927\u9ebb\uff0c\u540c\u65f6\u5c0a\u91cd\u73af\u5883\u3002<\/span> <span title=\"\u6211\u4eec\u7684\u5408\u4f5c\u4f19\u4f34 \"><strong>\u6211\u4eec\u7684\u5408\u4f5c\u4f19\u4f34<\/strong><br \/>\n<\/span><span title=\"\u4ece\u5305\u88c5\u5230\u4ea7\u54c1\uff0c\u6211\u4eec\u90fd\u4e0e\u5f53\u5730\u4f01\u4e1a\u5408\u4f5c\uff0c\u4ee5\u786e\u4fdd\u4ea7\u54c1\u7684\u53ef\u8ffd\u6eaf\u6027\uff0c\u5e76\u5411\u60a8\u63a8\u8350\u745e\u58eb\u6240\u80fd\u63d0\u4f9b\u7684\u6700\u597d\u4ea7\u54c1\uff01\">\u4ece\u5305\u88c5\u5230\u884d\u751f\u4ea7\u54c1\uff0c\u6211\u4eec\u90fd\u4e0e\u5f53\u5730\u516c\u53f8\u5408\u4f5c\uff0c\u786e\u4fdd\u4ea7\u54c1\u7684\u53ef\u8ffd\u6eaf\u6027\uff0c\u4e3a\u60a8\u63d0\u4f9b\u745e\u58eb\u6700\u597d\u7684\u4ea7\u54c1\uff01<\/span><\/p>\n<\/div>\n","protected":false},"excerpt":{"rendered":"<p>CBD \u96f6\u552e \u6279\u53d1\u745e\u58eb CBD \u5927\u9ebb\u3002 \u6211\u4eec\u7684\u6240\u6709\u4ea7\u54c1\u5747\u7b26\u5408\u6cd5\u5f8b\u89c4\u5b9a\uff0c\u56db\u6c22\u5927\u9ebb\u915a\u542b\u91cf\u4f4e\u4e8e 1 \u8be5\u4ea7\u54c1\u53ea\u9762\u5411\u745e\u58eb&#8230;<\/p>\n<p class=\"more-link\"><a href=\"https:\/\/www.cbdretail.ch\/zh-hans\/\"><span>Read More<\/span><i>&#43;<\/i><\/a><\/p>\n","protected":false},"author":1,"featured_media":0,"parent":0,"menu_order":0,"comment_status":"closed","ping_status":"closed","template":"","meta":{"footnotes":""},"tags":[161,156,160,169,165,159,163,166,167,168,157,164,158,162],"class_list":{"0":"post-2555","1":"page","2":"type-page","3":"status-publish","4":"hentry","5":"tag-cbd-","7":"tag-evetica-zh-hans","8":"tag--zh-hans","9":"tag-165","10":"tag--cbd-","11":"tag-163","12":"tag-166","14":"tag-168","15":"tag-157","16":"tag-164","17":"tag-158","18":"tag-162"},"yoast_head":"<!-- This site is optimized with the Yoast SEO plugin v24.8.1 - https:\/\/yoast.com\/wordpress\/plugins\/seo\/ -->\n<title>\u6279\u53d1\u745e\u58eb CBD \u5927\u9ebb - CBD\u96f6\u552e<\/title>\n<meta name=\"description\" content=\"\u96f6\u552e CBD \u6279\u53d1\u745e\u58eb CBD \u5927\u9ebb\u3002\u6211\u4eec\u7684\u6240\u6709\u4ea7\u54c1\u5747\u7b26\u5408\u6cd5\u5f8b\u89c4\u5b9a\uff0c\u56db\u6c22\u5927\u9ebb\u915a\u542b\u91cf\u4f4e\u4e8e 1%\u3002\" \/>\n<meta name=\"robots\" content=\"index, follow, max-snippet:-1, max-image-preview:large, max-video-preview:-1\" \/>\n<link rel=\"canonical\" href=\"https:\/\/www.cbdretail.ch\/zh-hans\/\" \/>\n<meta property=\"og:locale\" content=\"zh_CN\" \/>\n<meta property=\"og:type\" content=\"article\" \/>\n<meta property=\"og:title\" content=\"\u6279\u53d1\u745e\u58eb CBD \u5927\u9ebb - CBD\u96f6\u552e\" \/>\n<meta property=\"og:description\" content=\"\u96f6\u552e CBD \u6279\u53d1\u745e\u58eb CBD \u5927\u9ebb\u3002\u6211\u4eec\u7684\u6240\u6709\u4ea7\u54c1\u5747\u7b26\u5408\u6cd5\u5f8b\u89c4\u5b9a\uff0c\u56db\u6c22\u5927\u9ebb\u915a\u542b\u91cf\u4f4e\u4e8e 1%\u3002\" \/>\n<meta property=\"og:url\" content=\"https:\/\/www.cbdretail.ch\/zh-hans\/\" \/>\n<meta property=\"og:site_name\" content=\"CBD\u96f6\u552e\" \/>\n<meta property=\"article:modified_time\" content=\"2025-01-01T01:53:29+00:00\" \/>\n<meta property=\"og:image\" content=\"https:\/\/www.cbdretail.ch\/wp-content\/uploads\/2024\/12\/Untitled.jpg\" \/>\n\t<meta property=\"og:image:width\" content=\"1024\" \/>\n\t<meta property=\"og:image:height\" content=\"1024\" \/>\n\t<meta property=\"og:image:type\" content=\"image\/jpeg\" \/>\n<meta name=\"twitter:card\" content=\"summary_large_image\" \/>\n<script type=\"application\/ld+json\" class=\"yoast-schema-graph\">{\"@context\":\"https:\/\/schema.org\",\"@graph\":[{\"@type\":\"WebPage\",\"@id\":\"https:\/\/www.cbdretail.ch\/zh-hans\/\",\"url\":\"https:\/\/www.cbdretail.ch\/zh-hans\/\",\"name\":\"\u6279\u53d1\u745e\u58eb CBD \u5927\u9ebb - CBD\u96f6\u552e\",\"isPartOf\":{\"@id\":\"https:\/\/www.cbdretail.ch\/zh-hans\/#website\"},\"primaryImageOfPage\":{\"@id\":\"https:\/\/www.cbdretail.ch\/zh-hans\/#primaryimage\"},\"image\":{\"@id\":\"https:\/\/www.cbdretail.ch\/zh-hans\/#primaryimage\"},\"thumbnailUrl\":\"https:\/\/www.cbdretail.ch\/wp-content\/uploads\/2024\/12\/Untitled-150x150.jpg\",\"datePublished\":\"2017-10-13T15:14:29+00:00\",\"dateModified\":\"2025-01-01T01:53:29+00:00\",\"description\":\"\u96f6\u552e CBD \u6279\u53d1\u745e\u58eb CBD \u5927\u9ebb\u3002\u6211\u4eec\u7684\u6240\u6709\u4ea7\u54c1\u5747\u7b26\u5408\u6cd5\u5f8b\u89c4\u5b9a\uff0c\u56db\u6c22\u5927\u9ebb\u915a\u542b\u91cf\u4f4e\u4e8e 1%\u3002\",\"breadcrumb\":{\"@id\":\"https:\/\/www.cbdretail.ch\/zh-hans\/#breadcrumb\"},\"inLanguage\":\"zh-Hans\",\"potentialAction\":[{\"@type\":\"ReadAction\",\"target\":[\"https:\/\/www.cbdretail.ch\/zh-hans\/\"]}]},{\"@type\":\"ImageObject\",\"inLanguage\":\"zh-Hans\",\"@id\":\"https:\/\/www.cbdretail.ch\/zh-hans\/#primaryimage\",\"url\":\"https:\/\/www.cbdretail.ch\/wp-content\/uploads\/2024\/12\/Untitled-150x150.jpg\",\"contentUrl\":\"https:\/\/www.cbdretail.ch\/wp-content\/uploads\/2024\/12\/Untitled-150x150.jpg\"},{\"@type\":\"BreadcrumbList\",\"@id\":\"https:\/\/www.cbdretail.ch\/zh-hans\/#breadcrumb\",\"itemListElement\":[{\"@type\":\"ListItem\",\"position\":1,\"name\":\"Home\",\"item\":\"https:\/\/www.cbdretail.ch\/zh-hans\/cbd-%e9%9b%b6%e5%94%ae\/\"},{\"@type\":\"ListItem\",\"position\":2,\"name\":\"CBD \u96f6\u552e\"}]},{\"@type\":\"WebSite\",\"@id\":\"https:\/\/www.cbdretail.ch\/zh-hans\/#website\",\"url\":\"https:\/\/www.cbdretail.ch\/zh-hans\/\",\"name\":\"CBD\u96f6\u552e\",\"description\":\"Cannabis CBD for wholesalers and distributors\",\"publisher\":{\"@id\":\"https:\/\/www.cbdretail.ch\/zh-hans\/#organization\"},\"potentialAction\":[{\"@type\":\"SearchAction\",\"target\":{\"@type\":\"EntryPoint\",\"urlTemplate\":\"https:\/\/www.cbdretail.ch\/zh-hans\/?s={search_term_string}\"},\"query-input\":{\"@type\":\"PropertyValueSpecification\",\"valueRequired\":true,\"valueName\":\"search_term_string\"}}],\"inLanguage\":\"zh-Hans\"},{\"@type\":\"Organization\",\"@id\":\"https:\/\/www.cbdretail.ch\/zh-hans\/#organization\",\"name\":\"CBD\u96f6\u552e\",\"url\":\"https:\/\/www.cbdretail.ch\/zh-hans\/\",\"logo\":{\"@type\":\"ImageObject\",\"inLanguage\":\"zh-Hans\",\"@id\":\"https:\/\/www.cbdretail.ch\/zh-hans\/#\/schema\/logo\/image\/\",\"url\":\"https:\/\/www.cbdretail.ch\/wp-content\/uploads\/2024\/12\/cropped-WhatsApp-Image-2024-12-26-at-00.46.31.jpeg\",\"contentUrl\":\"https:\/\/www.cbdretail.ch\/wp-content\/uploads\/2024\/12\/cropped-WhatsApp-Image-2024-12-26-at-00.46.31.jpeg\",\"width\":792,\"height\":719,\"caption\":\"CBD\u96f6\u552e\"},\"image\":{\"@id\":\"https:\/\/www.cbdretail.ch\/zh-hans\/#\/schema\/logo\/image\/\"}}]}<\/script>\n<!-- \/ Yoast SEO plugin. -->","yoast_head_json":{"title":"\u6279\u53d1\u745e\u58eb CBD \u5927\u9ebb - CBD\u96f6\u552e","description":"\u96f6\u552e CBD \u6279\u53d1\u745e\u58eb CBD \u5927\u9ebb\u3002\u6211\u4eec\u7684\u6240\u6709\u4ea7\u54c1\u5747\u7b26\u5408\u6cd5\u5f8b\u89c4\u5b9a\uff0c\u56db\u6c22\u5927\u9ebb\u915a\u542b\u91cf\u4f4e\u4e8e 1%\u3002","robots":{"index":"index","follow":"follow","max-snippet":"max-snippet:-1","max-image-preview":"max-image-preview:large","max-video-preview":"max-video-preview:-1"},"canonical":"https:\/\/www.cbdretail.ch\/zh-hans\/","og_locale":"zh_CN","og_type":"article","og_title":"\u6279\u53d1\u745e\u58eb CBD \u5927\u9ebb - CBD\u96f6\u552e","og_description":"\u96f6\u552e CBD \u6279\u53d1\u745e\u58eb CBD \u5927\u9ebb\u3002\u6211\u4eec\u7684\u6240\u6709\u4ea7\u54c1\u5747\u7b26\u5408\u6cd5\u5f8b\u89c4\u5b9a\uff0c\u56db\u6c22\u5927\u9ebb\u915a\u542b\u91cf\u4f4e\u4e8e 1%\u3002","og_url":"https:\/\/www.cbdretail.ch\/zh-hans\/","og_site_name":"CBD\u96f6\u552e","article_modified_time":"2025-01-01T01:53:29+00:00","og_image":[{"width":1024,"height":1024,"url":"https:\/\/www.cbdretail.ch\/wp-content\/uploads\/2024\/12\/Untitled.jpg","type":"image\/jpeg"}],"twitter_card":"summary_large_image","schema":{"@context":"https:\/\/schema.org","@graph":[{"@type":"WebPage","@id":"https:\/\/www.cbdretail.ch\/zh-hans\/","url":"https:\/\/www.cbdretail.ch\/zh-hans\/","name":"\u6279\u53d1\u745e\u58eb CBD \u5927\u9ebb - CBD\u96f6\u552e","isPartOf":{"@id":"https:\/\/www.cbdretail.ch\/zh-hans\/#website"},"primaryImageOfPage":{"@id":"https:\/\/www.cbdretail.ch\/zh-hans\/#primaryimage"},"image":{"@id":"https:\/\/www.cbdretail.ch\/zh-hans\/#primaryimage"},"thumbnailUrl":"https:\/\/www.cbdretail.ch\/wp-content\/uploads\/2024\/12\/Untitled-150x150.jpg","datePublished":"2017-10-13T15:14:29+00:00","dateModified":"2025-01-01T01:53:29+00:00","description":"\u96f6\u552e CBD \u6279\u53d1\u745e\u58eb CBD \u5927\u9ebb\u3002\u6211\u4eec\u7684\u6240\u6709\u4ea7\u54c1\u5747\u7b26\u5408\u6cd5\u5f8b\u89c4\u5b9a\uff0c\u56db\u6c22\u5927\u9ebb\u915a\u542b\u91cf\u4f4e\u4e8e 1%\u3002","breadcrumb":{"@id":"https:\/\/www.cbdretail.ch\/zh-hans\/#breadcrumb"},"inLanguage":"zh-Hans","potentialAction":[{"@type":"ReadAction","target":["https:\/\/www.cbdretail.ch\/zh-hans\/"]}]},{"@type":"ImageObject","inLanguage":"zh-Hans","@id":"https:\/\/www.cbdretail.ch\/zh-hans\/#primaryimage","url":"https:\/\/www.cbdretail.ch\/wp-content\/uploads\/2024\/12\/Untitled-150x150.jpg","contentUrl":"https:\/\/www.cbdretail.ch\/wp-content\/uploads\/2024\/12\/Untitled-150x150.jpg"},{"@type":"BreadcrumbList","@id":"https:\/\/www.cbdretail.ch\/zh-hans\/#breadcrumb","itemListElement":[{"@type":"ListItem","position":1,"name":"Home","item":"https:\/\/www.cbdretail.ch\/zh-hans\/cbd-%e9%9b%b6%e5%94%ae\/"},{"@type":"ListItem","position":2,"name":"CBD \u96f6\u552e"}]},{"@type":"WebSite","@id":"https:\/\/www.cbdretail.ch\/zh-hans\/#website","url":"https:\/\/www.cbdretail.ch\/zh-hans\/","name":"CBD\u96f6\u552e","description":"Cannabis CBD for wholesalers and distributors","publisher":{"@id":"https:\/\/www.cbdretail.ch\/zh-hans\/#organization"},"potentialAction":[{"@type":"SearchAction","target":{"@type":"EntryPoint","urlTemplate":"https:\/\/www.cbdretail.ch\/zh-hans\/?s={search_term_string}"},"query-input":{"@type":"PropertyValueSpecification","valueRequired":true,"valueName":"search_term_string"}}],"inLanguage":"zh-Hans"},{"@type":"Organization","@id":"https:\/\/www.cbdretail.ch\/zh-hans\/#organization","name":"CBD\u96f6\u552e","url":"https:\/\/www.cbdretail.ch\/zh-hans\/","logo":{"@type":"ImageObject","inLanguage":"zh-Hans","@id":"https:\/\/www.cbdretail.ch\/zh-hans\/#\/schema\/logo\/image\/","url":"https:\/\/www.cbdretail.ch\/wp-content\/uploads\/2024\/12\/cropped-WhatsApp-Image-2024-12-26-at-00.46.31.jpeg","contentUrl":"https:\/\/www.cbdretail.ch\/wp-content\/uploads\/2024\/12\/cropped-WhatsApp-Image-2024-12-26-at-00.46.31.jpeg","width":792,"height":719,"caption":"CBD\u96f6\u552e"},"image":{"@id":"https:\/\/www.cbdretail.ch\/zh-hans\/#\/schema\/logo\/image\/"}}]}},"_links":{"self":[{"href":"https:\/\/www.cbdretail.ch\/zh-hans\/wp-json\/wp\/v2\/pages\/2555","targetHints":{"allow":["GET"]}}],"collection":[{"href":"https:\/\/www.cbdretail.ch\/zh-hans\/wp-json\/wp\/v2\/pages"}],"about":[{"href":"https:\/\/www.cbdretail.ch\/zh-hans\/wp-json\/wp\/v2\/types\/page"}],"author":[{"embeddable":true,"href":"https:\/\/www.cbdretail.ch\/zh-hans\/wp-json\/wp\/v2\/users\/1"}],"replies":[{"embeddable":true,"href":"https:\/\/www.cbdretail.ch\/zh-hans\/wp-json\/wp\/v2\/comments?post=2555"}],"version-history":[{"count":2,"href":"https:\/\/www.cbdretail.ch\/zh-hans\/wp-json\/wp\/v2\/pages\/2555\/revisions"}],"predecessor-version":[{"id":2849,"href":"https:\/\/www.cbdretail.ch\/zh-hans\/wp-json\/wp\/v2\/pages\/2555\/revisions\/2849"}],"wp:attachment":[{"href":"https:\/\/www.cbdretail.ch\/zh-hans\/wp-json\/wp\/v2\/media?parent=2555"}],"wp:term":[{"taxonomy":"post_tag","embeddable":true,"href":"https:\/\/www.cbdretail.ch\/zh-hans\/wp-json\/wp\/v2\/tags?post=2555"}],"curies":[{"name":"wp","href":"https:\/\/api.w.org\/{rel}","templated":true}]}}