{"id":2561,"date":"2017-10-13T15:14:29","date_gmt":"2017-10-13T15:14:29","guid":{"rendered":"https:\/\/www.cbdretail.ch\/ban-le-cbd\/"},"modified":"2024-12-31T10:15:58","modified_gmt":"2024-12-31T10:15:58","slug":"ban-le-cbd","status":"publish","type":"page","link":"https:\/\/www.cbdretail.ch\/vi\/","title":{"rendered":"B\u00e1n l\u1ebb CBD"},"content":{"rendered":"<div class=\"col-md-5\">\n<h3>  B\u00e1n l\u1ebb CBD<\/h3>\n<p><span id=\"result_box\" class=\"\" lang=\"en\"><img loading=\"lazy\" decoding=\"async\" class=\"wp-image-290 size-thumbnail alignleft\" src=\"https:\/\/www.cbdretail.ch\/wp-content\/uploads\/2024\/12\/Untitled-150x150.jpg\" alt=\"\" width=\"150\" height=\"150\" srcset=\"https:\/\/www.cbdretail.ch\/wp-content\/uploads\/2024\/12\/Untitled-150x150.jpg 150w, https:\/\/www.cbdretail.ch\/wp-content\/uploads\/2024\/12\/Untitled-300x300.jpg 300w, https:\/\/www.cbdretail.ch\/wp-content\/uploads\/2024\/12\/Untitled-768x768.jpg 768w, https:\/\/www.cbdretail.ch\/wp-content\/uploads\/2024\/12\/Untitled.jpg 1024w\" sizes=\"auto, (max-width: 150px) 100vw, 150px\" \/><strong>B\u00e1n bu\u00f4n c\u1ea7n sa CBD Th\u1ee5y S\u0129.  <span class=\"\">T\u1ea5t c\u1ea3 c\u00e1c s\u1ea3n ph\u1ea9m c\u1ee7a ch\u00fang t\u00f4i \u0111\u1ec1u tu\u00e2n th\u1ee7 lu\u1eadt ph\u00e1p v\u00e0 ch\u1ee9a \u00edt h\u01a1n 1% THC<\/span><\/strong><\/span><\/p>\n<\/div>\n<div class=\"col-md-6 col-md-offset-1\"><span id=\"result_box\" class=\"\" lang=\"en\">Vi\u1ec7c b\u00e1n h\u00e0ng ch\u1ec9 d\u00e0nh cho ng\u01b0\u1eddi Th\u1ee5y S\u0129 v\u00e0 ch\u1ec9 d\u00e0nh cho c\u00e1c chuy\u00ean gia \u0111\u01b0\u1ee3c \u1ee7y quy\u1ec1n. Nh\u00e0 cung c\u1ea5p c\u1ea7n sa Th\u1ee5y S\u0129 CBD. S\u1ea3n xu\u1ea5t c\u1ea7n sa CBD h\u1ee3p ph\u00e1p c\u1ee7a Th\u1ee5y S\u0129. Nh\u00e0 k\u00ednh kh\u00f4ng c\u00f3 ph\u00e2n b\u00f3n ho\u1eb7c thu\u1ed1c tr\u1eeb s\u00e2u h\u00f3a h\u1ecdc. Mua b\u00e1n bu\u00f4n h\u1ee3p ph\u00e1p t\u1ea1i Th\u1ee5y S\u0129.      <span class=\"\">C\u00f3 nhi\u1ec1u lo\u1ea1i s\u1ea3n ph\u1ea9m d\u00e0nh cho ng\u01b0\u1eddi b\u00e1n bu\u00f4n v\u00e0 nh\u00e0 ph\u00e2n ph\u1ed1i.<br \/>\n<\/span><\/span><span class=\"\" lang=\"en\"><span class=\"\" lang=\"en\"><span title=\"D\u00e9couvrez nos s\u1ea3n ph\u1ea9m cbd \u00e0 c\u01a1 s\u1edf sinh h\u1ecdc c\u1ea7n sa!  \">Kh\u00e1m ph\u00e1 s\u1ea3n ph\u1ea9m cbd c\u1ee7a ch\u00fang t\u00f4i d\u1ef1a tr\u00ean c\u1ea7n sa h\u1eefu c\u01a1!<\/span><\/span><\/span><\/div>\n<div>\n<p><strong>S\u1ea3n ph\u1ea9m c\u1ee7a ch\u00fang t\u00f4i<\/strong><\/p>\n<\/div>\n<div>\n<p><span title=\"Notre c\u1ea7n sa cbd est gurantie 100% Swiss Made avec un taux de THC inf\u00e9rieur \u00e0 1% et un taux de CBD de 14% \u00e0 18% selon r\u00e9colte avec certificate par labatoire agr\u00e9\u00e9.\">CBD c\u1ea7n sa c\u1ee7a ch\u00fang t\u00f4i \u0111\u01b0\u1ee3c \u0111\u1ea3m b\u1ea3o 100% l\u00e0 Swiss Made v\u1edbi h\u00e0m l\u01b0\u1ee3ng THC d\u01b0\u1edbi 1% v\u00e0 t\u1ef7 l\u1ec7 CBD t\u1eeb 14% \u0111\u1ebfn 18% t\u00f9y thu\u1ed9c v\u00e0o v\u1ee5 thu ho\u1ea1ch v\u1edbi ch\u1ee9ng nh\u1eadn c\u1ee7a ph\u00f2ng th\u00ed nghi\u1ec7m \u0111\u01b0\u1ee3c ph\u00ea duy\u1ec7t.<\/span> <span title=\"Ch\u00fang ta c\u00f3 th\u1ec3 \u0111\u1ea3m b\u1ea3o t\u00ednh minh b\u1ea1ch t\u1ed1i \u0111a tr\u00ean c\u00e1c s\u1ea3n ph\u1ea9m. \">Ch\u00fang t\u00f4i mu\u1ed1n c\u00f3 s\u1ef1 minh b\u1ea1ch t\u1ed1i \u0111a v\u1ec1 s\u1ea3n ph\u1ea9m c\u1ee7a m\u00ecnh.<\/span><br \/>\n <span title=\"Cultiv\u00e9e sur les terres du Sseeland dans la c\u1ed9ng v\u1edbi truy\u1ec1n th\u1ed1ng thu\u1ea7n t\u00fay des chanvriers suisses, notre c\u1ea7n sa est organique et issue d'une Agriculture Honorueuse de l'environnement. \">\u0110\u01b0\u1ee3c tr\u1ed3ng tr\u00ean \u0111\u1ea5t Sseeland theo truy\u1ec1n th\u1ed1ng thu\u1ea7n t\u00fay nh\u1ea5t c\u1ee7a c\u00e2y chanterries Th\u1ee5y S\u0129, c\u1ea7n sa c\u1ee7a ch\u00fang t\u00f4i l\u00e0 lo\u1ea1i h\u1eefu c\u01a1 v\u00e0 c\u00f3 ngu\u1ed3n g\u1ed1c t\u1eeb n\u1ec1n n\u00f4ng nghi\u1ec7p th\u00e2n thi\u1ec7n v\u1edbi m\u00f4i tr\u01b0\u1eddng.<\/span><br \/>\n <span title=\"Profitez de la saveur et des bienfaits du c\u1ea7n sa cbd sans les effets kh\u00f4ng th\u1ec3 mong mu\u1ed1n ! \">T\u1eadn h\u01b0\u1edfng h\u01b0\u01a1ng v\u1ecb v\u00e0 l\u1ee3i \u00edch c\u1ee7a c\u1ea7n sa cbd m\u00e0 kh\u00f4ng c\u00f3 t\u00e1c d\u1ee5ng ph\u1ee5!<\/span><\/p>\n<p><span title=\"Notre mati\u00e8re ra m\u1eaft  \"><strong>Nguy\u00ean li\u1ec7u th\u00f4 c\u1ee7a ch\u00fang t\u00f4i<br \/>\n<\/strong><br \/>\n<\/span><span title=\"Chez Le Riff nous travaillons \u0111\u1ed9c quy\u1ec1n avec des productioneurs locaux qui perp\u00e9tuent la truy\u1ec1n th\u1ed1ng Suisse de culture du chanvre afin de vous Fournir une plante de haute qualit\u00e9 riche en CBD.  \"><img loading=\"lazy\" decoding=\"async\" class=\"alignleft wp-image-2597 size-thumbnail\" src=\"https:\/\/www.cbdretail.ch\/wp-content\/uploads\/2024\/12\/cbdthc-cbdretail-150x150.jpg\" alt=\"\" width=\"150\" height=\"150\" srcset=\"https:\/\/www.cbdretail.ch\/wp-content\/uploads\/2024\/12\/cbdthc-cbdretail-150x150.jpg 150w, https:\/\/www.cbdretail.ch\/wp-content\/uploads\/2024\/12\/cbdthc-cbdretail-300x300.jpg 300w, https:\/\/www.cbdretail.ch\/wp-content\/uploads\/2024\/12\/cbdthc-cbdretail-768x768.jpg 768w, https:\/\/www.cbdretail.ch\/wp-content\/uploads\/2024\/12\/cbdthc-cbdretail.jpg 1024w\" sizes=\"auto, (max-width: 150px) 100vw, 150px\" \/>T\u1ea1i CBD Retail, ch\u00fang t\u00f4i ch\u1ec9 h\u1ee3p t\u00e1c v\u1edbi nh\u1eefng nh\u00e0 s\u1ea3n xu\u1ea5t \u0111\u1ecba ph\u01b0\u01a1ng ti\u1ebfp t\u1ee5c truy\u1ec1n th\u1ed1ng tr\u1ed3ng c\u00e2y gai d\u1ea7u c\u1ee7a Th\u1ee5y S\u0129 \u0111\u1ec3 cung c\u1ea5p cho b\u1ea1n lo\u1ea1i c\u00e2y ch\u1ea5t l\u01b0\u1ee3ng cao gi\u00e0u CBD.<\/span><\/p>\n<p><span title=\"Notre charte \"><strong>Hi\u1ebfn ch\u01b0\u01a1ng c\u1ee7a ch\u00fang t\u00f4i<\/strong><\/span><br \/>\n <span title=\"Des test sont r\u00e9alis\u00e9s tout au long des qu\u00e1 tr\u00ecnh s\u1ea3n xu\u1ea5t v\u00e0 ch\u1ebf t\u1ea1o afin d'assurer le t\u00f4n tr\u1ecdng des Normes Qualit\u00e9 suisse. \">C\u00e1c th\u1eed nghi\u1ec7m \u0111\u01b0\u1ee3c th\u1ef1c hi\u1ec7n trong su\u1ed1t qu\u00e1 tr\u00ecnh s\u1ea3n xu\u1ea5t v\u00e0 ch\u1ebf t\u1ea1o \u0111\u1ec3 \u0111\u1ea3m b\u1ea3o tu\u00e2n th\u1ee7 c\u00e1c ti\u00eau chu\u1ea9n ch\u1ea5t l\u01b0\u1ee3ng Th\u1ee5y S\u0129.<\/span><\/p>\n<p><span title=\"N\u00f4ng nghi\u1ec7p Sinh h\u1ecdc v\u00e0 M\u00f4i tr\u01b0\u1eddng  \"><strong>N\u00f4ng nghi\u1ec7p h\u1eefu c\u01a1 v\u00e0 m\u00f4i tr\u01b0\u1eddng<\/strong><br \/>\n<\/span><\/p>\n<p><span title=\"Notre c\u1ea7n sa cbd est 100% h\u1eefu c\u01a1, tr\u1ed3ng tr\u1ecdt kh\u00f4ng c\u00f3 thu\u1ed1c tr\u1eeb s\u00e2u v\u00e0 chimiques.\">CBD c\u1ea7n sa c\u1ee7a ch\u00fang t\u00f4i l\u00e0 100% h\u1eefu c\u01a1, \u0111\u01b0\u1ee3c tr\u1ed3ng m\u00e0 kh\u00f4ng c\u00f3 thu\u1ed1c tr\u1eeb s\u00e2u ho\u1eb7c ph\u00e2n b\u00f3n h\u00f3a h\u1ecdc.<\/span> <span title=\"Nous avons opt\u00e9 pour une culture sous serre pour r\u00e9duire notre empreinte carbone et garantir une croissance opt\u00e9 des plantes toute l'ann\u00e9e. \">Ch\u00fang t\u00f4i \u0111\u00e3 l\u1ef1a ch\u1ecdn canh t\u00e1c trong nh\u00e0 k\u00ednh \u0111\u1ec3 gi\u1ea3m l\u01b0\u1ee3ng kh\u00ed th\u1ea3i carbon v\u00e0 \u0111\u1ea3m b\u1ea3o c\u00e2y ph\u00e1t tri\u1ec3n t\u1ed1i \u01b0u trong su\u1ed1t c\u1ea3 n\u0103m.<\/span><br \/>\n <span title=\"Nos agriculteurs, Passionn\u00e9s, travaillent \u00e0 s\u1ea3n ph\u1ea9m c\u1ea7n sa ch\u00e0o h\u00e0ng b\u1eb1ng s\u1ef1 t\u00f4n tr\u1ecdng m\u00f4i tr\u01b0\u1eddng. \">Nh\u1eefng ng\u01b0\u1eddi n\u00f4ng d\u00e2n nhi\u1ec7t huy\u1ebft c\u1ee7a ch\u00fang t\u00f4i l\u00e0m vi\u1ec7c \u0111\u1ec3 s\u1ea3n xu\u1ea5t ra lo\u1ea1i c\u1ea7n sa t\u1ed1t nh\u1ea5t trong khi v\u1eabn t\u00f4n tr\u1ecdng m\u00f4i tr\u01b0\u1eddng.<\/span> <span title=\"\u0110\u1ed1i t\u00e1c c\u1ee7a ch\u00fang t\u00f4i \"><strong>\u0110\u1ed1i t\u00e1c c\u1ee7a ch\u00fang t\u00f4i<\/strong><\/span><br \/>\n <span title=\"B\u1ea1n \u0111\u00f3ng g\u00f3i aux produits d\u00e9riv\u00e9s, nous c\u1ed9ng t\u00e1c avec des entreprises locales pour garantir la tra\u00e7abilit\u00e9 de nos produits et vous Produits le meilleur de ce que la Suisse peut nous offrir !\">T\u1eeb bao b\u00ec \u0111\u1ebfn c\u00e1c s\u1ea3n ph\u1ea9m ph\u00e1i sinh, ch\u00fang t\u00f4i h\u1ee3p t\u00e1c v\u1edbi c\u00e1c c\u00f4ng ty \u0111\u1ecba ph\u01b0\u01a1ng \u0111\u1ec3 \u0111\u1ea3m b\u1ea3o kh\u1ea3 n\u0103ng truy xu\u1ea5t ngu\u1ed3n g\u1ed1c s\u1ea3n ph\u1ea9m v\u00e0 cung c\u1ea5p cho b\u1ea1n nh\u1eefng g\u00ec t\u1ed1t nh\u1ea5t m\u00e0 Th\u1ee5y S\u0129 c\u00f3 th\u1ec3 cung c\u1ea5p!<\/span><\/p>\n<\/div>\n","protected":false},"excerpt":{"rendered":"<p>B\u00e1n l\u1ebb CBD B\u00e1n bu\u00f4n c\u1ea7n sa CBD Th\u1ee5y S\u0129. T\u1ea5t c\u1ea3 c\u00e1c s\u1ea3n ph\u1ea9m c\u1ee7a ch\u00fang t\u00f4i \u0111\u1ec1u tu\u00e2n th\u1ee7 lu\u1eadt ph\u00e1p v\u00e0 ch\u1ee9a \u00edt h\u01a1n 1% THC Vi\u1ec7c b\u00e1n h\u00e0ng ch\u1ec9 d\u00e0nh cho ng\u01b0\u1eddi Th\u1ee5y S\u0129 v\u00e0 ch\u1ec9 d\u00e0nh cho c\u00e1c chuy\u00ean gia \u0111\u01b0\u1ee3c \u1ee7y quy\u1ec1n. Nh\u00e0 cung c\u1ea5p c\u1ea7n sa Th\u1ee5y S\u0129&#8230;<\/p>\n<p class=\"more-link\"><a href=\"https:\/\/www.cbdretail.ch\/vi\/\"><span>Read More<\/span><i>&#43;<\/i><\/a><\/p>\n","protected":false},"author":1,"featured_media":0,"parent":0,"menu_order":0,"comment_status":"closed","ping_status":"closed","template":"","meta":{"footnotes":""},"tags":[242,243,246,250,251,245,240,252,244,253,249,247,248,241],"class_list":["post-2561","page","type-page","status-publish","hentry","tag-ban-buon-cbd-thuy-si","tag-ban-buon-cbd-thuy-si-vi","tag-ban-buon-thuy-si","tag-can-sa-hop-phap-cua-thuy-si","tag-can-sa-hop-phap-cua-thuy-si-vi","tag-cbd-ban-buon-ch","tag-cbd-ban-buon-thuy-si","tag-cbd-thuy-si","tag-evetica-vi","tag-nguoi-ban-buon-cay-gai-dau","tag-nguoi-ban-buon-cbd","tag-nguoi-ban-riff","tag-nha-ban-buon-cbd-thuy-si","tag-thuy-si-ban-buon-cbd"],"yoast_head":"<!-- This site is optimized with the Yoast SEO plugin v24.8.1 - https:\/\/yoast.com\/wordpress\/plugins\/seo\/ -->\n<title>b\u00e1n bu\u00f4n c\u1ea7n sa CBD Th\u1ee5y S\u0129 - CBD Retail<\/title>\n<meta name=\"description\" content=\"B\u00e1n l\u1ebb CBD B\u00e1n bu\u00f4n CBD Th\u1ee5y S\u0129 C\u1ea7n sa. T\u1ea5t c\u1ea3 s\u1ea3n ph\u1ea9m c\u1ee7a ch\u00fang t\u00f4i \u0111\u1ec1u tu\u00e2n th\u1ee7 lu\u1eadt ph\u00e1p v\u00e0 ch\u1ee9a \u00edt h\u01a1n 1% THC.\" \/>\n<meta name=\"robots\" content=\"index, follow, max-snippet:-1, max-image-preview:large, max-video-preview:-1\" \/>\n<link rel=\"canonical\" href=\"https:\/\/www.cbdretail.ch\/vi\/\" \/>\n<meta property=\"og:locale\" content=\"vi_VN\" \/>\n<meta property=\"og:type\" content=\"article\" \/>\n<meta property=\"og:title\" content=\"b\u00e1n bu\u00f4n c\u1ea7n sa CBD Th\u1ee5y S\u0129 - CBD Retail\" \/>\n<meta property=\"og:description\" content=\"B\u00e1n l\u1ebb CBD B\u00e1n bu\u00f4n CBD Th\u1ee5y S\u0129 C\u1ea7n sa. T\u1ea5t c\u1ea3 s\u1ea3n ph\u1ea9m c\u1ee7a ch\u00fang t\u00f4i \u0111\u1ec1u tu\u00e2n th\u1ee7 lu\u1eadt ph\u00e1p v\u00e0 ch\u1ee9a \u00edt h\u01a1n 1% THC.\" \/>\n<meta property=\"og:url\" content=\"https:\/\/www.cbdretail.ch\/vi\/\" \/>\n<meta property=\"og:site_name\" content=\"CBD Retail\" \/>\n<meta property=\"article:modified_time\" content=\"2024-12-31T10:15:58+00:00\" \/>\n<meta property=\"og:image\" content=\"https:\/\/www.cbdretail.ch\/wp-content\/uploads\/2024\/12\/Untitled.jpg\" \/>\n\t<meta property=\"og:image:width\" content=\"1024\" \/>\n\t<meta property=\"og:image:height\" content=\"1024\" \/>\n\t<meta property=\"og:image:type\" content=\"image\/jpeg\" \/>\n<meta name=\"twitter:card\" content=\"summary_large_image\" \/>\n<meta name=\"twitter:label1\" content=\"Est. reading time\" \/>\n\t<meta name=\"twitter:data1\" content=\"4 minutes\" \/>\n<script type=\"application\/ld+json\" class=\"yoast-schema-graph\">{\"@context\":\"https:\/\/schema.org\",\"@graph\":[{\"@type\":\"WebPage\",\"@id\":\"https:\/\/www.cbdretail.ch\/vi\/\",\"url\":\"https:\/\/www.cbdretail.ch\/vi\/\",\"name\":\"b\u00e1n bu\u00f4n c\u1ea7n sa CBD Th\u1ee5y S\u0129 - CBD Retail\",\"isPartOf\":{\"@id\":\"https:\/\/www.cbdretail.ch\/vi\/#website\"},\"primaryImageOfPage\":{\"@id\":\"https:\/\/www.cbdretail.ch\/vi\/#primaryimage\"},\"image\":{\"@id\":\"https:\/\/www.cbdretail.ch\/vi\/#primaryimage\"},\"thumbnailUrl\":\"https:\/\/www.cbdretail.ch\/wp-content\/uploads\/2024\/12\/Untitled-150x150.jpg\",\"datePublished\":\"2017-10-13T15:14:29+00:00\",\"dateModified\":\"2024-12-31T10:15:58+00:00\",\"description\":\"B\u00e1n l\u1ebb CBD B\u00e1n bu\u00f4n CBD Th\u1ee5y S\u0129 C\u1ea7n sa. T\u1ea5t c\u1ea3 s\u1ea3n ph\u1ea9m c\u1ee7a ch\u00fang t\u00f4i \u0111\u1ec1u tu\u00e2n th\u1ee7 lu\u1eadt ph\u00e1p v\u00e0 ch\u1ee9a \u00edt h\u01a1n 1% THC.\",\"breadcrumb\":{\"@id\":\"https:\/\/www.cbdretail.ch\/vi\/#breadcrumb\"},\"inLanguage\":\"vi-VN\",\"potentialAction\":[{\"@type\":\"ReadAction\",\"target\":[\"https:\/\/www.cbdretail.ch\/vi\/\"]}]},{\"@type\":\"ImageObject\",\"inLanguage\":\"vi-VN\",\"@id\":\"https:\/\/www.cbdretail.ch\/vi\/#primaryimage\",\"url\":\"https:\/\/www.cbdretail.ch\/wp-content\/uploads\/2024\/12\/Untitled-150x150.jpg\",\"contentUrl\":\"https:\/\/www.cbdretail.ch\/wp-content\/uploads\/2024\/12\/Untitled-150x150.jpg\"},{\"@type\":\"BreadcrumbList\",\"@id\":\"https:\/\/www.cbdretail.ch\/vi\/#breadcrumb\",\"itemListElement\":[{\"@type\":\"ListItem\",\"position\":1,\"name\":\"Home\",\"item\":\"https:\/\/www.cbdretail.ch\/vi\/ban-le-cbd\/\"},{\"@type\":\"ListItem\",\"position\":2,\"name\":\"B\u00e1n l\u1ebb CBD\"}]},{\"@type\":\"WebSite\",\"@id\":\"https:\/\/www.cbdretail.ch\/vi\/#website\",\"url\":\"https:\/\/www.cbdretail.ch\/vi\/\",\"name\":\"CBD Retail\",\"description\":\"Cannabis CBD for wholesalers and distributors\",\"publisher\":{\"@id\":\"https:\/\/www.cbdretail.ch\/vi\/#organization\"},\"potentialAction\":[{\"@type\":\"SearchAction\",\"target\":{\"@type\":\"EntryPoint\",\"urlTemplate\":\"https:\/\/www.cbdretail.ch\/vi\/?s={search_term_string}\"},\"query-input\":{\"@type\":\"PropertyValueSpecification\",\"valueRequired\":true,\"valueName\":\"search_term_string\"}}],\"inLanguage\":\"vi-VN\"},{\"@type\":\"Organization\",\"@id\":\"https:\/\/www.cbdretail.ch\/vi\/#organization\",\"name\":\"CBD Retail\",\"url\":\"https:\/\/www.cbdretail.ch\/vi\/\",\"logo\":{\"@type\":\"ImageObject\",\"inLanguage\":\"vi-VN\",\"@id\":\"https:\/\/www.cbdretail.ch\/vi\/#\/schema\/logo\/image\/\",\"url\":\"https:\/\/www.cbdretail.ch\/wp-content\/uploads\/2024\/12\/cropped-WhatsApp-Image-2024-12-26-at-00.46.31.jpeg\",\"contentUrl\":\"https:\/\/www.cbdretail.ch\/wp-content\/uploads\/2024\/12\/cropped-WhatsApp-Image-2024-12-26-at-00.46.31.jpeg\",\"width\":792,\"height\":719,\"caption\":\"CBD Retail\"},\"image\":{\"@id\":\"https:\/\/www.cbdretail.ch\/vi\/#\/schema\/logo\/image\/\"}}]}<\/script>\n<!-- \/ Yoast SEO plugin. -->","yoast_head_json":{"title":"b\u00e1n bu\u00f4n c\u1ea7n sa CBD Th\u1ee5y S\u0129 - CBD Retail","description":"B\u00e1n l\u1ebb CBD B\u00e1n bu\u00f4n CBD Th\u1ee5y S\u0129 C\u1ea7n sa. T\u1ea5t c\u1ea3 s\u1ea3n ph\u1ea9m c\u1ee7a ch\u00fang t\u00f4i \u0111\u1ec1u tu\u00e2n th\u1ee7 lu\u1eadt ph\u00e1p v\u00e0 ch\u1ee9a \u00edt h\u01a1n 1% THC.","robots":{"index":"index","follow":"follow","max-snippet":"max-snippet:-1","max-image-preview":"max-image-preview:large","max-video-preview":"max-video-preview:-1"},"canonical":"https:\/\/www.cbdretail.ch\/vi\/","og_locale":"vi_VN","og_type":"article","og_title":"b\u00e1n bu\u00f4n c\u1ea7n sa CBD Th\u1ee5y S\u0129 - CBD Retail","og_description":"B\u00e1n l\u1ebb CBD B\u00e1n bu\u00f4n CBD Th\u1ee5y S\u0129 C\u1ea7n sa. T\u1ea5t c\u1ea3 s\u1ea3n ph\u1ea9m c\u1ee7a ch\u00fang t\u00f4i \u0111\u1ec1u tu\u00e2n th\u1ee7 lu\u1eadt ph\u00e1p v\u00e0 ch\u1ee9a \u00edt h\u01a1n 1% THC.","og_url":"https:\/\/www.cbdretail.ch\/vi\/","og_site_name":"CBD Retail","article_modified_time":"2024-12-31T10:15:58+00:00","og_image":[{"width":1024,"height":1024,"url":"https:\/\/www.cbdretail.ch\/wp-content\/uploads\/2024\/12\/Untitled.jpg","type":"image\/jpeg"}],"twitter_card":"summary_large_image","twitter_misc":{"Est. reading time":"4 minutes"},"schema":{"@context":"https:\/\/schema.org","@graph":[{"@type":"WebPage","@id":"https:\/\/www.cbdretail.ch\/vi\/","url":"https:\/\/www.cbdretail.ch\/vi\/","name":"b\u00e1n bu\u00f4n c\u1ea7n sa CBD Th\u1ee5y S\u0129 - CBD Retail","isPartOf":{"@id":"https:\/\/www.cbdretail.ch\/vi\/#website"},"primaryImageOfPage":{"@id":"https:\/\/www.cbdretail.ch\/vi\/#primaryimage"},"image":{"@id":"https:\/\/www.cbdretail.ch\/vi\/#primaryimage"},"thumbnailUrl":"https:\/\/www.cbdretail.ch\/wp-content\/uploads\/2024\/12\/Untitled-150x150.jpg","datePublished":"2017-10-13T15:14:29+00:00","dateModified":"2024-12-31T10:15:58+00:00","description":"B\u00e1n l\u1ebb CBD B\u00e1n bu\u00f4n CBD Th\u1ee5y S\u0129 C\u1ea7n sa. T\u1ea5t c\u1ea3 s\u1ea3n ph\u1ea9m c\u1ee7a ch\u00fang t\u00f4i \u0111\u1ec1u tu\u00e2n th\u1ee7 lu\u1eadt ph\u00e1p v\u00e0 ch\u1ee9a \u00edt h\u01a1n 1% THC.","breadcrumb":{"@id":"https:\/\/www.cbdretail.ch\/vi\/#breadcrumb"},"inLanguage":"vi-VN","potentialAction":[{"@type":"ReadAction","target":["https:\/\/www.cbdretail.ch\/vi\/"]}]},{"@type":"ImageObject","inLanguage":"vi-VN","@id":"https:\/\/www.cbdretail.ch\/vi\/#primaryimage","url":"https:\/\/www.cbdretail.ch\/wp-content\/uploads\/2024\/12\/Untitled-150x150.jpg","contentUrl":"https:\/\/www.cbdretail.ch\/wp-content\/uploads\/2024\/12\/Untitled-150x150.jpg"},{"@type":"BreadcrumbList","@id":"https:\/\/www.cbdretail.ch\/vi\/#breadcrumb","itemListElement":[{"@type":"ListItem","position":1,"name":"Home","item":"https:\/\/www.cbdretail.ch\/vi\/ban-le-cbd\/"},{"@type":"ListItem","position":2,"name":"B\u00e1n l\u1ebb CBD"}]},{"@type":"WebSite","@id":"https:\/\/www.cbdretail.ch\/vi\/#website","url":"https:\/\/www.cbdretail.ch\/vi\/","name":"CBD Retail","description":"Cannabis CBD for wholesalers and distributors","publisher":{"@id":"https:\/\/www.cbdretail.ch\/vi\/#organization"},"potentialAction":[{"@type":"SearchAction","target":{"@type":"EntryPoint","urlTemplate":"https:\/\/www.cbdretail.ch\/vi\/?s={search_term_string}"},"query-input":{"@type":"PropertyValueSpecification","valueRequired":true,"valueName":"search_term_string"}}],"inLanguage":"vi-VN"},{"@type":"Organization","@id":"https:\/\/www.cbdretail.ch\/vi\/#organization","name":"CBD Retail","url":"https:\/\/www.cbdretail.ch\/vi\/","logo":{"@type":"ImageObject","inLanguage":"vi-VN","@id":"https:\/\/www.cbdretail.ch\/vi\/#\/schema\/logo\/image\/","url":"https:\/\/www.cbdretail.ch\/wp-content\/uploads\/2024\/12\/cropped-WhatsApp-Image-2024-12-26-at-00.46.31.jpeg","contentUrl":"https:\/\/www.cbdretail.ch\/wp-content\/uploads\/2024\/12\/cropped-WhatsApp-Image-2024-12-26-at-00.46.31.jpeg","width":792,"height":719,"caption":"CBD Retail"},"image":{"@id":"https:\/\/www.cbdretail.ch\/vi\/#\/schema\/logo\/image\/"}}]}},"_links":{"self":[{"href":"https:\/\/www.cbdretail.ch\/vi\/wp-json\/wp\/v2\/pages\/2561","targetHints":{"allow":["GET"]}}],"collection":[{"href":"https:\/\/www.cbdretail.ch\/vi\/wp-json\/wp\/v2\/pages"}],"about":[{"href":"https:\/\/www.cbdretail.ch\/vi\/wp-json\/wp\/v2\/types\/page"}],"author":[{"embeddable":true,"href":"https:\/\/www.cbdretail.ch\/vi\/wp-json\/wp\/v2\/users\/1"}],"replies":[{"embeddable":true,"href":"https:\/\/www.cbdretail.ch\/vi\/wp-json\/wp\/v2\/comments?post=2561"}],"version-history":[{"count":1,"href":"https:\/\/www.cbdretail.ch\/vi\/wp-json\/wp\/v2\/pages\/2561\/revisions"}],"predecessor-version":[{"id":2703,"href":"https:\/\/www.cbdretail.ch\/vi\/wp-json\/wp\/v2\/pages\/2561\/revisions\/2703"}],"wp:attachment":[{"href":"https:\/\/www.cbdretail.ch\/vi\/wp-json\/wp\/v2\/media?parent=2561"}],"wp:term":[{"taxonomy":"post_tag","embeddable":true,"href":"https:\/\/www.cbdretail.ch\/vi\/wp-json\/wp\/v2\/tags?post=2561"}],"curies":[{"name":"wp","href":"https:\/\/api.w.org\/{rel}","templated":true}]}}