{"id":2735,"date":"2017-10-13T15:09:22","date_gmt":"2017-10-13T15:09:22","guid":{"rendered":"https:\/\/www.cbdretail.ch\/toptanci-cbd\/"},"modified":"2017-10-13T15:09:22","modified_gmt":"2017-10-13T15:09:22","slug":"toptanci-cbd","status":"publish","type":"page","link":"https:\/\/www.cbdretail.ch\/tr\/toptanci-cbd\/","title":{"rendered":"Toptanc\u0131 CBD"},"content":{"rendered":"<p><strong><span id=\"result_box\" class=\"\" lang=\"en\">Cenevre, \u0130svi\u00e7re&#8217;de Toptan CBD Tedarik\u00e7isi &#8211; Yasal Kenevir Sat\u0131\u015f\u0131<\/span><\/strong><\/p>\n<p><img loading=\"lazy\" decoding=\"async\" class=\"alignleft wp-image-294 size-thumbnail\" src=\"https:\/\/www.cbdretail.ch\/wp-content\/uploads\/2024\/12\/Untitled2-150x150.jpg\" alt=\"\" width=\"150\" height=\"150\" srcset=\"https:\/\/www.cbdretail.ch\/wp-content\/uploads\/2024\/12\/Untitled2-150x150.jpg 150w, https:\/\/www.cbdretail.ch\/wp-content\/uploads\/2024\/12\/Untitled2-300x300.jpg 300w, https:\/\/www.cbdretail.ch\/wp-content\/uploads\/2024\/12\/Untitled2-768x768.jpg 768w, https:\/\/www.cbdretail.ch\/wp-content\/uploads\/2024\/12\/Untitled2.jpg 1024w\" sizes=\"auto, (max-width: 150px) 100vw, 150px\" \/>CBD Retail, \u0130svi\u00e7re&#8217;de yasal CBD kenevirinin g\u00fcvenilir bir tedarik\u00e7isidir ve yetkili profesyonellere toptan \u00fcr\u00fcnler sunmaktad\u0131r. \u0130svi\u00e7re&#8217;de kimyasal g\u00fcbre veya pestisit kullan\u0131lmadan seralarda yeti\u015ftirilen, en y\u00fcksek kaliteyi ve \u0130svi\u00e7re d\u00fczenlemelerine uygunlu\u011fu sa\u011flayan \u00e7ok \u00e7e\u015fitli birinci s\u0131n\u0131f CBD kenevir t\u00fcrleri sunuyoruz. <\/p>\n<p><strong>\u0130svi\u00e7re&#8217;de Toptan CBD i\u00e7in Neden CBD Perakendecili\u011fini Se\u00e7melisiniz?<\/strong><\/p>\n<p>&#8211; Yasal ve Uyumlu: \u00dcr\u00fcnlerimiz \u0130svi\u00e7re&#8217;de sat\u0131\u015f i\u00e7in tamamen yasald\u0131r ve yaln\u0131zca yetkili profesyoneller i\u00e7in tasarlanm\u0131\u015ft\u0131r. T\u00fcm \u00fcr\u00fcnlerimizin en kat\u0131 d\u00fczenleyici standartlar\u0131 kar\u015f\u0131lad\u0131\u011f\u0131ndan emin oluruz. &#8211; S\u00fcrd\u00fcr\u00fclebilir ve Organik: CBD kenevirimiz, kimyasal g\u00fcbre veya b\u00f6cek ilac\u0131 kullan\u0131lmadan \u00e7evre dostu y\u00f6ntemler kullan\u0131larak yeti\u015ftirilmektedir. Hem etkili hem de \u00e7evreye duyarl\u0131 \u00fcr\u00fcnler sunmaktan gurur duyuyoruz. &#8211; Geni\u015f Se\u00e7enekler: Toptanc\u0131lar ve distrib\u00fct\u00f6rler i\u00e7in \u00e7e\u015fitli CBD kenevir \u00e7e\u015fitleri sunarak size i\u015fletmeniz i\u00e7in en iyi \u00fcr\u00fcnleri se\u00e7me esnekli\u011fi sa\u011fl\u0131yoruz. &#8211; H\u0131zl\u0131 Teslimat: \u0130svi\u00e7re genelinde verimli ve g\u00fcvenilir teslimat sa\u011flayarak sipari\u015flerinizi derhal alman\u0131z\u0131 sa\u011fl\u0131yoruz. <\/p>\n<p><strong>\u0130svi\u00e7re&#8217;de Toptan CBD Nas\u0131l Sat\u0131n Al\u0131n\u0131r?<\/strong><\/p>\n<p>\u0130svi\u00e7re&#8217;de yetkili bir profesyonelseniz, CBD Retail&#8217;den yasal CBD kenevirini kolayca sat\u0131n alabilirsiniz. \u00dcr\u00fcnlerimiz hakk\u0131nda daha fazla bilgi edinmek, toplu sipari\u015f vermek ve b\u00fcy\u00fcyen bayi ve distrib\u00fct\u00f6r a\u011f\u0131m\u0131z\u0131n bir par\u00e7as\u0131 olmak i\u00e7in bug\u00fcn bize ula\u015f\u0131n. &#8212; <\/p>\n<p><strong>Bug\u00fcn Bize Ula\u015f\u0131n<\/strong><\/p>\n<p>Toptan sat\u0131\u015f tekliflerimiz, \u00fcr\u00fcn detaylar\u0131m\u0131z hakk\u0131nda daha fazla bilgi almak veya sipari\u015f vermek i\u00e7in l\u00fctfen bizimle ileti\u015fime ge\u00e7in. \u0130\u015fletmenizi y\u00fcksek kaliteli CBD \u00fcr\u00fcnleriyle desteklemek i\u00e7in buraday\u0131z. &#8212; <\/p>\n<p>&nbsp;<\/p>\n<p>&nbsp;<\/p>\n","protected":false},"excerpt":{"rendered":"<p>Cenevre, \u0130svi\u00e7re&#8217;de Toptan CBD Tedarik\u00e7isi &#8211; Yasal Kenevir Sat\u0131\u015f\u0131 CBD Retail, \u0130svi\u00e7re&#8217;de yasal CBD kenevirinin g\u00fcvenilir bir tedarik\u00e7isidir ve yetkili profesyonellere toptan \u00fcr\u00fcnler sunmaktad\u0131r. \u0130svi\u00e7re&#8217;de kimyasal g\u00fcbre veya pestisit kullan\u0131lmadan seralarda yeti\u015ftirilen, en y\u00fcksek kaliteyi ve \u0130svi\u00e7re d\u00fczenlemelerine uygunlu\u011fu sa\u011flayan \u00e7ok \u00e7e\u015fitli birinci s\u0131n\u0131f CBD kenevir t\u00fcrleri sunuyoruz. \u0130svi\u00e7re&#8217;de Toptan CBD i\u00e7in Neden CBD Perakendecili\u011fini&#8230;<\/p>\n<p class=\"more-link\"><a href=\"https:\/\/www.cbdretail.ch\/tr\/toptanci-cbd\/\"><span>Read More<\/span><i>&#43;<\/i><\/a><\/p>\n","protected":false},"author":1,"featured_media":0,"parent":0,"menu_order":0,"comment_status":"closed","ping_status":"open","template":"","meta":{"footnotes":""},"tags":[254,259,263,258,266,255,256,262,264,265,267,261,257,260],"class_list":["post-2735","page","type-page","status-publish","hentry","tag-cbd-toptan-isvicre","tag-cbd-toptan-satis-ch","tag-cbd-toptancisi","tag-evetica-tr","tag-isvicre-cbd","tag-isvicre-cbd-toptan-satisi","tag-isvicre-cbd-toptan-satisi-tr","tag-isvicre-cbd-toptancisi","tag-isvicre-yasal-keneviri","tag-isvicre-yasal-keneviri-tr","tag-kenevir-toptancilari","tag-riff-saticisi","tag-toptan-cbd-isvicre","tag-toptan-isvicre"],"yoast_head":"<!-- This site is optimized with the Yoast SEO plugin v24.8.1 - https:\/\/yoast.com\/wordpress\/plugins\/seo\/ -->\n<title>Toptanc\u0131 CBD - CBD Retail<\/title>\n<meta name=\"description\" content=\"Cenevre&#039;de Toptanc\u0131 CBD \u0130svi\u00e7re, Esrar yasalSat\u0131\u015f sadece \u0130svi\u00e7relilere ve sadece yetkili profesyonellere a\u00e7\u0131kt\u0131r. \u0130svi\u00e7re kenevir tedarik\u00e7isi CBD. Esrar CBD yasal \u0130svi\u00e7re \u00fcretimi. G\u00fcbre veya kimyasal b\u00f6cek ilac\u0131 i\u00e7ermeyen sera. \u0130svi\u00e7re&#039;de toptan yasal sat\u0131\u015f sat\u0131n al\u0131n. Toptanc\u0131lar ve distrib\u00fct\u00f6rler i\u00e7in \u00e7e\u015fitli \u00e7e\u015fitler mevcuttur.\" \/>\n<meta name=\"robots\" content=\"index, follow, max-snippet:-1, max-image-preview:large, max-video-preview:-1\" \/>\n<link rel=\"canonical\" href=\"https:\/\/www.cbdretail.ch\/tr\/toptanci-cbd\/\" \/>\n<meta property=\"og:locale\" content=\"tr_TR\" \/>\n<meta property=\"og:type\" content=\"article\" \/>\n<meta property=\"og:title\" content=\"Toptanc\u0131 CBD - CBD Retail\" \/>\n<meta property=\"og:description\" content=\"Cenevre&#039;de Toptanc\u0131 CBD \u0130svi\u00e7re, Esrar yasalSat\u0131\u015f sadece \u0130svi\u00e7relilere ve sadece yetkili profesyonellere a\u00e7\u0131kt\u0131r. \u0130svi\u00e7re kenevir tedarik\u00e7isi CBD. Esrar CBD yasal \u0130svi\u00e7re \u00fcretimi. G\u00fcbre veya kimyasal b\u00f6cek ilac\u0131 i\u00e7ermeyen sera. \u0130svi\u00e7re&#039;de toptan yasal sat\u0131\u015f sat\u0131n al\u0131n. Toptanc\u0131lar ve distrib\u00fct\u00f6rler i\u00e7in \u00e7e\u015fitli \u00e7e\u015fitler mevcuttur.\" \/>\n<meta property=\"og:url\" content=\"https:\/\/www.cbdretail.ch\/tr\/toptanci-cbd\/\" \/>\n<meta property=\"og:site_name\" content=\"CBD Retail\" \/>\n<meta property=\"og:image\" content=\"https:\/\/www.cbdretail.ch\/wp-content\/uploads\/2024\/12\/Untitled2.jpg\" \/>\n\t<meta property=\"og:image:width\" content=\"1024\" \/>\n\t<meta property=\"og:image:height\" content=\"1024\" \/>\n\t<meta property=\"og:image:type\" content=\"image\/jpeg\" \/>\n<meta name=\"twitter:card\" content=\"summary_large_image\" \/>\n<meta name=\"twitter:label1\" content=\"Tahmini okuma s\u00fcresi\" \/>\n\t<meta name=\"twitter:data1\" content=\"2 dakika\" \/>\n<script type=\"application\/ld+json\" class=\"yoast-schema-graph\">{\"@context\":\"https:\/\/schema.org\",\"@graph\":[{\"@type\":\"WebPage\",\"@id\":\"https:\/\/www.cbdretail.ch\/tr\/toptanci-cbd\/\",\"url\":\"https:\/\/www.cbdretail.ch\/tr\/toptanci-cbd\/\",\"name\":\"Toptanc\u0131 CBD - CBD Retail\",\"isPartOf\":{\"@id\":\"https:\/\/www.cbdretail.ch\/tr\/#website\"},\"primaryImageOfPage\":{\"@id\":\"https:\/\/www.cbdretail.ch\/tr\/toptanci-cbd\/#primaryimage\"},\"image\":{\"@id\":\"https:\/\/www.cbdretail.ch\/tr\/toptanci-cbd\/#primaryimage\"},\"thumbnailUrl\":\"https:\/\/www.cbdretail.ch\/wp-content\/uploads\/2024\/12\/Untitled2-150x150.jpg\",\"datePublished\":\"2017-10-13T15:09:22+00:00\",\"description\":\"Cenevre'de Toptanc\u0131 CBD \u0130svi\u00e7re, Esrar yasalSat\u0131\u015f sadece \u0130svi\u00e7relilere ve sadece yetkili profesyonellere a\u00e7\u0131kt\u0131r. \u0130svi\u00e7re kenevir tedarik\u00e7isi CBD. Esrar CBD yasal \u0130svi\u00e7re \u00fcretimi. G\u00fcbre veya kimyasal b\u00f6cek ilac\u0131 i\u00e7ermeyen sera. \u0130svi\u00e7re'de toptan yasal sat\u0131\u015f sat\u0131n al\u0131n. Toptanc\u0131lar ve distrib\u00fct\u00f6rler i\u00e7in \u00e7e\u015fitli \u00e7e\u015fitler mevcuttur.\",\"breadcrumb\":{\"@id\":\"https:\/\/www.cbdretail.ch\/tr\/toptanci-cbd\/#breadcrumb\"},\"inLanguage\":\"tr\",\"potentialAction\":[{\"@type\":\"ReadAction\",\"target\":[\"https:\/\/www.cbdretail.ch\/tr\/toptanci-cbd\/\"]}]},{\"@type\":\"ImageObject\",\"inLanguage\":\"tr\",\"@id\":\"https:\/\/www.cbdretail.ch\/tr\/toptanci-cbd\/#primaryimage\",\"url\":\"https:\/\/www.cbdretail.ch\/wp-content\/uploads\/2024\/12\/Untitled2-150x150.jpg\",\"contentUrl\":\"https:\/\/www.cbdretail.ch\/wp-content\/uploads\/2024\/12\/Untitled2-150x150.jpg\"},{\"@type\":\"BreadcrumbList\",\"@id\":\"https:\/\/www.cbdretail.ch\/tr\/toptanci-cbd\/#breadcrumb\",\"itemListElement\":[{\"@type\":\"ListItem\",\"position\":1,\"name\":\"Home\",\"item\":\"https:\/\/www.cbdretail.ch\/tr\/mia-perakende\/\"},{\"@type\":\"ListItem\",\"position\":2,\"name\":\"Toptanc\u0131 CBD\"}]},{\"@type\":\"WebSite\",\"@id\":\"https:\/\/www.cbdretail.ch\/tr\/#website\",\"url\":\"https:\/\/www.cbdretail.ch\/tr\/\",\"name\":\"CBD Retail\",\"description\":\"Cannabis CBD for wholesalers and distributors\",\"publisher\":{\"@id\":\"https:\/\/www.cbdretail.ch\/tr\/#organization\"},\"potentialAction\":[{\"@type\":\"SearchAction\",\"target\":{\"@type\":\"EntryPoint\",\"urlTemplate\":\"https:\/\/www.cbdretail.ch\/tr\/?s={search_term_string}\"},\"query-input\":{\"@type\":\"PropertyValueSpecification\",\"valueRequired\":true,\"valueName\":\"search_term_string\"}}],\"inLanguage\":\"tr\"},{\"@type\":\"Organization\",\"@id\":\"https:\/\/www.cbdretail.ch\/tr\/#organization\",\"name\":\"CBD Retail\",\"url\":\"https:\/\/www.cbdretail.ch\/tr\/\",\"logo\":{\"@type\":\"ImageObject\",\"inLanguage\":\"tr\",\"@id\":\"https:\/\/www.cbdretail.ch\/tr\/#\/schema\/logo\/image\/\",\"url\":\"https:\/\/www.cbdretail.ch\/wp-content\/uploads\/2024\/12\/cropped-WhatsApp-Image-2024-12-26-at-00.46.31.jpeg\",\"contentUrl\":\"https:\/\/www.cbdretail.ch\/wp-content\/uploads\/2024\/12\/cropped-WhatsApp-Image-2024-12-26-at-00.46.31.jpeg\",\"width\":792,\"height\":719,\"caption\":\"CBD Retail\"},\"image\":{\"@id\":\"https:\/\/www.cbdretail.ch\/tr\/#\/schema\/logo\/image\/\"}}]}<\/script>\n<!-- \/ Yoast SEO plugin. -->","yoast_head_json":{"title":"Toptanc\u0131 CBD - CBD Retail","description":"Cenevre'de Toptanc\u0131 CBD \u0130svi\u00e7re, Esrar yasalSat\u0131\u015f sadece \u0130svi\u00e7relilere ve sadece yetkili profesyonellere a\u00e7\u0131kt\u0131r. \u0130svi\u00e7re kenevir tedarik\u00e7isi CBD. Esrar CBD yasal \u0130svi\u00e7re \u00fcretimi. G\u00fcbre veya kimyasal b\u00f6cek ilac\u0131 i\u00e7ermeyen sera. \u0130svi\u00e7re'de toptan yasal sat\u0131\u015f sat\u0131n al\u0131n. Toptanc\u0131lar ve distrib\u00fct\u00f6rler i\u00e7in \u00e7e\u015fitli \u00e7e\u015fitler mevcuttur.","robots":{"index":"index","follow":"follow","max-snippet":"max-snippet:-1","max-image-preview":"max-image-preview:large","max-video-preview":"max-video-preview:-1"},"canonical":"https:\/\/www.cbdretail.ch\/tr\/toptanci-cbd\/","og_locale":"tr_TR","og_type":"article","og_title":"Toptanc\u0131 CBD - CBD Retail","og_description":"Cenevre'de Toptanc\u0131 CBD \u0130svi\u00e7re, Esrar yasalSat\u0131\u015f sadece \u0130svi\u00e7relilere ve sadece yetkili profesyonellere a\u00e7\u0131kt\u0131r. \u0130svi\u00e7re kenevir tedarik\u00e7isi CBD. Esrar CBD yasal \u0130svi\u00e7re \u00fcretimi. G\u00fcbre veya kimyasal b\u00f6cek ilac\u0131 i\u00e7ermeyen sera. \u0130svi\u00e7re'de toptan yasal sat\u0131\u015f sat\u0131n al\u0131n. Toptanc\u0131lar ve distrib\u00fct\u00f6rler i\u00e7in \u00e7e\u015fitli \u00e7e\u015fitler mevcuttur.","og_url":"https:\/\/www.cbdretail.ch\/tr\/toptanci-cbd\/","og_site_name":"CBD Retail","og_image":[{"width":1024,"height":1024,"url":"https:\/\/www.cbdretail.ch\/wp-content\/uploads\/2024\/12\/Untitled2.jpg","type":"image\/jpeg"}],"twitter_card":"summary_large_image","twitter_misc":{"Tahmini okuma s\u00fcresi":"2 dakika"},"schema":{"@context":"https:\/\/schema.org","@graph":[{"@type":"WebPage","@id":"https:\/\/www.cbdretail.ch\/tr\/toptanci-cbd\/","url":"https:\/\/www.cbdretail.ch\/tr\/toptanci-cbd\/","name":"Toptanc\u0131 CBD - CBD Retail","isPartOf":{"@id":"https:\/\/www.cbdretail.ch\/tr\/#website"},"primaryImageOfPage":{"@id":"https:\/\/www.cbdretail.ch\/tr\/toptanci-cbd\/#primaryimage"},"image":{"@id":"https:\/\/www.cbdretail.ch\/tr\/toptanci-cbd\/#primaryimage"},"thumbnailUrl":"https:\/\/www.cbdretail.ch\/wp-content\/uploads\/2024\/12\/Untitled2-150x150.jpg","datePublished":"2017-10-13T15:09:22+00:00","description":"Cenevre'de Toptanc\u0131 CBD \u0130svi\u00e7re, Esrar yasalSat\u0131\u015f sadece \u0130svi\u00e7relilere ve sadece yetkili profesyonellere a\u00e7\u0131kt\u0131r. \u0130svi\u00e7re kenevir tedarik\u00e7isi CBD. Esrar CBD yasal \u0130svi\u00e7re \u00fcretimi. G\u00fcbre veya kimyasal b\u00f6cek ilac\u0131 i\u00e7ermeyen sera. \u0130svi\u00e7re'de toptan yasal sat\u0131\u015f sat\u0131n al\u0131n. Toptanc\u0131lar ve distrib\u00fct\u00f6rler i\u00e7in \u00e7e\u015fitli \u00e7e\u015fitler mevcuttur.","breadcrumb":{"@id":"https:\/\/www.cbdretail.ch\/tr\/toptanci-cbd\/#breadcrumb"},"inLanguage":"tr","potentialAction":[{"@type":"ReadAction","target":["https:\/\/www.cbdretail.ch\/tr\/toptanci-cbd\/"]}]},{"@type":"ImageObject","inLanguage":"tr","@id":"https:\/\/www.cbdretail.ch\/tr\/toptanci-cbd\/#primaryimage","url":"https:\/\/www.cbdretail.ch\/wp-content\/uploads\/2024\/12\/Untitled2-150x150.jpg","contentUrl":"https:\/\/www.cbdretail.ch\/wp-content\/uploads\/2024\/12\/Untitled2-150x150.jpg"},{"@type":"BreadcrumbList","@id":"https:\/\/www.cbdretail.ch\/tr\/toptanci-cbd\/#breadcrumb","itemListElement":[{"@type":"ListItem","position":1,"name":"Home","item":"https:\/\/www.cbdretail.ch\/tr\/mia-perakende\/"},{"@type":"ListItem","position":2,"name":"Toptanc\u0131 CBD"}]},{"@type":"WebSite","@id":"https:\/\/www.cbdretail.ch\/tr\/#website","url":"https:\/\/www.cbdretail.ch\/tr\/","name":"CBD Retail","description":"Cannabis CBD for wholesalers and distributors","publisher":{"@id":"https:\/\/www.cbdretail.ch\/tr\/#organization"},"potentialAction":[{"@type":"SearchAction","target":{"@type":"EntryPoint","urlTemplate":"https:\/\/www.cbdretail.ch\/tr\/?s={search_term_string}"},"query-input":{"@type":"PropertyValueSpecification","valueRequired":true,"valueName":"search_term_string"}}],"inLanguage":"tr"},{"@type":"Organization","@id":"https:\/\/www.cbdretail.ch\/tr\/#organization","name":"CBD Retail","url":"https:\/\/www.cbdretail.ch\/tr\/","logo":{"@type":"ImageObject","inLanguage":"tr","@id":"https:\/\/www.cbdretail.ch\/tr\/#\/schema\/logo\/image\/","url":"https:\/\/www.cbdretail.ch\/wp-content\/uploads\/2024\/12\/cropped-WhatsApp-Image-2024-12-26-at-00.46.31.jpeg","contentUrl":"https:\/\/www.cbdretail.ch\/wp-content\/uploads\/2024\/12\/cropped-WhatsApp-Image-2024-12-26-at-00.46.31.jpeg","width":792,"height":719,"caption":"CBD Retail"},"image":{"@id":"https:\/\/www.cbdretail.ch\/tr\/#\/schema\/logo\/image\/"}}]}},"_links":{"self":[{"href":"https:\/\/www.cbdretail.ch\/tr\/wp-json\/wp\/v2\/pages\/2735","targetHints":{"allow":["GET"]}}],"collection":[{"href":"https:\/\/www.cbdretail.ch\/tr\/wp-json\/wp\/v2\/pages"}],"about":[{"href":"https:\/\/www.cbdretail.ch\/tr\/wp-json\/wp\/v2\/types\/page"}],"author":[{"embeddable":true,"href":"https:\/\/www.cbdretail.ch\/tr\/wp-json\/wp\/v2\/users\/1"}],"replies":[{"embeddable":true,"href":"https:\/\/www.cbdretail.ch\/tr\/wp-json\/wp\/v2\/comments?post=2735"}],"version-history":[{"count":0,"href":"https:\/\/www.cbdretail.ch\/tr\/wp-json\/wp\/v2\/pages\/2735\/revisions"}],"wp:attachment":[{"href":"https:\/\/www.cbdretail.ch\/tr\/wp-json\/wp\/v2\/media?parent=2735"}],"wp:term":[{"taxonomy":"post_tag","embeddable":true,"href":"https:\/\/www.cbdretail.ch\/tr\/wp-json\/wp\/v2\/tags?post=2735"}],"curies":[{"name":"wp","href":"https:\/\/api.w.org\/{rel}","templated":true}]}}