{"id":2562,"date":"2017-10-13T15:14:29","date_gmt":"2017-10-13T15:14:29","guid":{"rendered":"https:\/\/www.cbdretail.ch\/mia-perakende\/"},"modified":"2017-10-13T15:14:29","modified_gmt":"2017-10-13T15:14:29","slug":"mia-perakende","status":"publish","type":"page","link":"https:\/\/www.cbdretail.ch\/tr\/","title":{"rendered":"M\u0130A Perakende"},"content":{"rendered":"<div class=\"col-md-5\">\n<h3>  M\u0130A Perakende<\/h3>\n<p><span id=\"result_box\" class=\"\" lang=\"en\"><img loading=\"lazy\" decoding=\"async\" class=\"alignleft wp-image-290 size-thumbnail\" src=\"https:\/\/www.cbdretail.ch\/wp-content\/uploads\/2024\/12\/Untitled-150x150.jpg\" alt=\"\" width=\"150\" height=\"150\" srcset=\"https:\/\/www.cbdretail.ch\/wp-content\/uploads\/2024\/12\/Untitled-150x150.jpg 150w, https:\/\/www.cbdretail.ch\/wp-content\/uploads\/2024\/12\/Untitled-300x300.jpg 300w, https:\/\/www.cbdretail.ch\/wp-content\/uploads\/2024\/12\/Untitled-768x768.jpg 768w, https:\/\/www.cbdretail.ch\/wp-content\/uploads\/2024\/12\/Untitled.jpg 1024w\" sizes=\"auto, (max-width: 150px) 100vw, 150px\" \/>Toptan \u0130svi\u00e7re CBD keneviri.  <span class=\"\">T\u00fcm \u00fcr\u00fcnlerimiz yasalara uygundur ve %1&#8217;den daha az THC i\u00e7erir.<\/span><\/span><\/p>\n<\/div>\n<div class=\"col-md-6 col-md-offset-1\"><span id=\"result_box\" class=\"\" lang=\"en\">Sat\u0131\u015f sadece \u0130svi\u00e7relilere ve sadece yetkili profesyonellere a\u00e7\u0131kt\u0131r. \u0130svi\u00e7re kenevir tedarik\u00e7isi CBD. CBD kenevir \u00fcretimi yasal \u0130svi\u00e7re. G\u00fcbre veya kimyasal b\u00f6cek ilac\u0131 i\u00e7ermeyen sera. \u0130svi\u00e7re&#8217;de toptan yasal sat\u0131\u015f sat\u0131n al\u0131n.      <span class=\"\">Toptanc\u0131lar ve distrib\u00fct\u00f6rler i\u00e7in \u00e7e\u015fitli \u00e7e\u015fitler mevcuttur.<br \/>\n<\/span><\/span><span class=\"\" lang=\"en\"><span class=\"\" lang=\"en\"><span title=\"Cbd \u00e0 base de cannabis biologique \u00fcr\u00fcnlerimizi ke\u015ffedin!  \">Organik kenevir bazl\u0131 cbd \u00fcr\u00fcnlerimizi ke\u015ffedin!<\/span><\/span><\/span><\/div>\n<div><\/div>\n<div><\/div>\n<div class=\"col-md-6 col-md-offset-1\">\n<p>&nbsp;<\/p>\n<p>\u00dcr\u00fcnlerimiz<\/p>\n<\/div>\n<div>\n<p><span title=\"Notre cannabis cbd est garantie 100% Swiss Made avec un taux de THC inf\u00e9rieur \u00e0 1% and un taux de CBD de 14% \u00e0 18% selon r\u00e9colte avec certification par laboratoire agr\u00e9\u00e9.\"><img loading=\"lazy\" decoding=\"async\" class=\"alignleft wp-image-284 size-thumbnail\" src=\"https:\/\/www.cbdretail.ch\/wp-content\/uploads\/2024\/12\/WhatsApp-Image-2024-12-26-at-00.46.31-150x150.jpeg\" alt=\"\" width=\"150\" height=\"150\" srcset=\"https:\/\/www.cbdretail.ch\/wp-content\/uploads\/2024\/12\/WhatsApp-Image-2024-12-26-at-00.46.31-150x150.jpeg 150w, https:\/\/www.cbdretail.ch\/wp-content\/uploads\/2024\/12\/WhatsApp-Image-2024-12-26-at-00.46.31-300x300.jpeg 300w, https:\/\/www.cbdretail.ch\/wp-content\/uploads\/2024\/12\/WhatsApp-Image-2024-12-26-at-00.46.31-768x768.jpeg 768w, https:\/\/www.cbdretail.ch\/wp-content\/uploads\/2024\/12\/WhatsApp-Image-2024-12-26-at-00.46.31.jpeg 1024w\" sizes=\"auto, (max-width: 150px) 100vw, 150px\" \/>Kenevir cbd&#8217;miz, %1&#8217;den daha az THC i\u00e7eri\u011fi ve onayl\u0131 laboratuvar taraf\u0131ndan sertifikaland\u0131r\u0131lm\u0131\u015f hasata ba\u011fl\u0131 olarak %14 ila %18 CBD oran\u0131 ile %100 \u0130svi\u00e7re Yap\u0131m\u0131 garantilidir. <\/span><span title=\"\u00dcr\u00fcnlerimizde maksimum \u015feffafl\u0131k istiyoruz. \">\u00dcr\u00fcnlerimizde maksimum \u015feffafl\u0131k istiyoruz.<br \/>\n<\/span><span title=\"Sseeland topraklar\u0131nda Suisses \u015fanviyerlerinin en saf gelene\u011finde yeti\u015ftirilen kenevirimiz organiktir ve \u00e7evreye sayg\u0131l\u0131 bir tar\u0131m\u0131n \u00fcr\u00fcn\u00fcd\u00fcr. \">Sseeland topraklar\u0131nda en saf \u0130svi\u00e7re \u015fanterleri gelene\u011finde yeti\u015ftirilen kenevirimiz organiktir ve \u00e7evre dostu bir tar\u0131mdan gelmektedir.<br \/>\n<\/span><span title=\"Kenevir cbd'nin tasarrufundan ve faydalar\u0131ndan faydalan\u0131n! \">\u0130stenmeyen etkiler olmadan kenevir cbd&#8217;nin lezzetinin ve faydalar\u0131n\u0131n tad\u0131n\u0131 \u00e7\u0131kar\u0131n!<\/span> <span title=\"Notre mati\u00e8re premi\u00e8re \"><strong>Bizim hammaddemiz<\/strong><br \/>\n<\/span><span title=\"Chez Le Riff olarak, size CBD bak\u0131m\u0131ndan zengin, y\u00fcksek kaliteli bir bitki sunmak i\u00e7in Suisse'nin geleneksel \u015fanvre k\u00fclt\u00fcr\u00fcn\u00fc s\u00fcrd\u00fcren yerel \u00fcreticilerle \u00f6zel olarak \u00e7al\u0131\u015f\u0131yoruz. \">CBD Retail&#8217;de, size CBD a\u00e7\u0131s\u0131ndan zengin y\u00fcksek kaliteli bir bitki sa\u011flamak i\u00e7in yaln\u0131zca \u0130svi\u00e7re&#8217;nin kenevir yeti\u015ftirme gelene\u011fini s\u00fcrd\u00fcren yerel \u00fcreticilerle \u00e7al\u0131\u015f\u0131yoruz.<\/span> <span title=\"Notre charte \"><strong>Bizim t\u00fcz\u00fc\u011f\u00fcm\u00fcz<\/strong><br \/>\n<\/span><span title=\"Qualit\u00e9 suisse normlar\u0131na uyulmas\u0131n\u0131 sa\u011flamak amac\u0131yla \u00fcretim ve imalat s\u00fcre\u00e7leri boyunca testler ger\u00e7ekle\u015ftirilir. \">\u0130svi\u00e7re Kalite standartlar\u0131na uygunlu\u011fu sa\u011flamak i\u00e7in \u00fcretim ve imalat s\u00fcre\u00e7leri boyunca testler ger\u00e7ekle\u015ftirilir.<\/span><\/p>\n<h3><img loading=\"lazy\" decoding=\"async\" class=\" wp-image-187 alignleft zoooom\" src=\"https:\/\/www.cbdretail.ch\/wp-content\/uploads\/2017\/10\/cbd-cannabis-vente-en-gros-grossistes-professionnelle-distributeurs-fournisseurs-importateurs-exportateurs-retailers-retail-hemp-stores-THC-02-1-225x300.jpg\" alt=\"\" width=\"182\" height=\"243\" srcset=\"https:\/\/www.cbdretail.ch\/wp-content\/uploads\/2017\/10\/cbd-cannabis-vente-en-gros-grossistes-professionnelle-distributeurs-fournisseurs-importateurs-exportateurs-retailers-retail-hemp-stores-THC-02-1-225x300.jpg 225w, https:\/\/www.cbdretail.ch\/wp-content\/uploads\/2017\/10\/cbd-cannabis-vente-en-gros-grossistes-professionnelle-distributeurs-fournisseurs-importateurs-exportateurs-retailers-retail-hemp-stores-THC-02-1-768x1024.jpg 768w, https:\/\/www.cbdretail.ch\/wp-content\/uploads\/2017\/10\/cbd-cannabis-vente-en-gros-grossistes-professionnelle-distributeurs-fournisseurs-importateurs-exportateurs-retailers-retail-hemp-stores-THC-02-1.jpg 1425w\" sizes=\"auto, (max-width: 182px) 100vw, 182px\" \/><\/h3>\n<p><span title=\"Biyolojik ve \u00c7evresel Tar\u0131m  \"><strong>Organik Tar\u0131m ve \u00c7evre<\/strong><br \/>\n<\/span><\/p>\n<p><span title=\"Notre cannabis cbd est 100% organique, cultiv\u00e9e sans pesticides ni engrais chimiques.\">Kenevir cbd&#8217;miz %100 organiktir, b\u00f6cek ilac\u0131 veya kimyasal g\u00fcbre kullan\u0131lmadan yeti\u015ftirilir. <\/span><span title=\"Karbon emisyonumuzu azaltmak ve bitkilerin her y\u0131l en iyi \u015fekilde b\u00fcy\u00fcmesini sa\u011flamak i\u00e7in serre alt\u0131nda bir k\u00fclt\u00fcr\u00fc tercih ettik. \">Karbon ayak izimizi azaltmak ve y\u0131l boyunca optimum bitki b\u00fcy\u00fcmesini sa\u011flamak i\u00e7in sera yeti\u015ftiricili\u011fini tercih ettik.<br \/>\n<\/span><span title=\"Tutkulu ziraat\u00e7\u0131lar\u0131m\u0131z, \u00e7evreye sayg\u0131l\u0131 bir \u015fekilde en iyi keneviri \u00fcretmek i\u00e7in \u00e7al\u0131\u015fmaktad\u0131r. \">Tutkulu \u00e7ift\u00e7ilerimiz \u00e7evreye sayg\u0131 g\u00f6sterirken en iyi keneviri \u00fcretmek i\u00e7in \u00e7al\u0131\u015fmaktad\u0131r.<\/span> <span title=\"Ortaklar\u0131m\u0131z \"><strong>Ortaklar\u0131m\u0131z<\/strong><br \/>\n<\/span><span title=\"Ambalajdan mamul \u00fcr\u00fcnlere kadar, \u00fcr\u00fcnlerimizin g\u00fcvenilirli\u011fini garanti etmek ve Suisse'nin bize sunabilece\u011fi en iyi \u00fcr\u00fcnleri sunmak i\u00e7in yerel i\u015fletmelerle i\u015fbirli\u011fi yap\u0131yoruz!\">Paketlemeden t\u00fcrev \u00fcr\u00fcnlere kadar, \u00fcr\u00fcnlerimizin izlenebilirli\u011fini sa\u011flamak ve size \u0130svi\u00e7re&#8217;nin sunabilece\u011fi en iyi \u00fcr\u00fcnleri sunmak i\u00e7in yerel \u015firketlerle i\u015fbirli\u011fi yap\u0131yoruz!<\/span><\/p>\n<\/div>\n","protected":false},"excerpt":{"rendered":"<p>M\u0130A Perakende Toptan \u0130svi\u00e7re CBD keneviri. T\u00fcm \u00fcr\u00fcnlerimiz yasalara uygundur ve %1&#8217;den daha az THC i\u00e7erir. Sat\u0131\u015f sadece \u0130svi\u00e7relilere ve sadece yetkili profesyonellere a\u00e7\u0131kt\u0131r. \u0130svi\u00e7re kenevir tedarik\u00e7isi CBD. CBD kenevir \u00fcretimi yasal \u0130svi\u00e7re. G\u00fcbre veya kimyasal b\u00f6cek ilac\u0131 i\u00e7ermeyen sera. \u0130svi\u00e7re&#8217;de toptan yasal sat\u0131\u015f sat\u0131n al\u0131n. Toptanc\u0131lar ve distrib\u00fct\u00f6rler i\u00e7in \u00e7e\u015fitli \u00e7e\u015fitler mevcuttur. Organik kenevir&#8230;<\/p>\n<p class=\"more-link\"><a href=\"https:\/\/www.cbdretail.ch\/tr\/\"><span>Read More<\/span><i>&#43;<\/i><\/a><\/p>\n","protected":false},"author":1,"featured_media":0,"parent":0,"menu_order":0,"comment_status":"closed","ping_status":"closed","template":"","meta":{"footnotes":""},"tags":[254,259,263,258,266,255,256,262,264,265,267,261,257,260],"class_list":["post-2562","page","type-page","status-publish","hentry","tag-cbd-toptan-isvicre","tag-cbd-toptan-satis-ch","tag-cbd-toptancisi","tag-evetica-tr","tag-isvicre-cbd","tag-isvicre-cbd-toptan-satisi","tag-isvicre-cbd-toptan-satisi-tr","tag-isvicre-cbd-toptancisi","tag-isvicre-yasal-keneviri","tag-isvicre-yasal-keneviri-tr","tag-kenevir-toptancilari","tag-riff-saticisi","tag-toptan-cbd-isvicre","tag-toptan-isvicre"],"yoast_head":"<!-- This site is optimized with the Yoast SEO plugin v24.8.1 - https:\/\/yoast.com\/wordpress\/plugins\/seo\/ -->\n<title>Toptan \u0130svi\u00e7re CBD Keneviri - CBD Retail<\/title>\n<meta name=\"description\" content=\"Perakende CBD Toptan Sat\u0131\u015f \u0130svi\u00e7re CBD Keneviri. T\u00fcm \u00fcr\u00fcnlerimiz yasalara uygundur ve %1&#039;den az THC i\u00e7erir.\" \/>\n<meta name=\"robots\" content=\"index, follow, max-snippet:-1, max-image-preview:large, max-video-preview:-1\" \/>\n<link rel=\"canonical\" href=\"https:\/\/www.cbdretail.ch\/tr\/\" \/>\n<meta property=\"og:locale\" content=\"tr_TR\" \/>\n<meta property=\"og:type\" content=\"article\" \/>\n<meta property=\"og:title\" content=\"Toptan \u0130svi\u00e7re CBD Keneviri - CBD Retail\" \/>\n<meta property=\"og:description\" content=\"Perakende CBD Toptan Sat\u0131\u015f \u0130svi\u00e7re CBD Keneviri. T\u00fcm \u00fcr\u00fcnlerimiz yasalara uygundur ve %1&#039;den az THC i\u00e7erir.\" \/>\n<meta property=\"og:url\" content=\"https:\/\/www.cbdretail.ch\/tr\/\" \/>\n<meta property=\"og:site_name\" content=\"CBD Retail\" \/>\n<meta property=\"og:image\" content=\"https:\/\/www.cbdretail.ch\/wp-content\/uploads\/2024\/12\/Untitled.jpg\" \/>\n\t<meta property=\"og:image:width\" content=\"1024\" \/>\n\t<meta property=\"og:image:height\" content=\"1024\" \/>\n\t<meta property=\"og:image:type\" content=\"image\/jpeg\" \/>\n<meta name=\"twitter:card\" content=\"summary_large_image\" \/>\n<meta name=\"twitter:label1\" content=\"Tahmini okuma s\u00fcresi\" \/>\n\t<meta name=\"twitter:data1\" content=\"2 dakika\" \/>\n<script type=\"application\/ld+json\" class=\"yoast-schema-graph\">{\"@context\":\"https:\/\/schema.org\",\"@graph\":[{\"@type\":\"WebPage\",\"@id\":\"https:\/\/www.cbdretail.ch\/tr\/\",\"url\":\"https:\/\/www.cbdretail.ch\/tr\/\",\"name\":\"Toptan \u0130svi\u00e7re CBD Keneviri - CBD Retail\",\"isPartOf\":{\"@id\":\"https:\/\/www.cbdretail.ch\/tr\/#website\"},\"primaryImageOfPage\":{\"@id\":\"https:\/\/www.cbdretail.ch\/tr\/#primaryimage\"},\"image\":{\"@id\":\"https:\/\/www.cbdretail.ch\/tr\/#primaryimage\"},\"thumbnailUrl\":\"https:\/\/www.cbdretail.ch\/wp-content\/uploads\/2024\/12\/Untitled-150x150.jpg\",\"datePublished\":\"2017-10-13T15:14:29+00:00\",\"description\":\"Perakende CBD Toptan Sat\u0131\u015f \u0130svi\u00e7re CBD Keneviri. T\u00fcm \u00fcr\u00fcnlerimiz yasalara uygundur ve %1'den az THC i\u00e7erir.\",\"breadcrumb\":{\"@id\":\"https:\/\/www.cbdretail.ch\/tr\/#breadcrumb\"},\"inLanguage\":\"tr\",\"potentialAction\":[{\"@type\":\"ReadAction\",\"target\":[\"https:\/\/www.cbdretail.ch\/tr\/\"]}]},{\"@type\":\"ImageObject\",\"inLanguage\":\"tr\",\"@id\":\"https:\/\/www.cbdretail.ch\/tr\/#primaryimage\",\"url\":\"https:\/\/www.cbdretail.ch\/wp-content\/uploads\/2024\/12\/Untitled-150x150.jpg\",\"contentUrl\":\"https:\/\/www.cbdretail.ch\/wp-content\/uploads\/2024\/12\/Untitled-150x150.jpg\"},{\"@type\":\"BreadcrumbList\",\"@id\":\"https:\/\/www.cbdretail.ch\/tr\/#breadcrumb\",\"itemListElement\":[{\"@type\":\"ListItem\",\"position\":1,\"name\":\"Home\",\"item\":\"https:\/\/www.cbdretail.ch\/tr\/mia-perakende\/\"},{\"@type\":\"ListItem\",\"position\":2,\"name\":\"M\u0130A Perakende\"}]},{\"@type\":\"WebSite\",\"@id\":\"https:\/\/www.cbdretail.ch\/tr\/#website\",\"url\":\"https:\/\/www.cbdretail.ch\/tr\/\",\"name\":\"CBD Retail\",\"description\":\"Cannabis CBD for wholesalers and distributors\",\"publisher\":{\"@id\":\"https:\/\/www.cbdretail.ch\/tr\/#organization\"},\"potentialAction\":[{\"@type\":\"SearchAction\",\"target\":{\"@type\":\"EntryPoint\",\"urlTemplate\":\"https:\/\/www.cbdretail.ch\/tr\/?s={search_term_string}\"},\"query-input\":{\"@type\":\"PropertyValueSpecification\",\"valueRequired\":true,\"valueName\":\"search_term_string\"}}],\"inLanguage\":\"tr\"},{\"@type\":\"Organization\",\"@id\":\"https:\/\/www.cbdretail.ch\/tr\/#organization\",\"name\":\"CBD Retail\",\"url\":\"https:\/\/www.cbdretail.ch\/tr\/\",\"logo\":{\"@type\":\"ImageObject\",\"inLanguage\":\"tr\",\"@id\":\"https:\/\/www.cbdretail.ch\/tr\/#\/schema\/logo\/image\/\",\"url\":\"https:\/\/www.cbdretail.ch\/wp-content\/uploads\/2024\/12\/cropped-WhatsApp-Image-2024-12-26-at-00.46.31.jpeg\",\"contentUrl\":\"https:\/\/www.cbdretail.ch\/wp-content\/uploads\/2024\/12\/cropped-WhatsApp-Image-2024-12-26-at-00.46.31.jpeg\",\"width\":792,\"height\":719,\"caption\":\"CBD Retail\"},\"image\":{\"@id\":\"https:\/\/www.cbdretail.ch\/tr\/#\/schema\/logo\/image\/\"}}]}<\/script>\n<!-- \/ Yoast SEO plugin. -->","yoast_head_json":{"title":"Toptan \u0130svi\u00e7re CBD Keneviri - CBD Retail","description":"Perakende CBD Toptan Sat\u0131\u015f \u0130svi\u00e7re CBD Keneviri. T\u00fcm \u00fcr\u00fcnlerimiz yasalara uygundur ve %1'den az THC i\u00e7erir.","robots":{"index":"index","follow":"follow","max-snippet":"max-snippet:-1","max-image-preview":"max-image-preview:large","max-video-preview":"max-video-preview:-1"},"canonical":"https:\/\/www.cbdretail.ch\/tr\/","og_locale":"tr_TR","og_type":"article","og_title":"Toptan \u0130svi\u00e7re CBD Keneviri - CBD Retail","og_description":"Perakende CBD Toptan Sat\u0131\u015f \u0130svi\u00e7re CBD Keneviri. T\u00fcm \u00fcr\u00fcnlerimiz yasalara uygundur ve %1'den az THC i\u00e7erir.","og_url":"https:\/\/www.cbdretail.ch\/tr\/","og_site_name":"CBD Retail","og_image":[{"width":1024,"height":1024,"url":"https:\/\/www.cbdretail.ch\/wp-content\/uploads\/2024\/12\/Untitled.jpg","type":"image\/jpeg"}],"twitter_card":"summary_large_image","twitter_misc":{"Tahmini okuma s\u00fcresi":"2 dakika"},"schema":{"@context":"https:\/\/schema.org","@graph":[{"@type":"WebPage","@id":"https:\/\/www.cbdretail.ch\/tr\/","url":"https:\/\/www.cbdretail.ch\/tr\/","name":"Toptan \u0130svi\u00e7re CBD Keneviri - CBD Retail","isPartOf":{"@id":"https:\/\/www.cbdretail.ch\/tr\/#website"},"primaryImageOfPage":{"@id":"https:\/\/www.cbdretail.ch\/tr\/#primaryimage"},"image":{"@id":"https:\/\/www.cbdretail.ch\/tr\/#primaryimage"},"thumbnailUrl":"https:\/\/www.cbdretail.ch\/wp-content\/uploads\/2024\/12\/Untitled-150x150.jpg","datePublished":"2017-10-13T15:14:29+00:00","description":"Perakende CBD Toptan Sat\u0131\u015f \u0130svi\u00e7re CBD Keneviri. T\u00fcm \u00fcr\u00fcnlerimiz yasalara uygundur ve %1'den az THC i\u00e7erir.","breadcrumb":{"@id":"https:\/\/www.cbdretail.ch\/tr\/#breadcrumb"},"inLanguage":"tr","potentialAction":[{"@type":"ReadAction","target":["https:\/\/www.cbdretail.ch\/tr\/"]}]},{"@type":"ImageObject","inLanguage":"tr","@id":"https:\/\/www.cbdretail.ch\/tr\/#primaryimage","url":"https:\/\/www.cbdretail.ch\/wp-content\/uploads\/2024\/12\/Untitled-150x150.jpg","contentUrl":"https:\/\/www.cbdretail.ch\/wp-content\/uploads\/2024\/12\/Untitled-150x150.jpg"},{"@type":"BreadcrumbList","@id":"https:\/\/www.cbdretail.ch\/tr\/#breadcrumb","itemListElement":[{"@type":"ListItem","position":1,"name":"Home","item":"https:\/\/www.cbdretail.ch\/tr\/mia-perakende\/"},{"@type":"ListItem","position":2,"name":"M\u0130A Perakende"}]},{"@type":"WebSite","@id":"https:\/\/www.cbdretail.ch\/tr\/#website","url":"https:\/\/www.cbdretail.ch\/tr\/","name":"CBD Retail","description":"Cannabis CBD for wholesalers and distributors","publisher":{"@id":"https:\/\/www.cbdretail.ch\/tr\/#organization"},"potentialAction":[{"@type":"SearchAction","target":{"@type":"EntryPoint","urlTemplate":"https:\/\/www.cbdretail.ch\/tr\/?s={search_term_string}"},"query-input":{"@type":"PropertyValueSpecification","valueRequired":true,"valueName":"search_term_string"}}],"inLanguage":"tr"},{"@type":"Organization","@id":"https:\/\/www.cbdretail.ch\/tr\/#organization","name":"CBD Retail","url":"https:\/\/www.cbdretail.ch\/tr\/","logo":{"@type":"ImageObject","inLanguage":"tr","@id":"https:\/\/www.cbdretail.ch\/tr\/#\/schema\/logo\/image\/","url":"https:\/\/www.cbdretail.ch\/wp-content\/uploads\/2024\/12\/cropped-WhatsApp-Image-2024-12-26-at-00.46.31.jpeg","contentUrl":"https:\/\/www.cbdretail.ch\/wp-content\/uploads\/2024\/12\/cropped-WhatsApp-Image-2024-12-26-at-00.46.31.jpeg","width":792,"height":719,"caption":"CBD Retail"},"image":{"@id":"https:\/\/www.cbdretail.ch\/tr\/#\/schema\/logo\/image\/"}}]}},"_links":{"self":[{"href":"https:\/\/www.cbdretail.ch\/tr\/wp-json\/wp\/v2\/pages\/2562","targetHints":{"allow":["GET"]}}],"collection":[{"href":"https:\/\/www.cbdretail.ch\/tr\/wp-json\/wp\/v2\/pages"}],"about":[{"href":"https:\/\/www.cbdretail.ch\/tr\/wp-json\/wp\/v2\/types\/page"}],"author":[{"embeddable":true,"href":"https:\/\/www.cbdretail.ch\/tr\/wp-json\/wp\/v2\/users\/1"}],"replies":[{"embeddable":true,"href":"https:\/\/www.cbdretail.ch\/tr\/wp-json\/wp\/v2\/comments?post=2562"}],"version-history":[{"count":0,"href":"https:\/\/www.cbdretail.ch\/tr\/wp-json\/wp\/v2\/pages\/2562\/revisions"}],"wp:attachment":[{"href":"https:\/\/www.cbdretail.ch\/tr\/wp-json\/wp\/v2\/media?parent=2562"}],"wp:term":[{"taxonomy":"post_tag","embeddable":true,"href":"https:\/\/www.cbdretail.ch\/tr\/wp-json\/wp\/v2\/tags?post=2562"}],"curies":[{"name":"wp","href":"https:\/\/api.w.org\/{rel}","templated":true}]}}