{"id":2557,"date":"2017-10-13T15:14:29","date_gmt":"2017-10-13T15:14:29","guid":{"rendered":"https:\/\/www.cbdretail.ch\/%e0%b8%81%e0%b8%b2%e0%b8%a3%e0%b8%84%e0%b9%89%e0%b8%b2%e0%b8%9b%e0%b8%a5%e0%b8%b5%e0%b8%81-cbd\/"},"modified":"2024-12-31T10:12:41","modified_gmt":"2024-12-31T10:12:41","slug":"%e0%b8%81%e0%b8%b2%e0%b8%a3%e0%b8%84%e0%b9%89%e0%b8%b2%e0%b8%9b%e0%b8%a5%e0%b8%b5%e0%b8%81-cbd","status":"publish","type":"page","link":"https:\/\/www.cbdretail.ch\/th\/","title":{"rendered":"\u0e01\u0e32\u0e23\u0e04\u0e49\u0e32\u0e1b\u0e25\u0e35\u0e01 CBD"},"content":{"rendered":"<div class=\"col-md-5\">\n<h3>  \u0e01\u0e32\u0e23\u0e04\u0e49\u0e32\u0e1b\u0e25\u0e35\u0e01 CBD<\/h3>\n<p><span id=\"result_box\" class=\"\" lang=\"en\"><img loading=\"lazy\" decoding=\"async\" class=\"wp-image-290 size-thumbnail alignleft\" src=\"https:\/\/www.cbdretail.ch\/wp-content\/uploads\/2024\/12\/Untitled-150x150.jpg\" alt=\"\" width=\"150\" height=\"150\" srcset=\"https:\/\/www.cbdretail.ch\/wp-content\/uploads\/2024\/12\/Untitled-150x150.jpg 150w, https:\/\/www.cbdretail.ch\/wp-content\/uploads\/2024\/12\/Untitled-300x300.jpg 300w, https:\/\/www.cbdretail.ch\/wp-content\/uploads\/2024\/12\/Untitled-768x768.jpg 768w, https:\/\/www.cbdretail.ch\/wp-content\/uploads\/2024\/12\/Untitled.jpg 1024w\" sizes=\"auto, (max-width: 150px) 100vw, 150px\" \/><strong>\u0e01\u0e32\u0e23\u0e02\u0e32\u0e22\u0e2a\u0e48\u0e07\u0e01\u0e31\u0e0d\u0e0a\u0e32 CBD \u0e02\u0e2d\u0e07\u0e2a\u0e27\u0e34\u0e2a  <span class=\"\">\u0e1c\u0e25\u0e34\u0e15\u0e20\u0e31\u0e13\u0e11\u0e4c\u0e17\u0e31\u0e49\u0e07\u0e2b\u0e21\u0e14\u0e02\u0e2d\u0e07\u0e40\u0e23\u0e32\u0e40\u0e1b\u0e47\u0e19\u0e44\u0e1b\u0e15\u0e32\u0e21\u0e01\u0e0e\u0e2b\u0e21\u0e32\u0e22\u0e41\u0e25\u0e30\u0e21\u0e35\u0e1b\u0e23\u0e34\u0e21\u0e32\u0e13 THC \u0e19\u0e49\u0e2d\u0e22\u0e01\u0e27\u0e48\u0e32 1%<\/span><\/strong><\/span><\/p>\n<\/div>\n<div class=\"col-md-6 col-md-offset-1\"><span id=\"result_box\" class=\"\" lang=\"en\">\u0e01\u0e32\u0e23\u0e02\u0e32\u0e22\u0e19\u0e35\u0e49\u0e21\u0e35\u0e43\u0e2b\u0e49\u0e1a\u0e23\u0e34\u0e01\u0e32\u0e23\u0e40\u0e09\u0e1e\u0e32\u0e30\u0e43\u0e19\u0e2a\u0e27\u0e34\u0e2a\u0e41\u0e25\u0e30\u0e40\u0e09\u0e1e\u0e32\u0e30\u0e01\u0e31\u0e1a\u0e1c\u0e39\u0e49\u0e40\u0e0a\u0e35\u0e48\u0e22\u0e27\u0e0a\u0e32\u0e0d\u0e17\u0e35\u0e48\u0e44\u0e14\u0e49\u0e23\u0e31\u0e1a\u0e2d\u0e19\u0e38\u0e0d\u0e32\u0e15\u0e40\u0e17\u0e48\u0e32\u0e19\u0e31\u0e49\u0e19 \u0e0b\u0e31\u0e1e\u0e1e\u0e25\u0e32\u0e22\u0e40\u0e2d\u0e2d\u0e23\u0e4c\u0e01\u0e31\u0e0d\u0e0a\u0e32 CBD \u0e02\u0e2d\u0e07\u0e2a\u0e27\u0e34\u0e2a \u0e01\u0e32\u0e23\u0e1c\u0e25\u0e34\u0e15\u0e01\u0e31\u0e0d\u0e0a\u0e32 CBD \u0e02\u0e2d\u0e07\u0e2a\u0e27\u0e34\u0e2a\u0e16\u0e39\u0e01\u0e01\u0e0e\u0e2b\u0e21\u0e32\u0e22 \u0e42\u0e23\u0e07\u0e40\u0e23\u0e37\u0e2d\u0e19\u0e17\u0e35\u0e48\u0e44\u0e21\u0e48\u0e43\u0e0a\u0e49\u0e1b\u0e38\u0e4b\u0e22\u0e2b\u0e23\u0e37\u0e2d\u0e22\u0e32\u0e06\u0e48\u0e32\u0e41\u0e21\u0e25\u0e07\u0e40\u0e04\u0e21\u0e35 \u0e0b\u0e37\u0e49\u0e2d\u0e01\u0e32\u0e23\u0e02\u0e32\u0e22\u0e41\u0e1a\u0e1a\u0e02\u0e32\u0e22\u0e2a\u0e48\u0e07\u0e16\u0e39\u0e01\u0e01\u0e0e\u0e2b\u0e21\u0e32\u0e22\u0e43\u0e19\u0e2a\u0e27\u0e34\u0e2a      <span class=\"\">\u0e21\u0e35\u0e2b\u0e25\u0e32\u0e22\u0e1e\u0e31\u0e19\u0e18\u0e38\u0e4c\u0e43\u0e2b\u0e49\u0e40\u0e25\u0e37\u0e2d\u0e01\u0e2a\u0e33\u0e2b\u0e23\u0e31\u0e1a\u0e1c\u0e39\u0e49\u0e04\u0e49\u0e32\u0e2a\u0e48\u0e07\u0e41\u0e25\u0e30\u0e1c\u0e39\u0e49\u0e08\u0e31\u0e14\u0e08\u0e33\u0e2b\u0e19\u0e48\u0e32\u0e22<br \/>\n<\/span><\/span><span class=\"\" lang=\"en\"><span class=\"\" lang=\"en\"><span title=\"D\u00e9couvrez nos produits cbd \u00e0 base de cannabis biologique!  \">\u0e04\u0e49\u0e19\u0e1e\u0e1a\u0e1c\u0e25\u0e34\u0e15\u0e20\u0e31\u0e13\u0e11\u0e4c CBD \u0e02\u0e2d\u0e07\u0e40\u0e23\u0e32\u0e17\u0e35\u0e48\u0e17\u0e33\u0e08\u0e32\u0e01\u0e01\u0e31\u0e0d\u0e0a\u0e32\u0e2d\u0e2d\u0e23\u0e4c\u0e41\u0e01\u0e19\u0e34\u0e01!<\/span><\/span><\/span><\/div>\n<div>\n<p><strong>\u0e2a\u0e34\u0e19\u0e04\u0e49\u0e32\u0e02\u0e2d\u0e07\u0e40\u0e23\u0e32<\/strong><\/p>\n<\/div>\n<div>\n<p><span title=\"Notre cannabis cbd \u0e23\u0e31\u0e1a\u0e1b\u0e23\u0e30\u0e01\u0e31\u0e19 100% Swiss Made \u0e21\u0e35 THC inf\u00e9rieur \u00e0 1% \u0e41\u0e25\u0e30 taux de CBD 14% \u00e0 18% selon r\u00e9colte avec \u0e23\u0e31\u0e1a\u0e23\u0e2d\u0e07 par laboratoire agr\u00e9\u00e9\">\u0e23\u0e31\u0e1a\u0e23\u0e2d\u0e07\u0e27\u0e48\u0e32 CBD \u0e08\u0e32\u0e01\u0e01\u0e31\u0e0d\u0e0a\u0e32\u0e02\u0e2d\u0e07\u0e40\u0e23\u0e32\u0e1c\u0e25\u0e34\u0e15\u0e43\u0e19\u0e2a\u0e27\u0e34\u0e15\u0e40\u0e0b\u0e2d\u0e23\u0e4c\u0e41\u0e25\u0e19\u0e14\u0e4c 100% \u0e21\u0e35\u0e1b\u0e23\u0e34\u0e21\u0e32\u0e13 THC \u0e19\u0e49\u0e2d\u0e22\u0e01\u0e27\u0e48\u0e32 1% \u0e41\u0e25\u0e30\u0e2d\u0e31\u0e15\u0e23\u0e32 CBD 14% \u0e16\u0e36\u0e07 18% \u0e02\u0e36\u0e49\u0e19\u0e2d\u0e22\u0e39\u0e48\u0e01\u0e31\u0e1a\u0e01\u0e32\u0e23\u0e40\u0e01\u0e47\u0e1a\u0e40\u0e01\u0e35\u0e48\u0e22\u0e27 \u0e42\u0e14\u0e22\u0e44\u0e14\u0e49\u0e23\u0e31\u0e1a\u0e01\u0e32\u0e23\u0e23\u0e31\u0e1a\u0e23\u0e2d\u0e07\u0e08\u0e32\u0e01\u0e2b\u0e49\u0e2d\u0e07\u0e1b\u0e0f\u0e34\u0e1a\u0e31\u0e15\u0e34\u0e01\u0e32\u0e23\u0e17\u0e35\u0e48\u0e44\u0e14\u0e49\u0e23\u0e31\u0e1a\u0e01\u0e32\u0e23\u0e23\u0e31\u0e1a\u0e23\u0e2d\u0e07<\/span> <span title=\"Nous voulons le maximum de transparence sur nos produits. \">\u0e40\u0e23\u0e32\u0e15\u0e49\u0e2d\u0e07\u0e01\u0e32\u0e23\u0e04\u0e27\u0e32\u0e21\u0e42\u0e1b\u0e23\u0e48\u0e07\u0e43\u0e2a\u0e2a\u0e39\u0e07\u0e2a\u0e38\u0e14\u0e40\u0e01\u0e35\u0e48\u0e22\u0e27\u0e01\u0e31\u0e1a\u0e1c\u0e25\u0e34\u0e15\u0e20\u0e31\u0e13\u0e11\u0e4c\u0e02\u0e2d\u0e07\u0e40\u0e23\u0e32<\/span><br \/>\n <span title=\"Cultiv\u00e9e sur les terres du Sseeland dans la \u0e1a\u0e27\u0e01\u0e01\u0e31\u0e1a\u0e1b\u0e23\u0e30\u0e40\u0e1e\u0e13\u0e35\u0e2d\u0e31\u0e19\u0e1a\u0e23\u0e34\u0e2a\u0e38\u0e17\u0e18\u0e34\u0e4c des chanvriers suisses, notre cannabis est organique \u0e41\u0e25\u0e30 issue d'une \u0e40\u0e01\u0e29\u0e15\u0e23\u0e01\u0e23\u0e23\u0e21\u0e40\u0e04\u0e32\u0e23\u0e1e\u0e2a\u0e34\u0e48\u0e07\u0e41\u0e27\u0e14\u0e25\u0e49\u0e2d\u0e21 \">\u0e01\u0e31\u0e0d\u0e0a\u0e32\u0e02\u0e2d\u0e07\u0e40\u0e23\u0e32\u0e1b\u0e25\u0e39\u0e01\u0e1a\u0e19\u0e1e\u0e37\u0e49\u0e19\u0e17\u0e35\u0e48 Sseeland \u0e15\u0e32\u0e21\u0e1b\u0e23\u0e30\u0e40\u0e1e\u0e13\u0e35\u0e14\u0e31\u0e49\u0e07\u0e40\u0e14\u0e34\u0e21\u0e02\u0e2d\u0e07\u0e01\u0e31\u0e0d\u0e0a\u0e32\u0e2a\u0e32\u0e22\u0e1e\u0e31\u0e19\u0e18\u0e38\u0e4c\u0e2a\u0e27\u0e34\u0e2a \u0e40\u0e1b\u0e47\u0e19\u0e41\u0e1a\u0e1a\u0e2d\u0e2d\u0e23\u0e4c\u0e41\u0e01\u0e19\u0e34\u0e01\u0e41\u0e25\u0e30\u0e21\u0e32\u0e08\u0e32\u0e01\u0e40\u0e01\u0e29\u0e15\u0e23\u0e01\u0e23\u0e23\u0e21\u0e17\u0e35\u0e48\u0e40\u0e1b\u0e47\u0e19\u0e21\u0e34\u0e15\u0e23\u0e15\u0e48\u0e2d\u0e2a\u0e34\u0e48\u0e07\u0e41\u0e27\u0e14\u0e25\u0e49\u0e2d\u0e21<\/span><br \/>\n <span title=\"\u0e1c\u0e25\u0e01\u0e33\u0e44\u0e23 de la saveur et des bienfaits du cannabis cbd sans les effets ind\u00e9sirables ! \">\u0e40\u0e1e\u0e25\u0e34\u0e14\u0e40\u0e1e\u0e25\u0e34\u0e19\u0e44\u0e1b\u0e01\u0e31\u0e1a\u0e23\u0e2a\u0e0a\u0e32\u0e15\u0e34\u0e41\u0e25\u0e30\u0e04\u0e38\u0e13\u0e1b\u0e23\u0e30\u0e42\u0e22\u0e0a\u0e19\u0e4c\u0e02\u0e2d\u0e07\u0e01\u0e31\u0e0d\u0e0a\u0e32 CBD \u0e42\u0e14\u0e22\u0e44\u0e21\u0e48\u0e21\u0e35\u0e1c\u0e25\u0e02\u0e49\u0e32\u0e07\u0e40\u0e04\u0e35\u0e22\u0e07\u0e17\u0e35\u0e48\u0e44\u0e21\u0e48\u0e1e\u0e36\u0e07\u0e1b\u0e23\u0e30\u0e2a\u0e07\u0e04\u0e4c!<\/span><\/p>\n<p><span title=\"\u0e25\u0e30\u0e04\u0e23\u0e1b\u0e10\u0e21\u0e17\u0e31\u0e28\u0e19\u0e4c Notre mati\u00e8re  \"><strong>\u0e27\u0e31\u0e15\u0e16\u0e38\u0e14\u0e34\u0e1a\u0e02\u0e2d\u0e07\u0e40\u0e23\u0e32<br \/>\n<\/strong><br \/>\n<\/span><span title=\"Chez Le Riff nous travaillons Exclusivement avec des producteurs locaux qui perp\u00e9tuent la \u0e1b\u0e23\u0e30\u0e40\u0e1e\u0e13\u0e35 \u0e2a\u0e27\u0e34\u0e2a \u0e27\u0e31\u0e12\u0e19\u0e18\u0e23\u0e23\u0e21 du chanvre afin de vous fournir une plante de haute qualit\u00e9 riche en CBD  \"><img loading=\"lazy\" decoding=\"async\" class=\"alignleft wp-image-2597 size-thumbnail\" src=\"https:\/\/www.cbdretail.ch\/wp-content\/uploads\/2024\/12\/cbdthc-cbdretail-150x150.jpg\" alt=\"\" width=\"150\" height=\"150\" srcset=\"https:\/\/www.cbdretail.ch\/wp-content\/uploads\/2024\/12\/cbdthc-cbdretail-150x150.jpg 150w, https:\/\/www.cbdretail.ch\/wp-content\/uploads\/2024\/12\/cbdthc-cbdretail-300x300.jpg 300w, https:\/\/www.cbdretail.ch\/wp-content\/uploads\/2024\/12\/cbdthc-cbdretail-768x768.jpg 768w, https:\/\/www.cbdretail.ch\/wp-content\/uploads\/2024\/12\/cbdthc-cbdretail.jpg 1024w\" sizes=\"auto, (max-width: 150px) 100vw, 150px\" \/>\u0e17\u0e35\u0e48 CBD Retail \u0e40\u0e23\u0e32\u0e17\u0e33\u0e07\u0e32\u0e19\u0e42\u0e14\u0e22\u0e40\u0e09\u0e1e\u0e32\u0e30\u0e01\u0e31\u0e1a\u0e1c\u0e39\u0e49\u0e1c\u0e25\u0e34\u0e15\u0e43\u0e19\u0e17\u0e49\u0e2d\u0e07\u0e16\u0e34\u0e48\u0e19\u0e17\u0e35\u0e48\u0e2a\u0e32\u0e19\u0e15\u0e48\u0e2d\u0e1b\u0e23\u0e30\u0e40\u0e1e\u0e13\u0e35\u0e01\u0e32\u0e23\u0e1b\u0e25\u0e39\u0e01\u0e01\u0e31\u0e0d\u0e0a\u0e07\u0e02\u0e2d\u0e07\u0e2a\u0e27\u0e34\u0e2a\u0e40\u0e1e\u0e37\u0e48\u0e2d\u0e43\u0e2b\u0e49\u0e04\u0e38\u0e13\u0e44\u0e14\u0e49\u0e1e\u0e37\u0e0a\u0e04\u0e38\u0e13\u0e20\u0e32\u0e1e\u0e2a\u0e39\u0e07\u0e17\u0e35\u0e48\u0e2d\u0e38\u0e14\u0e21\u0e44\u0e1b\u0e14\u0e49\u0e27\u0e22 CBD<\/span><\/p>\n<p><span title=\"\u0e19\u0e2d\u0e40\u0e17\u0e23\u0e2d\u0e0a\u0e32\u0e23\u0e4c\u0e15 \"><strong>\u0e01\u0e0e\u0e1a\u0e31\u0e15\u0e23\u0e02\u0e2d\u0e07\u0e40\u0e23\u0e32<\/strong><\/span><br \/>\n <span title=\"Des test sont r\u00e9alis\u00e9s tout au long des processus de Production et de fabrication afin d'assurer le \u0e40\u0e04\u0e32\u0e23\u0e1e\u0e1a\u0e23\u0e23\u0e17\u0e31\u0e14\u0e10\u0e32\u0e19 Qualit\u00e9 suisse \">\u0e01\u0e32\u0e23\u0e17\u0e14\u0e2a\u0e2d\u0e1a\u0e14\u0e33\u0e40\u0e19\u0e34\u0e19\u0e01\u0e32\u0e23\u0e15\u0e25\u0e2d\u0e14\u0e01\u0e23\u0e30\u0e1a\u0e27\u0e19\u0e01\u0e32\u0e23\u0e1c\u0e25\u0e34\u0e15\u0e40\u0e1e\u0e37\u0e48\u0e2d\u0e43\u0e2b\u0e49\u0e21\u0e31\u0e48\u0e19\u0e43\u0e08\u0e27\u0e48\u0e32\u0e40\u0e1b\u0e47\u0e19\u0e44\u0e1b\u0e15\u0e32\u0e21\u0e21\u0e32\u0e15\u0e23\u0e10\u0e32\u0e19\u0e04\u0e38\u0e13\u0e20\u0e32\u0e1e\u0e02\u0e2d\u0e07\u0e2a\u0e27\u0e34\u0e2a<\/span><\/p>\n<p><span title=\"\u0e40\u0e01\u0e29\u0e15\u0e23 Biologique \u0e41\u0e25\u0e30\u0e2a\u0e34\u0e48\u0e07\u0e41\u0e27\u0e14\u0e25\u0e49\u0e2d\u0e21  \"><strong>\u0e40\u0e01\u0e29\u0e15\u0e23\u0e2d\u0e34\u0e19\u0e17\u0e23\u0e35\u0e22\u0e4c\u0e41\u0e25\u0e30\u0e2a\u0e34\u0e48\u0e07\u0e41\u0e27\u0e14\u0e25\u0e49\u0e2d\u0e21<\/strong><br \/>\n<\/span><\/p>\n<p><span title=\"Notre cannabis cbd est \u0e2d\u0e2d\u0e23\u0e4c\u0e41\u0e01\u0e19\u0e34\u0e01 100%, \u0e40\u0e1e\u0e32\u0e30\u0e1b\u0e25\u0e39\u0e01\u0e44\u0e21\u0e48\u0e21\u0e35\u0e2a\u0e32\u0e23\u0e01\u0e33\u0e08\u0e31\u0e14\u0e28\u0e31\u0e15\u0e23\u0e39\u0e1e\u0e37\u0e0a ni engrais chimiques\">CBD \u0e01\u0e31\u0e0d\u0e0a\u0e32\u0e02\u0e2d\u0e07\u0e40\u0e23\u0e32\u0e40\u0e1b\u0e47\u0e19\u0e2d\u0e2d\u0e23\u0e4c\u0e41\u0e01\u0e19\u0e34\u0e01 100% \u0e1b\u0e25\u0e39\u0e01\u0e42\u0e14\u0e22\u0e44\u0e21\u0e48\u0e43\u0e0a\u0e49\u0e22\u0e32\u0e06\u0e48\u0e32\u0e41\u0e21\u0e25\u0e07\u0e2b\u0e23\u0e37\u0e2d\u0e1b\u0e38\u0e4b\u0e22\u0e40\u0e04\u0e21\u0e35<\/span> <span title=\"Nous avons opt\u00e9 pour une \u0e27\u0e31\u0e12\u0e19\u0e18\u0e23\u0e23\u0e21 sous serre pour r\u00e9duire notre empreinte carbone et garantir une croissanceoptimate des plantes toute l'ann\u00e9e \">\u0e40\u0e23\u0e32\u0e40\u0e25\u0e37\u0e2d\u0e01\u0e1b\u0e25\u0e39\u0e01\u0e43\u0e19\u0e40\u0e23\u0e37\u0e2d\u0e19\u0e01\u0e23\u0e30\u0e08\u0e01\u0e40\u0e1e\u0e37\u0e48\u0e2d\u0e25\u0e14\u0e1b\u0e23\u0e34\u0e21\u0e32\u0e13\u0e04\u0e32\u0e23\u0e4c\u0e1a\u0e2d\u0e19\u0e1f\u0e38\u0e15\u0e1e\u0e23\u0e34\u0e49\u0e19\u0e17\u0e4c\u0e41\u0e25\u0e30\u0e40\u0e1e\u0e37\u0e48\u0e2d\u0e43\u0e2b\u0e49\u0e41\u0e19\u0e48\u0e43\u0e08\u0e27\u0e48\u0e32\u0e1e\u0e37\u0e0a\u0e08\u0e30\u0e40\u0e15\u0e34\u0e1a\u0e42\u0e15\u0e2d\u0e22\u0e48\u0e32\u0e07\u0e40\u0e2b\u0e21\u0e32\u0e30\u0e2a\u0e21\u0e15\u0e25\u0e2d\u0e14\u0e17\u0e31\u0e49\u0e07\u0e1b\u0e35<\/span><br \/>\n <span title=\"\u0e40\u0e01\u0e29\u0e15\u0e23\u0e01\u0e23\u0e0a\u0e32\u0e27 Nos, Passionn\u00e9s, travaillent \u00e0 produire la meilleure cannabis \u0e0a\u0e31\u0e01\u0e0a\u0e27\u0e19\u0e43\u0e2b\u0e49\u0e40\u0e04\u0e32\u0e23\u0e1e\u0e2a\u0e34\u0e48\u0e07\u0e41\u0e27\u0e14\u0e25\u0e49\u0e2d\u0e21 \">\u0e40\u0e01\u0e29\u0e15\u0e23\u0e01\u0e23\u0e1c\u0e39\u0e49\u0e2b\u0e25\u0e07\u0e43\u0e2b\u0e25\u0e02\u0e2d\u0e07\u0e40\u0e23\u0e32\u0e17\u0e33\u0e07\u0e32\u0e19\u0e40\u0e1e\u0e37\u0e48\u0e2d\u0e1c\u0e25\u0e34\u0e15\u0e01\u0e31\u0e0d\u0e0a\u0e32\u0e04\u0e38\u0e13\u0e20\u0e32\u0e1e\u0e14\u0e35\u0e17\u0e35\u0e48\u0e2a\u0e38\u0e14\u0e42\u0e14\u0e22\u0e04\u0e33\u0e19\u0e36\u0e07\u0e16\u0e36\u0e07\u0e2a\u0e34\u0e48\u0e07\u0e41\u0e27\u0e14\u0e25\u0e49\u0e2d\u0e21<\/span> <span title=\"\u0e1e\u0e31\u0e19\u0e18\u0e21\u0e34\u0e15\u0e23\u0e02\u0e2d\u0e07\u0e40\u0e23\u0e32 \"><strong>\u0e14\u0e49\u0e27\u0e22 \u0e1e\u0e31\u0e19\u0e18\u0e21\u0e34\u0e15\u0e23\u0e02\u0e2d\u0e07\u0e40\u0e23\u0e32<\/strong><\/span><br \/>\n <span title=\"Du packaging aux produits d\u00e9riv\u00e9s, nous collaborons avec des entreprises locales pour garantir la tra\u00e7abilit\u00e9 de nos produits et vous offerr le meilleur de ce que la Suisse peut nous offrir !\">\u0e15\u0e31\u0e49\u0e07\u0e41\u0e15\u0e48\u0e1a\u0e23\u0e23\u0e08\u0e38\u0e20\u0e31\u0e13\u0e11\u0e4c\u0e44\u0e1b\u0e08\u0e19\u0e16\u0e36\u0e07\u0e1c\u0e25\u0e34\u0e15\u0e20\u0e31\u0e13\u0e11\u0e4c\u0e2d\u0e19\u0e38\u0e1e\u0e31\u0e19\u0e18\u0e4c \u0e40\u0e23\u0e32\u0e17\u0e33\u0e07\u0e32\u0e19\u0e23\u0e48\u0e27\u0e21\u0e01\u0e31\u0e1a\u0e1a\u0e23\u0e34\u0e29\u0e31\u0e17\u0e43\u0e19\u0e1e\u0e37\u0e49\u0e19\u0e17\u0e35\u0e48\u0e40\u0e1e\u0e37\u0e48\u0e2d\u0e43\u0e2b\u0e49\u0e21\u0e31\u0e48\u0e19\u0e43\u0e08\u0e16\u0e36\u0e07\u0e04\u0e27\u0e32\u0e21\u0e2a\u0e32\u0e21\u0e32\u0e23\u0e16\u0e43\u0e19\u0e01\u0e32\u0e23\u0e15\u0e23\u0e27\u0e08\u0e2a\u0e2d\u0e1a\u0e22\u0e49\u0e2d\u0e19\u0e01\u0e25\u0e31\u0e1a\u0e02\u0e2d\u0e07\u0e1c\u0e25\u0e34\u0e15\u0e20\u0e31\u0e13\u0e11\u0e4c\u0e02\u0e2d\u0e07\u0e40\u0e23\u0e32 \u0e41\u0e25\u0e30\u0e19\u0e33\u0e40\u0e2a\u0e19\u0e2d\u0e2a\u0e34\u0e48\u0e07\u0e17\u0e35\u0e48\u0e14\u0e35\u0e17\u0e35\u0e48\u0e2a\u0e38\u0e14\u0e17\u0e35\u0e48\u0e2a\u0e27\u0e34\u0e15\u0e40\u0e0b\u0e2d\u0e23\u0e4c\u0e41\u0e25\u0e19\u0e14\u0e4c\u0e2a\u0e32\u0e21\u0e32\u0e23\u0e16\u0e21\u0e2d\u0e1a\u0e43\u0e2b\u0e49\u0e01\u0e31\u0e1a\u0e04\u0e38\u0e13!<\/span><\/p>\n<\/div>\n","protected":false},"excerpt":{"rendered":"<p>\u0e01\u0e32\u0e23\u0e04\u0e49\u0e32\u0e1b\u0e25\u0e35\u0e01 CBD \u0e01\u0e32\u0e23\u0e02\u0e32\u0e22\u0e2a\u0e48\u0e07\u0e01\u0e31\u0e0d\u0e0a\u0e32 CBD \u0e02\u0e2d\u0e07\u0e2a\u0e27\u0e34\u0e2a \u0e1c\u0e25\u0e34\u0e15\u0e20\u0e31\u0e13\u0e11\u0e4c\u0e17\u0e31\u0e49\u0e07&#8230;<\/p>\n<p class=\"more-link\"><a href=\"https:\/\/www.cbdretail.ch\/th\/\"><span>Read More<\/span><i>&#43;<\/i><\/a><\/p>\n","protected":false},"author":1,"featured_media":0,"parent":0,"menu_order":0,"comment_status":"closed","ping_status":"closed","template":"","meta":{"footnotes":""},"tags":[193,194,184,191,185,196,197,190,189,186,192,188,195,187],"class_list":{"0":"post-2557","1":"page","2":"type-page","3":"status-publish","4":"hentry","5":"tag-193","6":"tag--th","7":"tag--cbd","8":"tag--cbd-","10":"tag--cbd--th","11":"tag-197","12":"tag-190","13":"tag-189","16":"tag-188","18":"tag-187"},"yoast_head":"<!-- This site is optimized with the Yoast SEO plugin v24.8.1 - https:\/\/yoast.com\/wordpress\/plugins\/seo\/ -->\n<title>\u0e02\u0e32\u0e22\u0e2a\u0e48\u0e07\u0e01\u0e31\u0e0d\u0e0a\u0e32 CBD \u0e2a\u0e27\u0e34\u0e2a CBD Retail -<\/title>\n<meta name=\"description\" content=\"\u0e02\u0e32\u0e22\u0e1b\u0e25\u0e35\u0e01 CBD \u0e02\u0e32\u0e22\u0e2a\u0e48\u0e07 CBD \u0e2a\u0e27\u0e34\u0e2a \u0e01\u0e31\u0e0d\u0e0a\u0e32 \u0e1c\u0e25\u0e34\u0e15\u0e20\u0e31\u0e13\u0e11\u0e4c\u0e17\u0e31\u0e49\u0e07\u0e2b\u0e21\u0e14\u0e02\u0e2d\u0e07\u0e40\u0e23\u0e32\u0e40\u0e1b\u0e47\u0e19\u0e44\u0e1b\u0e15\u0e32\u0e21\u0e01\u0e0e\u0e2b\u0e21\u0e32\u0e22\u0e41\u0e25\u0e30\u0e21\u0e35 THC \u0e19\u0e49\u0e2d\u0e22\u0e01\u0e27\u0e48\u0e32 1%\" \/>\n<meta name=\"robots\" content=\"index, follow, max-snippet:-1, max-image-preview:large, max-video-preview:-1\" \/>\n<link rel=\"canonical\" href=\"https:\/\/www.cbdretail.ch\/th\/\" \/>\n<meta property=\"og:locale\" content=\"th_TH\" \/>\n<meta property=\"og:type\" content=\"article\" \/>\n<meta property=\"og:title\" content=\"\u0e02\u0e32\u0e22\u0e2a\u0e48\u0e07\u0e01\u0e31\u0e0d\u0e0a\u0e32 CBD \u0e2a\u0e27\u0e34\u0e2a CBD Retail -\" \/>\n<meta property=\"og:description\" content=\"\u0e02\u0e32\u0e22\u0e1b\u0e25\u0e35\u0e01 CBD \u0e02\u0e32\u0e22\u0e2a\u0e48\u0e07 CBD \u0e2a\u0e27\u0e34\u0e2a \u0e01\u0e31\u0e0d\u0e0a\u0e32 \u0e1c\u0e25\u0e34\u0e15\u0e20\u0e31\u0e13\u0e11\u0e4c\u0e17\u0e31\u0e49\u0e07\u0e2b\u0e21\u0e14\u0e02\u0e2d\u0e07\u0e40\u0e23\u0e32\u0e40\u0e1b\u0e47\u0e19\u0e44\u0e1b\u0e15\u0e32\u0e21\u0e01\u0e0e\u0e2b\u0e21\u0e32\u0e22\u0e41\u0e25\u0e30\u0e21\u0e35 THC \u0e19\u0e49\u0e2d\u0e22\u0e01\u0e27\u0e48\u0e32 1%\" \/>\n<meta property=\"og:url\" content=\"https:\/\/www.cbdretail.ch\/th\/\" \/>\n<meta property=\"og:site_name\" content=\"CBD Retail\" \/>\n<meta property=\"article:modified_time\" content=\"2024-12-31T10:12:41+00:00\" \/>\n<meta property=\"og:image\" content=\"https:\/\/www.cbdretail.ch\/wp-content\/uploads\/2024\/12\/Untitled.jpg\" \/>\n\t<meta property=\"og:image:width\" content=\"1024\" \/>\n\t<meta property=\"og:image:height\" content=\"1024\" \/>\n\t<meta property=\"og:image:type\" content=\"image\/jpeg\" \/>\n<meta name=\"twitter:card\" content=\"summary_large_image\" \/>\n<script type=\"application\/ld+json\" class=\"yoast-schema-graph\">{\"@context\":\"https:\/\/schema.org\",\"@graph\":[{\"@type\":\"WebPage\",\"@id\":\"https:\/\/www.cbdretail.ch\/th\/\",\"url\":\"https:\/\/www.cbdretail.ch\/th\/\",\"name\":\"\u0e02\u0e32\u0e22\u0e2a\u0e48\u0e07\u0e01\u0e31\u0e0d\u0e0a\u0e32 CBD \u0e2a\u0e27\u0e34\u0e2a CBD Retail -\",\"isPartOf\":{\"@id\":\"https:\/\/www.cbdretail.ch\/th\/#website\"},\"primaryImageOfPage\":{\"@id\":\"https:\/\/www.cbdretail.ch\/th\/#primaryimage\"},\"image\":{\"@id\":\"https:\/\/www.cbdretail.ch\/th\/#primaryimage\"},\"thumbnailUrl\":\"https:\/\/www.cbdretail.ch\/wp-content\/uploads\/2024\/12\/Untitled-150x150.jpg\",\"datePublished\":\"2017-10-13T15:14:29+00:00\",\"dateModified\":\"2024-12-31T10:12:41+00:00\",\"description\":\"\u0e02\u0e32\u0e22\u0e1b\u0e25\u0e35\u0e01 CBD \u0e02\u0e32\u0e22\u0e2a\u0e48\u0e07 CBD \u0e2a\u0e27\u0e34\u0e2a \u0e01\u0e31\u0e0d\u0e0a\u0e32 \u0e1c\u0e25\u0e34\u0e15\u0e20\u0e31\u0e13\u0e11\u0e4c\u0e17\u0e31\u0e49\u0e07\u0e2b\u0e21\u0e14\u0e02\u0e2d\u0e07\u0e40\u0e23\u0e32\u0e40\u0e1b\u0e47\u0e19\u0e44\u0e1b\u0e15\u0e32\u0e21\u0e01\u0e0e\u0e2b\u0e21\u0e32\u0e22\u0e41\u0e25\u0e30\u0e21\u0e35 THC \u0e19\u0e49\u0e2d\u0e22\u0e01\u0e27\u0e48\u0e32 1%\",\"breadcrumb\":{\"@id\":\"https:\/\/www.cbdretail.ch\/th\/#breadcrumb\"},\"inLanguage\":\"th\",\"potentialAction\":[{\"@type\":\"ReadAction\",\"target\":[\"https:\/\/www.cbdretail.ch\/th\/\"]}]},{\"@type\":\"ImageObject\",\"inLanguage\":\"th\",\"@id\":\"https:\/\/www.cbdretail.ch\/th\/#primaryimage\",\"url\":\"https:\/\/www.cbdretail.ch\/wp-content\/uploads\/2024\/12\/Untitled-150x150.jpg\",\"contentUrl\":\"https:\/\/www.cbdretail.ch\/wp-content\/uploads\/2024\/12\/Untitled-150x150.jpg\"},{\"@type\":\"BreadcrumbList\",\"@id\":\"https:\/\/www.cbdretail.ch\/th\/#breadcrumb\",\"itemListElement\":[{\"@type\":\"ListItem\",\"position\":1,\"name\":\"Home\",\"item\":\"https:\/\/www.cbdretail.ch\/th\/%e0%b8%81%e0%b8%b2%e0%b8%a3%e0%b8%84%e0%b9%89%e0%b8%b2%e0%b8%9b%e0%b8%a5%e0%b8%b5%e0%b8%81-cbd\/\"},{\"@type\":\"ListItem\",\"position\":2,\"name\":\"\u0e01\u0e32\u0e23\u0e04\u0e49\u0e32\u0e1b\u0e25\u0e35\u0e01 CBD\"}]},{\"@type\":\"WebSite\",\"@id\":\"https:\/\/www.cbdretail.ch\/th\/#website\",\"url\":\"https:\/\/www.cbdretail.ch\/th\/\",\"name\":\"CBD Retail\",\"description\":\"Cannabis CBD for wholesalers and distributors\",\"publisher\":{\"@id\":\"https:\/\/www.cbdretail.ch\/th\/#organization\"},\"potentialAction\":[{\"@type\":\"SearchAction\",\"target\":{\"@type\":\"EntryPoint\",\"urlTemplate\":\"https:\/\/www.cbdretail.ch\/th\/?s={search_term_string}\"},\"query-input\":{\"@type\":\"PropertyValueSpecification\",\"valueRequired\":true,\"valueName\":\"search_term_string\"}}],\"inLanguage\":\"th\"},{\"@type\":\"Organization\",\"@id\":\"https:\/\/www.cbdretail.ch\/th\/#organization\",\"name\":\"CBD Retail\",\"url\":\"https:\/\/www.cbdretail.ch\/th\/\",\"logo\":{\"@type\":\"ImageObject\",\"inLanguage\":\"th\",\"@id\":\"https:\/\/www.cbdretail.ch\/th\/#\/schema\/logo\/image\/\",\"url\":\"https:\/\/www.cbdretail.ch\/wp-content\/uploads\/2024\/12\/cropped-WhatsApp-Image-2024-12-26-at-00.46.31.jpeg\",\"contentUrl\":\"https:\/\/www.cbdretail.ch\/wp-content\/uploads\/2024\/12\/cropped-WhatsApp-Image-2024-12-26-at-00.46.31.jpeg\",\"width\":792,\"height\":719,\"caption\":\"CBD Retail\"},\"image\":{\"@id\":\"https:\/\/www.cbdretail.ch\/th\/#\/schema\/logo\/image\/\"}}]}<\/script>\n<!-- \/ Yoast SEO plugin. -->","yoast_head_json":{"title":"\u0e02\u0e32\u0e22\u0e2a\u0e48\u0e07\u0e01\u0e31\u0e0d\u0e0a\u0e32 CBD \u0e2a\u0e27\u0e34\u0e2a CBD Retail -","description":"\u0e02\u0e32\u0e22\u0e1b\u0e25\u0e35\u0e01 CBD \u0e02\u0e32\u0e22\u0e2a\u0e48\u0e07 CBD \u0e2a\u0e27\u0e34\u0e2a \u0e01\u0e31\u0e0d\u0e0a\u0e32 \u0e1c\u0e25\u0e34\u0e15\u0e20\u0e31\u0e13\u0e11\u0e4c\u0e17\u0e31\u0e49\u0e07\u0e2b\u0e21\u0e14\u0e02\u0e2d\u0e07\u0e40\u0e23\u0e32\u0e40\u0e1b\u0e47\u0e19\u0e44\u0e1b\u0e15\u0e32\u0e21\u0e01\u0e0e\u0e2b\u0e21\u0e32\u0e22\u0e41\u0e25\u0e30\u0e21\u0e35 THC \u0e19\u0e49\u0e2d\u0e22\u0e01\u0e27\u0e48\u0e32 1%","robots":{"index":"index","follow":"follow","max-snippet":"max-snippet:-1","max-image-preview":"max-image-preview:large","max-video-preview":"max-video-preview:-1"},"canonical":"https:\/\/www.cbdretail.ch\/th\/","og_locale":"th_TH","og_type":"article","og_title":"\u0e02\u0e32\u0e22\u0e2a\u0e48\u0e07\u0e01\u0e31\u0e0d\u0e0a\u0e32 CBD \u0e2a\u0e27\u0e34\u0e2a CBD Retail -","og_description":"\u0e02\u0e32\u0e22\u0e1b\u0e25\u0e35\u0e01 CBD \u0e02\u0e32\u0e22\u0e2a\u0e48\u0e07 CBD \u0e2a\u0e27\u0e34\u0e2a \u0e01\u0e31\u0e0d\u0e0a\u0e32 \u0e1c\u0e25\u0e34\u0e15\u0e20\u0e31\u0e13\u0e11\u0e4c\u0e17\u0e31\u0e49\u0e07\u0e2b\u0e21\u0e14\u0e02\u0e2d\u0e07\u0e40\u0e23\u0e32\u0e40\u0e1b\u0e47\u0e19\u0e44\u0e1b\u0e15\u0e32\u0e21\u0e01\u0e0e\u0e2b\u0e21\u0e32\u0e22\u0e41\u0e25\u0e30\u0e21\u0e35 THC \u0e19\u0e49\u0e2d\u0e22\u0e01\u0e27\u0e48\u0e32 1%","og_url":"https:\/\/www.cbdretail.ch\/th\/","og_site_name":"CBD Retail","article_modified_time":"2024-12-31T10:12:41+00:00","og_image":[{"width":1024,"height":1024,"url":"https:\/\/www.cbdretail.ch\/wp-content\/uploads\/2024\/12\/Untitled.jpg","type":"image\/jpeg"}],"twitter_card":"summary_large_image","schema":{"@context":"https:\/\/schema.org","@graph":[{"@type":"WebPage","@id":"https:\/\/www.cbdretail.ch\/th\/","url":"https:\/\/www.cbdretail.ch\/th\/","name":"\u0e02\u0e32\u0e22\u0e2a\u0e48\u0e07\u0e01\u0e31\u0e0d\u0e0a\u0e32 CBD \u0e2a\u0e27\u0e34\u0e2a CBD Retail -","isPartOf":{"@id":"https:\/\/www.cbdretail.ch\/th\/#website"},"primaryImageOfPage":{"@id":"https:\/\/www.cbdretail.ch\/th\/#primaryimage"},"image":{"@id":"https:\/\/www.cbdretail.ch\/th\/#primaryimage"},"thumbnailUrl":"https:\/\/www.cbdretail.ch\/wp-content\/uploads\/2024\/12\/Untitled-150x150.jpg","datePublished":"2017-10-13T15:14:29+00:00","dateModified":"2024-12-31T10:12:41+00:00","description":"\u0e02\u0e32\u0e22\u0e1b\u0e25\u0e35\u0e01 CBD \u0e02\u0e32\u0e22\u0e2a\u0e48\u0e07 CBD \u0e2a\u0e27\u0e34\u0e2a \u0e01\u0e31\u0e0d\u0e0a\u0e32 \u0e1c\u0e25\u0e34\u0e15\u0e20\u0e31\u0e13\u0e11\u0e4c\u0e17\u0e31\u0e49\u0e07\u0e2b\u0e21\u0e14\u0e02\u0e2d\u0e07\u0e40\u0e23\u0e32\u0e40\u0e1b\u0e47\u0e19\u0e44\u0e1b\u0e15\u0e32\u0e21\u0e01\u0e0e\u0e2b\u0e21\u0e32\u0e22\u0e41\u0e25\u0e30\u0e21\u0e35 THC \u0e19\u0e49\u0e2d\u0e22\u0e01\u0e27\u0e48\u0e32 1%","breadcrumb":{"@id":"https:\/\/www.cbdretail.ch\/th\/#breadcrumb"},"inLanguage":"th","potentialAction":[{"@type":"ReadAction","target":["https:\/\/www.cbdretail.ch\/th\/"]}]},{"@type":"ImageObject","inLanguage":"th","@id":"https:\/\/www.cbdretail.ch\/th\/#primaryimage","url":"https:\/\/www.cbdretail.ch\/wp-content\/uploads\/2024\/12\/Untitled-150x150.jpg","contentUrl":"https:\/\/www.cbdretail.ch\/wp-content\/uploads\/2024\/12\/Untitled-150x150.jpg"},{"@type":"BreadcrumbList","@id":"https:\/\/www.cbdretail.ch\/th\/#breadcrumb","itemListElement":[{"@type":"ListItem","position":1,"name":"Home","item":"https:\/\/www.cbdretail.ch\/th\/%e0%b8%81%e0%b8%b2%e0%b8%a3%e0%b8%84%e0%b9%89%e0%b8%b2%e0%b8%9b%e0%b8%a5%e0%b8%b5%e0%b8%81-cbd\/"},{"@type":"ListItem","position":2,"name":"\u0e01\u0e32\u0e23\u0e04\u0e49\u0e32\u0e1b\u0e25\u0e35\u0e01 CBD"}]},{"@type":"WebSite","@id":"https:\/\/www.cbdretail.ch\/th\/#website","url":"https:\/\/www.cbdretail.ch\/th\/","name":"CBD Retail","description":"Cannabis CBD for wholesalers and distributors","publisher":{"@id":"https:\/\/www.cbdretail.ch\/th\/#organization"},"potentialAction":[{"@type":"SearchAction","target":{"@type":"EntryPoint","urlTemplate":"https:\/\/www.cbdretail.ch\/th\/?s={search_term_string}"},"query-input":{"@type":"PropertyValueSpecification","valueRequired":true,"valueName":"search_term_string"}}],"inLanguage":"th"},{"@type":"Organization","@id":"https:\/\/www.cbdretail.ch\/th\/#organization","name":"CBD Retail","url":"https:\/\/www.cbdretail.ch\/th\/","logo":{"@type":"ImageObject","inLanguage":"th","@id":"https:\/\/www.cbdretail.ch\/th\/#\/schema\/logo\/image\/","url":"https:\/\/www.cbdretail.ch\/wp-content\/uploads\/2024\/12\/cropped-WhatsApp-Image-2024-12-26-at-00.46.31.jpeg","contentUrl":"https:\/\/www.cbdretail.ch\/wp-content\/uploads\/2024\/12\/cropped-WhatsApp-Image-2024-12-26-at-00.46.31.jpeg","width":792,"height":719,"caption":"CBD Retail"},"image":{"@id":"https:\/\/www.cbdretail.ch\/th\/#\/schema\/logo\/image\/"}}]}},"_links":{"self":[{"href":"https:\/\/www.cbdretail.ch\/th\/wp-json\/wp\/v2\/pages\/2557","targetHints":{"allow":["GET"]}}],"collection":[{"href":"https:\/\/www.cbdretail.ch\/th\/wp-json\/wp\/v2\/pages"}],"about":[{"href":"https:\/\/www.cbdretail.ch\/th\/wp-json\/wp\/v2\/types\/page"}],"author":[{"embeddable":true,"href":"https:\/\/www.cbdretail.ch\/th\/wp-json\/wp\/v2\/users\/1"}],"replies":[{"embeddable":true,"href":"https:\/\/www.cbdretail.ch\/th\/wp-json\/wp\/v2\/comments?post=2557"}],"version-history":[{"count":1,"href":"https:\/\/www.cbdretail.ch\/th\/wp-json\/wp\/v2\/pages\/2557\/revisions"}],"predecessor-version":[{"id":2702,"href":"https:\/\/www.cbdretail.ch\/th\/wp-json\/wp\/v2\/pages\/2557\/revisions\/2702"}],"wp:attachment":[{"href":"https:\/\/www.cbdretail.ch\/th\/wp-json\/wp\/v2\/media?parent=2557"}],"wp:term":[{"taxonomy":"post_tag","embeddable":true,"href":"https:\/\/www.cbdretail.ch\/th\/wp-json\/wp\/v2\/tags?post=2557"}],"curies":[{"name":"wp","href":"https:\/\/api.w.org\/{rel}","templated":true}]}}