{"id":2583,"date":"2017-10-13T15:09:22","date_gmt":"2017-10-13T15:09:22","guid":{"rendered":"https:\/\/www.cbdretail.ch\/atacadista-de-cbd\/"},"modified":"2017-10-13T15:09:22","modified_gmt":"2017-10-13T15:09:22","slug":"atacadista-de-cbd","status":"publish","type":"page","link":"https:\/\/www.cbdretail.ch\/pt-br\/atacadista-de-cbd\/","title":{"rendered":"Atacadista de CBD"},"content":{"rendered":"<p><strong><span id=\"result_box\" class=\"\" lang=\"en\">Fornecedor atacadista de CBD em Genebra, Su\u00ed\u00e7a &#8211; Vendas legais de cannabis<\/span><\/strong><\/p>\n<p><img loading=\"lazy\" decoding=\"async\" class=\"alignleft wp-image-294 size-thumbnail\" src=\"https:\/\/www.cbdretail.ch\/wp-content\/uploads\/2024\/12\/Untitled2-150x150.jpg\" alt=\"\" width=\"150\" height=\"150\" srcset=\"https:\/\/www.cbdretail.ch\/wp-content\/uploads\/2024\/12\/Untitled2-150x150.jpg 150w, https:\/\/www.cbdretail.ch\/wp-content\/uploads\/2024\/12\/Untitled2-300x300.jpg 300w, https:\/\/www.cbdretail.ch\/wp-content\/uploads\/2024\/12\/Untitled2-768x768.jpg 768w, https:\/\/www.cbdretail.ch\/wp-content\/uploads\/2024\/12\/Untitled2.jpg 1024w\" sizes=\"auto, (max-width: 150px) 100vw, 150px\" \/>A CBD Retail \u00e9 um fornecedor confi\u00e1vel de cannabis CBD legal na Su\u00ed\u00e7a, oferecendo produtos no atacado para profissionais autorizados. Fornecemos uma ampla variedade de variedades de cannabis CBD premium, todas cultivadas na Su\u00ed\u00e7a em estufas sem o uso de fertilizantes qu\u00edmicos ou pesticidas, garantindo a mais alta qualidade e a conformidade com as regulamenta\u00e7\u00f5es su\u00ed\u00e7as. <\/p>\n<p><strong>Por que escolher o varejo de CBD para o atacado de CBD na Su\u00ed\u00e7a?<\/strong><\/p>\n<p>&#8211; Legal e em conformidade: Nossos produtos s\u00e3o totalmente legais para venda na Su\u00ed\u00e7a e destinam-se apenas a profissionais autorizados. Garantimos que todos os nossos produtos atendam aos mais rigorosos padr\u00f5es regulat\u00f3rios. &#8211; Sustent\u00e1vel e org\u00e2nico: Nossa cannabis CBD \u00e9 cultivada usando m\u00e9todos ecologicamente corretos, sem fertilizantes qu\u00edmicos ou pesticidas. Temos orgulho de oferecer produtos que s\u00e3o eficazes e ambientalmente respons\u00e1veis. &#8211; Ampla sele\u00e7\u00e3o: Oferecemos diversas variedades de cannabis com CBD para atacadistas e distribuidores, dando a voc\u00ea a flexibilidade de escolher os melhores produtos para o seu neg\u00f3cio. &#8211; Entrega r\u00e1pida: Fornecemos entrega eficiente e confi\u00e1vel em toda a Su\u00ed\u00e7a, garantindo que voc\u00ea receba seus pedidos prontamente. <\/p>\n<p><strong>Como comprar CBD por atacado na Su\u00ed\u00e7a?<\/strong><\/p>\n<p>Se voc\u00ea \u00e9 um profissional autorizado na Su\u00ed\u00e7a, pode facilmente comprar cannabis CBD legal da CBD Retail. Entre em contato conosco hoje mesmo para saber mais sobre nossos produtos, fazer pedidos a granel e fazer parte de nossa crescente rede de revendedores e distribuidores. &#8212; <\/p>\n<p><strong>Entre em contato conosco hoje mesmo<\/strong><\/p>\n<p>Para obter mais informa\u00e7\u00f5es sobre nossas ofertas de atacado, detalhes do produto ou para fazer um pedido, entre em contato conosco. Estamos aqui para apoiar seu neg\u00f3cio com produtos de CBD de alta qualidade. &#8212; <\/p>\n<p>&nbsp;<\/p>\n<p>&nbsp;<\/p>\n","protected":false},"excerpt":{"rendered":"<p>Fornecedor atacadista de CBD em Genebra, Su\u00ed\u00e7a &#8211; Vendas legais de cannabis A CBD Retail \u00e9 um fornecedor confi\u00e1vel de cannabis CBD legal na Su\u00ed\u00e7a, oferecendo produtos no atacado para profissionais autorizados. Fornecemos uma ampla variedade de variedades de cannabis CBD premium, todas cultivadas na Su\u00ed\u00e7a em estufas sem o uso de fertilizantes qu\u00edmicos ou&#8230;<\/p>\n<p class=\"more-link\"><a href=\"https:\/\/www.cbdretail.ch\/pt-br\/atacadista-de-cbd\/\"><span>Read More<\/span><i>&#43;<\/i><\/a><\/p>\n","protected":false},"author":1,"featured_media":0,"parent":0,"menu_order":0,"comment_status":"closed","ping_status":"open","template":"","meta":{"footnotes":""},"tags":[277,276,281,269,274,279,278,273,280,270,271,268,272,275],"class_list":["post-2583","page","type-page","status-publish","hentry","tag-atacadista-de-cbd","tag-atacadista-suico-de-cbd","tag-atacadistas-de-canhamo","tag-atacado-de-cbd-na-suica","tag-atacado-suico","tag-canhamo-legal-na-suica","tag-cannabis-legal-na-suica","tag-cbd-atacado-ch","tag-cbd-suico","tag-cbd-suico-no-atacado","tag-cbd-suico-por-atacado","tag-cbd-wholesale-switzerland-pt-br","tag-evetica-pt-br","tag-negociante-de-riffs"],"yoast_head":"<!-- This site is optimized with the Yoast SEO plugin v24.8.1 - https:\/\/yoast.com\/wordpress\/plugins\/seo\/ -->\n<title>Atacadista de CBD - CBD Retail<\/title>\n<meta name=\"description\" content=\"Atacadista CBD Su\u00ed\u00e7a em Genebra, Cannabis legalA venda est\u00e1 dispon\u00edvel apenas para su\u00ed\u00e7os e apenas para profissionais autorizados. Fornecedor su\u00ed\u00e7o de cannabis CBD. Produ\u00e7\u00e3o de cannabis CBD legal su\u00ed\u00e7o. Estufa sem fertilizantes ou pesticidas qu\u00edmicos. Comprar por atacado venda legal na Su\u00ed\u00e7a. H\u00e1 diversas variedades dispon\u00edveis para atacadistas e distribuidores.\" \/>\n<meta name=\"robots\" content=\"index, follow, max-snippet:-1, max-image-preview:large, max-video-preview:-1\" \/>\n<link rel=\"canonical\" href=\"https:\/\/www.cbdretail.ch\/pt-br\/atacadista-de-cbd\/\" \/>\n<meta property=\"og:locale\" content=\"pt_BR\" \/>\n<meta property=\"og:type\" content=\"article\" \/>\n<meta property=\"og:title\" content=\"Atacadista de CBD - CBD Retail\" \/>\n<meta property=\"og:description\" content=\"Atacadista CBD Su\u00ed\u00e7a em Genebra, Cannabis legalA venda est\u00e1 dispon\u00edvel apenas para su\u00ed\u00e7os e apenas para profissionais autorizados. Fornecedor su\u00ed\u00e7o de cannabis CBD. Produ\u00e7\u00e3o de cannabis CBD legal su\u00ed\u00e7o. Estufa sem fertilizantes ou pesticidas qu\u00edmicos. Comprar por atacado venda legal na Su\u00ed\u00e7a. H\u00e1 diversas variedades dispon\u00edveis para atacadistas e distribuidores.\" \/>\n<meta property=\"og:url\" content=\"https:\/\/www.cbdretail.ch\/pt-br\/atacadista-de-cbd\/\" \/>\n<meta property=\"og:site_name\" content=\"CBD Retail\" \/>\n<meta property=\"og:image\" content=\"https:\/\/www.cbdretail.ch\/wp-content\/uploads\/2024\/12\/Untitled2.jpg\" \/>\n\t<meta property=\"og:image:width\" content=\"1024\" \/>\n\t<meta property=\"og:image:height\" content=\"1024\" \/>\n\t<meta property=\"og:image:type\" content=\"image\/jpeg\" \/>\n<meta name=\"twitter:card\" content=\"summary_large_image\" \/>\n<meta name=\"twitter:label1\" content=\"Est. tempo de leitura\" \/>\n\t<meta name=\"twitter:data1\" content=\"2 minutos\" \/>\n<script type=\"application\/ld+json\" class=\"yoast-schema-graph\">{\"@context\":\"https:\/\/schema.org\",\"@graph\":[{\"@type\":\"WebPage\",\"@id\":\"https:\/\/www.cbdretail.ch\/pt-br\/atacadista-de-cbd\/\",\"url\":\"https:\/\/www.cbdretail.ch\/pt-br\/atacadista-de-cbd\/\",\"name\":\"Atacadista de CBD - CBD Retail\",\"isPartOf\":{\"@id\":\"https:\/\/www.cbdretail.ch\/pt-br\/#website\"},\"primaryImageOfPage\":{\"@id\":\"https:\/\/www.cbdretail.ch\/pt-br\/atacadista-de-cbd\/#primaryimage\"},\"image\":{\"@id\":\"https:\/\/www.cbdretail.ch\/pt-br\/atacadista-de-cbd\/#primaryimage\"},\"thumbnailUrl\":\"https:\/\/www.cbdretail.ch\/wp-content\/uploads\/2024\/12\/Untitled2-150x150.jpg\",\"datePublished\":\"2017-10-13T15:09:22+00:00\",\"description\":\"Atacadista CBD Su\u00ed\u00e7a em Genebra, Cannabis legalA venda est\u00e1 dispon\u00edvel apenas para su\u00ed\u00e7os e apenas para profissionais autorizados. Fornecedor su\u00ed\u00e7o de cannabis CBD. Produ\u00e7\u00e3o de cannabis CBD legal su\u00ed\u00e7o. Estufa sem fertilizantes ou pesticidas qu\u00edmicos. Comprar por atacado venda legal na Su\u00ed\u00e7a. H\u00e1 diversas variedades dispon\u00edveis para atacadistas e distribuidores.\",\"breadcrumb\":{\"@id\":\"https:\/\/www.cbdretail.ch\/pt-br\/atacadista-de-cbd\/#breadcrumb\"},\"inLanguage\":\"pt-BR\",\"potentialAction\":[{\"@type\":\"ReadAction\",\"target\":[\"https:\/\/www.cbdretail.ch\/pt-br\/atacadista-de-cbd\/\"]}]},{\"@type\":\"ImageObject\",\"inLanguage\":\"pt-BR\",\"@id\":\"https:\/\/www.cbdretail.ch\/pt-br\/atacadista-de-cbd\/#primaryimage\",\"url\":\"https:\/\/www.cbdretail.ch\/wp-content\/uploads\/2024\/12\/Untitled2-150x150.jpg\",\"contentUrl\":\"https:\/\/www.cbdretail.ch\/wp-content\/uploads\/2024\/12\/Untitled2-150x150.jpg\"},{\"@type\":\"BreadcrumbList\",\"@id\":\"https:\/\/www.cbdretail.ch\/pt-br\/atacadista-de-cbd\/#breadcrumb\",\"itemListElement\":[{\"@type\":\"ListItem\",\"position\":1,\"name\":\"Home\",\"item\":\"https:\/\/www.cbdretail.ch\/pt-br\/varejo-cbd\/\"},{\"@type\":\"ListItem\",\"position\":2,\"name\":\"Atacadista de CBD\"}]},{\"@type\":\"WebSite\",\"@id\":\"https:\/\/www.cbdretail.ch\/pt-br\/#website\",\"url\":\"https:\/\/www.cbdretail.ch\/pt-br\/\",\"name\":\"CBD Retail\",\"description\":\"Cannabis CBD for wholesalers and distributors\",\"publisher\":{\"@id\":\"https:\/\/www.cbdretail.ch\/pt-br\/#organization\"},\"potentialAction\":[{\"@type\":\"SearchAction\",\"target\":{\"@type\":\"EntryPoint\",\"urlTemplate\":\"https:\/\/www.cbdretail.ch\/pt-br\/?s={search_term_string}\"},\"query-input\":{\"@type\":\"PropertyValueSpecification\",\"valueRequired\":true,\"valueName\":\"search_term_string\"}}],\"inLanguage\":\"pt-BR\"},{\"@type\":\"Organization\",\"@id\":\"https:\/\/www.cbdretail.ch\/pt-br\/#organization\",\"name\":\"CBD Retail\",\"url\":\"https:\/\/www.cbdretail.ch\/pt-br\/\",\"logo\":{\"@type\":\"ImageObject\",\"inLanguage\":\"pt-BR\",\"@id\":\"https:\/\/www.cbdretail.ch\/pt-br\/#\/schema\/logo\/image\/\",\"url\":\"https:\/\/www.cbdretail.ch\/wp-content\/uploads\/2024\/12\/cropped-WhatsApp-Image-2024-12-26-at-00.46.31.jpeg\",\"contentUrl\":\"https:\/\/www.cbdretail.ch\/wp-content\/uploads\/2024\/12\/cropped-WhatsApp-Image-2024-12-26-at-00.46.31.jpeg\",\"width\":792,\"height\":719,\"caption\":\"CBD Retail\"},\"image\":{\"@id\":\"https:\/\/www.cbdretail.ch\/pt-br\/#\/schema\/logo\/image\/\"}}]}<\/script>\n<!-- \/ Yoast SEO plugin. -->","yoast_head_json":{"title":"Atacadista de CBD - CBD Retail","description":"Atacadista CBD Su\u00ed\u00e7a em Genebra, Cannabis legalA venda est\u00e1 dispon\u00edvel apenas para su\u00ed\u00e7os e apenas para profissionais autorizados. Fornecedor su\u00ed\u00e7o de cannabis CBD. Produ\u00e7\u00e3o de cannabis CBD legal su\u00ed\u00e7o. Estufa sem fertilizantes ou pesticidas qu\u00edmicos. Comprar por atacado venda legal na Su\u00ed\u00e7a. H\u00e1 diversas variedades dispon\u00edveis para atacadistas e distribuidores.","robots":{"index":"index","follow":"follow","max-snippet":"max-snippet:-1","max-image-preview":"max-image-preview:large","max-video-preview":"max-video-preview:-1"},"canonical":"https:\/\/www.cbdretail.ch\/pt-br\/atacadista-de-cbd\/","og_locale":"pt_BR","og_type":"article","og_title":"Atacadista de CBD - CBD Retail","og_description":"Atacadista CBD Su\u00ed\u00e7a em Genebra, Cannabis legalA venda est\u00e1 dispon\u00edvel apenas para su\u00ed\u00e7os e apenas para profissionais autorizados. Fornecedor su\u00ed\u00e7o de cannabis CBD. Produ\u00e7\u00e3o de cannabis CBD legal su\u00ed\u00e7o. Estufa sem fertilizantes ou pesticidas qu\u00edmicos. Comprar por atacado venda legal na Su\u00ed\u00e7a. H\u00e1 diversas variedades dispon\u00edveis para atacadistas e distribuidores.","og_url":"https:\/\/www.cbdretail.ch\/pt-br\/atacadista-de-cbd\/","og_site_name":"CBD Retail","og_image":[{"width":1024,"height":1024,"url":"https:\/\/www.cbdretail.ch\/wp-content\/uploads\/2024\/12\/Untitled2.jpg","type":"image\/jpeg"}],"twitter_card":"summary_large_image","twitter_misc":{"Est. tempo de leitura":"2 minutos"},"schema":{"@context":"https:\/\/schema.org","@graph":[{"@type":"WebPage","@id":"https:\/\/www.cbdretail.ch\/pt-br\/atacadista-de-cbd\/","url":"https:\/\/www.cbdretail.ch\/pt-br\/atacadista-de-cbd\/","name":"Atacadista de CBD - CBD Retail","isPartOf":{"@id":"https:\/\/www.cbdretail.ch\/pt-br\/#website"},"primaryImageOfPage":{"@id":"https:\/\/www.cbdretail.ch\/pt-br\/atacadista-de-cbd\/#primaryimage"},"image":{"@id":"https:\/\/www.cbdretail.ch\/pt-br\/atacadista-de-cbd\/#primaryimage"},"thumbnailUrl":"https:\/\/www.cbdretail.ch\/wp-content\/uploads\/2024\/12\/Untitled2-150x150.jpg","datePublished":"2017-10-13T15:09:22+00:00","description":"Atacadista CBD Su\u00ed\u00e7a em Genebra, Cannabis legalA venda est\u00e1 dispon\u00edvel apenas para su\u00ed\u00e7os e apenas para profissionais autorizados. Fornecedor su\u00ed\u00e7o de cannabis CBD. Produ\u00e7\u00e3o de cannabis CBD legal su\u00ed\u00e7o. Estufa sem fertilizantes ou pesticidas qu\u00edmicos. Comprar por atacado venda legal na Su\u00ed\u00e7a. H\u00e1 diversas variedades dispon\u00edveis para atacadistas e distribuidores.","breadcrumb":{"@id":"https:\/\/www.cbdretail.ch\/pt-br\/atacadista-de-cbd\/#breadcrumb"},"inLanguage":"pt-BR","potentialAction":[{"@type":"ReadAction","target":["https:\/\/www.cbdretail.ch\/pt-br\/atacadista-de-cbd\/"]}]},{"@type":"ImageObject","inLanguage":"pt-BR","@id":"https:\/\/www.cbdretail.ch\/pt-br\/atacadista-de-cbd\/#primaryimage","url":"https:\/\/www.cbdretail.ch\/wp-content\/uploads\/2024\/12\/Untitled2-150x150.jpg","contentUrl":"https:\/\/www.cbdretail.ch\/wp-content\/uploads\/2024\/12\/Untitled2-150x150.jpg"},{"@type":"BreadcrumbList","@id":"https:\/\/www.cbdretail.ch\/pt-br\/atacadista-de-cbd\/#breadcrumb","itemListElement":[{"@type":"ListItem","position":1,"name":"Home","item":"https:\/\/www.cbdretail.ch\/pt-br\/varejo-cbd\/"},{"@type":"ListItem","position":2,"name":"Atacadista de CBD"}]},{"@type":"WebSite","@id":"https:\/\/www.cbdretail.ch\/pt-br\/#website","url":"https:\/\/www.cbdretail.ch\/pt-br\/","name":"CBD Retail","description":"Cannabis CBD for wholesalers and distributors","publisher":{"@id":"https:\/\/www.cbdretail.ch\/pt-br\/#organization"},"potentialAction":[{"@type":"SearchAction","target":{"@type":"EntryPoint","urlTemplate":"https:\/\/www.cbdretail.ch\/pt-br\/?s={search_term_string}"},"query-input":{"@type":"PropertyValueSpecification","valueRequired":true,"valueName":"search_term_string"}}],"inLanguage":"pt-BR"},{"@type":"Organization","@id":"https:\/\/www.cbdretail.ch\/pt-br\/#organization","name":"CBD Retail","url":"https:\/\/www.cbdretail.ch\/pt-br\/","logo":{"@type":"ImageObject","inLanguage":"pt-BR","@id":"https:\/\/www.cbdretail.ch\/pt-br\/#\/schema\/logo\/image\/","url":"https:\/\/www.cbdretail.ch\/wp-content\/uploads\/2024\/12\/cropped-WhatsApp-Image-2024-12-26-at-00.46.31.jpeg","contentUrl":"https:\/\/www.cbdretail.ch\/wp-content\/uploads\/2024\/12\/cropped-WhatsApp-Image-2024-12-26-at-00.46.31.jpeg","width":792,"height":719,"caption":"CBD Retail"},"image":{"@id":"https:\/\/www.cbdretail.ch\/pt-br\/#\/schema\/logo\/image\/"}}]}},"_links":{"self":[{"href":"https:\/\/www.cbdretail.ch\/pt-br\/wp-json\/wp\/v2\/pages\/2583","targetHints":{"allow":["GET"]}}],"collection":[{"href":"https:\/\/www.cbdretail.ch\/pt-br\/wp-json\/wp\/v2\/pages"}],"about":[{"href":"https:\/\/www.cbdretail.ch\/pt-br\/wp-json\/wp\/v2\/types\/page"}],"author":[{"embeddable":true,"href":"https:\/\/www.cbdretail.ch\/pt-br\/wp-json\/wp\/v2\/users\/1"}],"replies":[{"embeddable":true,"href":"https:\/\/www.cbdretail.ch\/pt-br\/wp-json\/wp\/v2\/comments?post=2583"}],"version-history":[{"count":0,"href":"https:\/\/www.cbdretail.ch\/pt-br\/wp-json\/wp\/v2\/pages\/2583\/revisions"}],"wp:attachment":[{"href":"https:\/\/www.cbdretail.ch\/pt-br\/wp-json\/wp\/v2\/media?parent=2583"}],"wp:term":[{"taxonomy":"post_tag","embeddable":true,"href":"https:\/\/www.cbdretail.ch\/pt-br\/wp-json\/wp\/v2\/tags?post=2583"}],"curies":[{"name":"wp","href":"https:\/\/api.w.org\/{rel}","templated":true}]}}