{"id":2563,"date":"2017-10-13T15:14:29","date_gmt":"2017-10-13T15:14:29","guid":{"rendered":"https:\/\/www.cbdretail.ch\/varejo-cbd\/"},"modified":"2017-10-13T15:14:29","modified_gmt":"2017-10-13T15:14:29","slug":"varejo-cbd","status":"publish","type":"page","link":"https:\/\/www.cbdretail.ch\/pt-br\/","title":{"rendered":"Varejo CBD"},"content":{"rendered":"<div class=\"col-md-5\">\n<h3>  Varejo CBD<\/h3>\n<p><span id=\"result_box\" class=\"\" lang=\"en\"><img loading=\"lazy\" decoding=\"async\" class=\"alignleft wp-image-290 size-thumbnail\" src=\"https:\/\/www.cbdretail.ch\/wp-content\/uploads\/2024\/12\/Untitled-150x150.jpg\" alt=\"\" width=\"150\" height=\"150\" srcset=\"https:\/\/www.cbdretail.ch\/wp-content\/uploads\/2024\/12\/Untitled-150x150.jpg 150w, https:\/\/www.cbdretail.ch\/wp-content\/uploads\/2024\/12\/Untitled-300x300.jpg 300w, https:\/\/www.cbdretail.ch\/wp-content\/uploads\/2024\/12\/Untitled-768x768.jpg 768w, https:\/\/www.cbdretail.ch\/wp-content\/uploads\/2024\/12\/Untitled.jpg 1024w\" sizes=\"auto, (max-width: 150px) 100vw, 150px\" \/>Venda por atacado de cannabis CBD su\u00ed\u00e7a.  <span class=\"\">Todos os nossos produtos est\u00e3o em conformidade com a lei e cont\u00eam menos de 1% de THC.<\/span><\/span><\/p>\n<\/div>\n<div class=\"col-md-6 col-md-offset-1\"><span id=\"result_box\" class=\"\" lang=\"en\">A venda est\u00e1 dispon\u00edvel apenas para su\u00ed\u00e7os e somente para profissionais autorizados. Fornecedor su\u00ed\u00e7o de cannabis CBD. Produ\u00e7\u00e3o de cannabis CBD legal su\u00ed\u00e7o. Estufa sem fertilizantes ou pesticidas qu\u00edmicos. Comprar por atacado venda legal na Su\u00ed\u00e7a.      <span class=\"\">H\u00e1 diversas variedades dispon\u00edveis para atacadistas e distribuidores.<br \/>\n<\/span><\/span><span class=\"\" lang=\"en\"><span class=\"\" lang=\"en\"><span title=\"Conhe\u00e7a nossos produtos cbd \u00e0 base de cannabis biol\u00f3gica!  \">Descubra nossos produtos cbd \u00e0 base de cannabis org\u00e2nica!<\/span><\/span><\/span><\/div>\n<div><\/div>\n<div><\/div>\n<div class=\"col-md-6 col-md-offset-1\">\n<p>&nbsp;<\/p>\n<p>Nossos produtos<\/p>\n<\/div>\n<div>\n<p><span title=\"Nossa cannabis cbd \u00e9 garantida 100% Swiss Made com um teor de THC inferior a 1% e um teor de CBD de 14% a 18% de acordo com a colheita e certifica\u00e7\u00e3o de um laborat\u00f3rio aprovado.\"><img loading=\"lazy\" decoding=\"async\" class=\"alignleft wp-image-284 size-thumbnail\" src=\"https:\/\/www.cbdretail.ch\/wp-content\/uploads\/2024\/12\/WhatsApp-Image-2024-12-26-at-00.46.31-150x150.jpeg\" alt=\"\" width=\"150\" height=\"150\" srcset=\"https:\/\/www.cbdretail.ch\/wp-content\/uploads\/2024\/12\/WhatsApp-Image-2024-12-26-at-00.46.31-150x150.jpeg 150w, https:\/\/www.cbdretail.ch\/wp-content\/uploads\/2024\/12\/WhatsApp-Image-2024-12-26-at-00.46.31-300x300.jpeg 300w, https:\/\/www.cbdretail.ch\/wp-content\/uploads\/2024\/12\/WhatsApp-Image-2024-12-26-at-00.46.31-768x768.jpeg 768w, https:\/\/www.cbdretail.ch\/wp-content\/uploads\/2024\/12\/WhatsApp-Image-2024-12-26-at-00.46.31.jpeg 1024w\" sizes=\"auto, (max-width: 150px) 100vw, 150px\" \/>Nossa cannabis cbd \u00e9 garantida 100% Swiss Made com um teor de THC inferior a 1% e uma taxa de CBD de 14% a 18%, dependendo da colheita, com certifica\u00e7\u00e3o por um laborat\u00f3rio aprovado. <\/span><span title=\"Queremos o m\u00e1ximo de transpar\u00eancia em nossos produtos. \">Queremos o m\u00e1ximo de transpar\u00eancia em nossos produtos.<br \/>\n<\/span><span title=\"Cultivada nas terras de Sseeland, na mais pura tradi\u00e7\u00e3o dos chanvriers su\u00ed\u00e7os, nossa cannabis \u00e9 org\u00e2nica e resulta de uma agricultura que respeita o meio ambiente. \">Cultivada em terras de Sseeland, na mais pura tradi\u00e7\u00e3o das chanterries su\u00ed\u00e7as, nossa cannabis \u00e9 org\u00e2nica e prov\u00e9m de uma agricultura ecol\u00f3gica.<br \/>\n<\/span><span title=\"Voc\u00ea se beneficia da economia e dos benef\u00edcios da cannabis cbd sem os efeitos indesej\u00e1veis! \">Aproveite o sabor e os benef\u00edcios da cannabis cbd sem os efeitos indesejados!<\/span> <span title=\"Nossa mat\u00e9ria-prima \"><strong>Nossa mat\u00e9ria-prima<\/strong><br \/>\n<\/span><span title=\"No Le Riff, trabalhamos exclusivamente com produtores locais que seguem a tradi\u00e7\u00e3o su\u00ed\u00e7a de cultura do chanvre para que voc\u00ea possa oferecer uma planta de alta qualidade rica em CBD. \">Na CBD Retail, trabalhamos exclusivamente com produtores locais que continuam a tradi\u00e7\u00e3o su\u00ed\u00e7a de cultivar c\u00e2nhamo para fornecer a voc\u00ea uma planta de alta qualidade rica em CBD.<\/span> <span title=\"Nossa carta \"><strong>Nossa carta<\/strong><br \/>\n<\/span><span title=\"S\u00e3o realizados testes ao longo de todo o processo de produ\u00e7\u00e3o e fabrica\u00e7\u00e3o para garantir o respeito \u00e0s normas de qualidade su\u00ed\u00e7as. \">S\u00e3o realizados testes em todos os processos de produ\u00e7\u00e3o e fabrica\u00e7\u00e3o para garantir a conformidade com os padr\u00f5es de qualidade su\u00ed\u00e7os.<\/span><\/p>\n<h3><img loading=\"lazy\" decoding=\"async\" class=\" wp-image-187 alignleft zoooom\" src=\"https:\/\/www.cbdretail.ch\/wp-content\/uploads\/2017\/10\/cbd-cannabis-vente-en-gros-grossistes-professionnelle-distributeurs-fournisseurs-importateurs-exportateurs-retailers-retail-hemp-stores-THC-02-1-225x300.jpg\" alt=\"\" width=\"182\" height=\"243\" srcset=\"https:\/\/www.cbdretail.ch\/wp-content\/uploads\/2017\/10\/cbd-cannabis-vente-en-gros-grossistes-professionnelle-distributeurs-fournisseurs-importateurs-exportateurs-retailers-retail-hemp-stores-THC-02-1-225x300.jpg 225w, https:\/\/www.cbdretail.ch\/wp-content\/uploads\/2017\/10\/cbd-cannabis-vente-en-gros-grossistes-professionnelle-distributeurs-fournisseurs-importateurs-exportateurs-retailers-retail-hemp-stores-THC-02-1-768x1024.jpg 768w, https:\/\/www.cbdretail.ch\/wp-content\/uploads\/2017\/10\/cbd-cannabis-vente-en-gros-grossistes-professionnelle-distributeurs-fournisseurs-importateurs-exportateurs-retailers-retail-hemp-stores-THC-02-1.jpg 1425w\" sizes=\"auto, (max-width: 182px) 100vw, 182px\" \/><\/h3>\n<p><span title=\"Agricultura biol\u00f3gica e meio ambiente  \"><strong>Agricultura org\u00e2nica e meio ambiente<\/strong><br \/>\n<\/span><\/p>\n<p><span title=\"Nossa cannabis cbd \u00e9 100% org\u00e2nica, cultivada sem pesticidas e sem produtos qu\u00edmicos.\">Nossa cannabis cbd \u00e9 100% org\u00e2nica, cultivada sem pesticidas ou fertilizantes qu\u00edmicos. <\/span><span title=\"Optamos por uma cultura em serrapilheira para reduzir nosso consumo de carbono e garantir um crescimento ideal das plantas durante todo o ano. \">Optamos pelo cultivo em estufa para reduzir nossa pegada de carbono e garantir o crescimento ideal das plantas durante todo o ano.<br \/>\n<\/span><span title=\"Nossos agricultores, apaixonados, trabalham para produzir a melhor cannabis, mas respeitando o meio ambiente. \">Nossos apaixonados agricultores trabalham para produzir a melhor cannabis, respeitando o meio ambiente.<\/span> <span title=\"Nossos parceiros \"><strong>Nossos parceiros<\/strong><br \/>\n<\/span><span title=\"Desde a embalagem at\u00e9 os produtos acabados, colaboramos com empresas locais para garantir a tra\u00e7abilidade de nossos produtos e para que voc\u00ea proponha o melhor do que a Su\u00ed\u00e7a pode nos oferecer!\">Da embalagem aos derivados, colaboramos com empresas locais para garantir a rastreabilidade de nossos produtos e oferecer a voc\u00ea o melhor que a Su\u00ed\u00e7a pode oferecer!<\/span><\/p>\n<\/div>\n","protected":false},"excerpt":{"rendered":"<p>Varejo CBD Venda por atacado de cannabis CBD su\u00ed\u00e7a. Todos os nossos produtos est\u00e3o em conformidade com a lei e cont\u00eam menos de 1% de THC. A venda est\u00e1 dispon\u00edvel apenas para su\u00ed\u00e7os e somente para profissionais autorizados. Fornecedor su\u00ed\u00e7o de cannabis CBD. Produ\u00e7\u00e3o de cannabis CBD legal su\u00ed\u00e7o. Estufa sem fertilizantes ou pesticidas qu\u00edmicos.&#8230;<\/p>\n<p class=\"more-link\"><a href=\"https:\/\/www.cbdretail.ch\/pt-br\/\"><span>Read More<\/span><i>&#43;<\/i><\/a><\/p>\n","protected":false},"author":1,"featured_media":0,"parent":0,"menu_order":0,"comment_status":"closed","ping_status":"closed","template":"","meta":{"footnotes":""},"tags":[277,276,281,269,274,279,278,273,280,270,271,268,272,275],"class_list":["post-2563","page","type-page","status-publish","hentry","tag-atacadista-de-cbd","tag-atacadista-suico-de-cbd","tag-atacadistas-de-canhamo","tag-atacado-de-cbd-na-suica","tag-atacado-suico","tag-canhamo-legal-na-suica","tag-cannabis-legal-na-suica","tag-cbd-atacado-ch","tag-cbd-suico","tag-cbd-suico-no-atacado","tag-cbd-suico-por-atacado","tag-cbd-wholesale-switzerland-pt-br","tag-evetica-pt-br","tag-negociante-de-riffs"],"yoast_head":"<!-- This site is optimized with the Yoast SEO plugin v24.8.1 - https:\/\/yoast.com\/wordpress\/plugins\/seo\/ -->\n<title>Atacado Swiss CBD Cannabis - CBD Retail<\/title>\n<meta name=\"description\" content=\"Varejo CBD Atacado Swiss CBD Cannabis. Todos os nossos produtos est\u00e3o em conformidade com a lei e cont\u00eam menos de 1% de THC.\" \/>\n<meta name=\"robots\" content=\"index, follow, max-snippet:-1, max-image-preview:large, max-video-preview:-1\" \/>\n<link rel=\"canonical\" href=\"https:\/\/www.cbdretail.ch\/pt-br\/\" \/>\n<meta property=\"og:locale\" content=\"pt_BR\" \/>\n<meta property=\"og:type\" content=\"article\" \/>\n<meta property=\"og:title\" content=\"Atacado Swiss CBD Cannabis - CBD Retail\" \/>\n<meta property=\"og:description\" content=\"Varejo CBD Atacado Swiss CBD Cannabis. Todos os nossos produtos est\u00e3o em conformidade com a lei e cont\u00eam menos de 1% de THC.\" \/>\n<meta property=\"og:url\" content=\"https:\/\/www.cbdretail.ch\/pt-br\/\" \/>\n<meta property=\"og:site_name\" content=\"CBD Retail\" \/>\n<meta property=\"og:image\" content=\"https:\/\/www.cbdretail.ch\/wp-content\/uploads\/2024\/12\/Untitled.jpg\" \/>\n\t<meta property=\"og:image:width\" content=\"1024\" \/>\n\t<meta property=\"og:image:height\" content=\"1024\" \/>\n\t<meta property=\"og:image:type\" content=\"image\/jpeg\" \/>\n<meta name=\"twitter:card\" content=\"summary_large_image\" \/>\n<meta name=\"twitter:label1\" content=\"Est. tempo de leitura\" \/>\n\t<meta name=\"twitter:data1\" content=\"2 minutos\" \/>\n<script type=\"application\/ld+json\" class=\"yoast-schema-graph\">{\"@context\":\"https:\/\/schema.org\",\"@graph\":[{\"@type\":\"WebPage\",\"@id\":\"https:\/\/www.cbdretail.ch\/pt-br\/\",\"url\":\"https:\/\/www.cbdretail.ch\/pt-br\/\",\"name\":\"Atacado Swiss CBD Cannabis - CBD Retail\",\"isPartOf\":{\"@id\":\"https:\/\/www.cbdretail.ch\/pt-br\/#website\"},\"primaryImageOfPage\":{\"@id\":\"https:\/\/www.cbdretail.ch\/pt-br\/#primaryimage\"},\"image\":{\"@id\":\"https:\/\/www.cbdretail.ch\/pt-br\/#primaryimage\"},\"thumbnailUrl\":\"https:\/\/www.cbdretail.ch\/wp-content\/uploads\/2024\/12\/Untitled-150x150.jpg\",\"datePublished\":\"2017-10-13T15:14:29+00:00\",\"description\":\"Varejo CBD Atacado Swiss CBD Cannabis. Todos os nossos produtos est\u00e3o em conformidade com a lei e cont\u00eam menos de 1% de THC.\",\"breadcrumb\":{\"@id\":\"https:\/\/www.cbdretail.ch\/pt-br\/#breadcrumb\"},\"inLanguage\":\"pt-BR\",\"potentialAction\":[{\"@type\":\"ReadAction\",\"target\":[\"https:\/\/www.cbdretail.ch\/pt-br\/\"]}]},{\"@type\":\"ImageObject\",\"inLanguage\":\"pt-BR\",\"@id\":\"https:\/\/www.cbdretail.ch\/pt-br\/#primaryimage\",\"url\":\"https:\/\/www.cbdretail.ch\/wp-content\/uploads\/2024\/12\/Untitled-150x150.jpg\",\"contentUrl\":\"https:\/\/www.cbdretail.ch\/wp-content\/uploads\/2024\/12\/Untitled-150x150.jpg\"},{\"@type\":\"BreadcrumbList\",\"@id\":\"https:\/\/www.cbdretail.ch\/pt-br\/#breadcrumb\",\"itemListElement\":[{\"@type\":\"ListItem\",\"position\":1,\"name\":\"Home\",\"item\":\"https:\/\/www.cbdretail.ch\/pt-br\/varejo-cbd\/\"},{\"@type\":\"ListItem\",\"position\":2,\"name\":\"Varejo CBD\"}]},{\"@type\":\"WebSite\",\"@id\":\"https:\/\/www.cbdretail.ch\/pt-br\/#website\",\"url\":\"https:\/\/www.cbdretail.ch\/pt-br\/\",\"name\":\"CBD Retail\",\"description\":\"Cannabis CBD for wholesalers and distributors\",\"publisher\":{\"@id\":\"https:\/\/www.cbdretail.ch\/pt-br\/#organization\"},\"potentialAction\":[{\"@type\":\"SearchAction\",\"target\":{\"@type\":\"EntryPoint\",\"urlTemplate\":\"https:\/\/www.cbdretail.ch\/pt-br\/?s={search_term_string}\"},\"query-input\":{\"@type\":\"PropertyValueSpecification\",\"valueRequired\":true,\"valueName\":\"search_term_string\"}}],\"inLanguage\":\"pt-BR\"},{\"@type\":\"Organization\",\"@id\":\"https:\/\/www.cbdretail.ch\/pt-br\/#organization\",\"name\":\"CBD Retail\",\"url\":\"https:\/\/www.cbdretail.ch\/pt-br\/\",\"logo\":{\"@type\":\"ImageObject\",\"inLanguage\":\"pt-BR\",\"@id\":\"https:\/\/www.cbdretail.ch\/pt-br\/#\/schema\/logo\/image\/\",\"url\":\"https:\/\/www.cbdretail.ch\/wp-content\/uploads\/2024\/12\/cropped-WhatsApp-Image-2024-12-26-at-00.46.31.jpeg\",\"contentUrl\":\"https:\/\/www.cbdretail.ch\/wp-content\/uploads\/2024\/12\/cropped-WhatsApp-Image-2024-12-26-at-00.46.31.jpeg\",\"width\":792,\"height\":719,\"caption\":\"CBD Retail\"},\"image\":{\"@id\":\"https:\/\/www.cbdretail.ch\/pt-br\/#\/schema\/logo\/image\/\"}}]}<\/script>\n<!-- \/ Yoast SEO plugin. -->","yoast_head_json":{"title":"Atacado Swiss CBD Cannabis - CBD Retail","description":"Varejo CBD Atacado Swiss CBD Cannabis. Todos os nossos produtos est\u00e3o em conformidade com a lei e cont\u00eam menos de 1% de THC.","robots":{"index":"index","follow":"follow","max-snippet":"max-snippet:-1","max-image-preview":"max-image-preview:large","max-video-preview":"max-video-preview:-1"},"canonical":"https:\/\/www.cbdretail.ch\/pt-br\/","og_locale":"pt_BR","og_type":"article","og_title":"Atacado Swiss CBD Cannabis - CBD Retail","og_description":"Varejo CBD Atacado Swiss CBD Cannabis. Todos os nossos produtos est\u00e3o em conformidade com a lei e cont\u00eam menos de 1% de THC.","og_url":"https:\/\/www.cbdretail.ch\/pt-br\/","og_site_name":"CBD Retail","og_image":[{"width":1024,"height":1024,"url":"https:\/\/www.cbdretail.ch\/wp-content\/uploads\/2024\/12\/Untitled.jpg","type":"image\/jpeg"}],"twitter_card":"summary_large_image","twitter_misc":{"Est. tempo de leitura":"2 minutos"},"schema":{"@context":"https:\/\/schema.org","@graph":[{"@type":"WebPage","@id":"https:\/\/www.cbdretail.ch\/pt-br\/","url":"https:\/\/www.cbdretail.ch\/pt-br\/","name":"Atacado Swiss CBD Cannabis - CBD Retail","isPartOf":{"@id":"https:\/\/www.cbdretail.ch\/pt-br\/#website"},"primaryImageOfPage":{"@id":"https:\/\/www.cbdretail.ch\/pt-br\/#primaryimage"},"image":{"@id":"https:\/\/www.cbdretail.ch\/pt-br\/#primaryimage"},"thumbnailUrl":"https:\/\/www.cbdretail.ch\/wp-content\/uploads\/2024\/12\/Untitled-150x150.jpg","datePublished":"2017-10-13T15:14:29+00:00","description":"Varejo CBD Atacado Swiss CBD Cannabis. Todos os nossos produtos est\u00e3o em conformidade com a lei e cont\u00eam menos de 1% de THC.","breadcrumb":{"@id":"https:\/\/www.cbdretail.ch\/pt-br\/#breadcrumb"},"inLanguage":"pt-BR","potentialAction":[{"@type":"ReadAction","target":["https:\/\/www.cbdretail.ch\/pt-br\/"]}]},{"@type":"ImageObject","inLanguage":"pt-BR","@id":"https:\/\/www.cbdretail.ch\/pt-br\/#primaryimage","url":"https:\/\/www.cbdretail.ch\/wp-content\/uploads\/2024\/12\/Untitled-150x150.jpg","contentUrl":"https:\/\/www.cbdretail.ch\/wp-content\/uploads\/2024\/12\/Untitled-150x150.jpg"},{"@type":"BreadcrumbList","@id":"https:\/\/www.cbdretail.ch\/pt-br\/#breadcrumb","itemListElement":[{"@type":"ListItem","position":1,"name":"Home","item":"https:\/\/www.cbdretail.ch\/pt-br\/varejo-cbd\/"},{"@type":"ListItem","position":2,"name":"Varejo CBD"}]},{"@type":"WebSite","@id":"https:\/\/www.cbdretail.ch\/pt-br\/#website","url":"https:\/\/www.cbdretail.ch\/pt-br\/","name":"CBD Retail","description":"Cannabis CBD for wholesalers and distributors","publisher":{"@id":"https:\/\/www.cbdretail.ch\/pt-br\/#organization"},"potentialAction":[{"@type":"SearchAction","target":{"@type":"EntryPoint","urlTemplate":"https:\/\/www.cbdretail.ch\/pt-br\/?s={search_term_string}"},"query-input":{"@type":"PropertyValueSpecification","valueRequired":true,"valueName":"search_term_string"}}],"inLanguage":"pt-BR"},{"@type":"Organization","@id":"https:\/\/www.cbdretail.ch\/pt-br\/#organization","name":"CBD Retail","url":"https:\/\/www.cbdretail.ch\/pt-br\/","logo":{"@type":"ImageObject","inLanguage":"pt-BR","@id":"https:\/\/www.cbdretail.ch\/pt-br\/#\/schema\/logo\/image\/","url":"https:\/\/www.cbdretail.ch\/wp-content\/uploads\/2024\/12\/cropped-WhatsApp-Image-2024-12-26-at-00.46.31.jpeg","contentUrl":"https:\/\/www.cbdretail.ch\/wp-content\/uploads\/2024\/12\/cropped-WhatsApp-Image-2024-12-26-at-00.46.31.jpeg","width":792,"height":719,"caption":"CBD Retail"},"image":{"@id":"https:\/\/www.cbdretail.ch\/pt-br\/#\/schema\/logo\/image\/"}}]}},"_links":{"self":[{"href":"https:\/\/www.cbdretail.ch\/pt-br\/wp-json\/wp\/v2\/pages\/2563","targetHints":{"allow":["GET"]}}],"collection":[{"href":"https:\/\/www.cbdretail.ch\/pt-br\/wp-json\/wp\/v2\/pages"}],"about":[{"href":"https:\/\/www.cbdretail.ch\/pt-br\/wp-json\/wp\/v2\/types\/page"}],"author":[{"embeddable":true,"href":"https:\/\/www.cbdretail.ch\/pt-br\/wp-json\/wp\/v2\/users\/1"}],"replies":[{"embeddable":true,"href":"https:\/\/www.cbdretail.ch\/pt-br\/wp-json\/wp\/v2\/comments?post=2563"}],"version-history":[{"count":0,"href":"https:\/\/www.cbdretail.ch\/pt-br\/wp-json\/wp\/v2\/pages\/2563\/revisions"}],"wp:attachment":[{"href":"https:\/\/www.cbdretail.ch\/pt-br\/wp-json\/wp\/v2\/media?parent=2563"}],"wp:term":[{"taxonomy":"post_tag","embeddable":true,"href":"https:\/\/www.cbdretail.ch\/pt-br\/wp-json\/wp\/v2\/tags?post=2563"}],"curies":[{"name":"wp","href":"https:\/\/api.w.org\/{rel}","templated":true}]}}