{"id":2564,"date":"2017-10-13T15:14:29","date_gmt":"2017-10-13T15:14:29","guid":{"rendered":"https:\/\/www.cbdretail.ch\/%d7%a7%d7%9e%d7%a2%d7%95%d7%a0%d7%90%d7%95%d7%aa-cbd\/"},"modified":"2017-10-13T15:14:29","modified_gmt":"2017-10-13T15:14:29","slug":"%d7%a7%d7%9e%d7%a2%d7%95%d7%a0%d7%90%d7%95%d7%aa-cbd","status":"publish","type":"page","link":"https:\/\/www.cbdretail.ch\/he\/","title":{"rendered":"\u05e7\u05de\u05e2\u05d5\u05e0\u05d0\u05d5\u05ea CBD"},"content":{"rendered":"<div class=\"col-md-5\">\n<h3>  \u05e7\u05de\u05e2\u05d5\u05e0\u05d0\u05d5\u05ea CBD<\/h3>\n<p><span id=\"result_box\" class=\"\" lang=\"en\"><img loading=\"lazy\" decoding=\"async\" class=\"alignleft wp-image-290 size-thumbnail\" src=\"https:\/\/www.cbdretail.ch\/wp-content\/uploads\/2024\/12\/Untitled-150x150.jpg\" alt=\"\" width=\"150\" height=\"150\" srcset=\"https:\/\/www.cbdretail.ch\/wp-content\/uploads\/2024\/12\/Untitled-150x150.jpg 150w, https:\/\/www.cbdretail.ch\/wp-content\/uploads\/2024\/12\/Untitled-300x300.jpg 300w, https:\/\/www.cbdretail.ch\/wp-content\/uploads\/2024\/12\/Untitled-768x768.jpg 768w, https:\/\/www.cbdretail.ch\/wp-content\/uploads\/2024\/12\/Untitled.jpg 1024w\" sizes=\"auto, (max-width: 150px) 100vw, 150px\" \/>\u05e7\u05e0\u05d0\u05d1\u05d9\u05e1 \u05e9\u05d5\u05d5\u05d9\u05e6\u05e8\u05d9 CBD \u05e1\u05d9\u05d8\u05d5\u05e0\u05d0\u05d9.  <span class=\"\">\u05db\u05dc \u05d4\u05de\u05d5\u05e6\u05e8\u05d9\u05dd \u05e9\u05dc\u05e0\u05d5 \u05e2\u05d5\u05de\u05d3\u05d9\u05dd \u05d1\u05d7\u05d5\u05e7 \u05d5\u05de\u05db\u05d9\u05dc\u05d9\u05dd \u05e4\u05d7\u05d5\u05ea \u05de-1% THC.<\/span><\/span><\/p>\n<\/div>\n<div class=\"col-md-6 col-md-offset-1\"><span id=\"result_box\" class=\"\" lang=\"en\">\u05d4\u05de\u05d1\u05e6\u05e2 \u05d6\u05de\u05d9\u05df \u05e8\u05e7 \u05dc\u05e9\u05d5\u05d5\u05d9\u05e6\u05e8\u05d9\u05dd \u05d5\u05e8\u05e7 \u05dc\u05d0\u05e0\u05e9\u05d9 \u05de\u05e7\u05e6\u05d5\u05e2 \u05de\u05d5\u05e8\u05e9\u05d9\u05dd. \u05e1\u05e4\u05e7 \u05e7\u05e0\u05d0\u05d1\u05d9\u05e1 \u05e9\u05d5\u05d5\u05d9\u05e6\u05e8\u05d9 CBD. \u05d9\u05d9\u05e6\u05d5\u05e8 \u05e7\u05e0\u05d0\u05d1\u05d9\u05e1 CBD \u05d7\u05d5\u05e7\u05d9 \u05e9\u05d5\u05d5\u05d9\u05e6\u05e8\u05d9. \u05d7\u05de\u05de\u05d4 \u05dc\u05dc\u05d0 \u05d3\u05e9\u05e0\u05d9\u05dd \u05d0\u05d5 \u05d7\u05d5\u05de\u05e8\u05d9 \u05d4\u05d3\u05d1\u05e8\u05d4 \u05db\u05d9\u05de\u05d9\u05d9\u05dd. \u05e7\u05e0\u05d4 \u05de\u05db\u05d9\u05e8\u05d4 \u05d7\u05d5\u05e7\u05d9\u05ea \u05e1\u05d9\u05d8\u05d5\u05e0\u05d0\u05d9\u05ea \u05d1\u05e9\u05d5\u05d5\u05d9\u05e5.      <span class=\"\">\u05de\u05e1\u05e4\u05e8 \u05e1\u05d5\u05d2\u05d9\u05dd \u05d6\u05de\u05d9\u05e0\u05d9\u05dd \u05e2\u05d1\u05d5\u05e8 \u05e1\u05d9\u05d8\u05d5\u05e0\u05d0\u05d9\u05dd \u05d5\u05de\u05e4\u05d9\u05e6\u05d9\u05dd.<br \/>\n<\/span><\/span><span class=\"\" lang=\"en\"><span class=\"\" lang=\"en\"><span title=\"D\u00e9couvrez nos produits cbd \u00e0 base de biologische \u05e7\u05e0\u05d0\u05d1\u05d9\u05e1!  \">\u05d2\u05dc\u05d4 \u05d0\u05ea \u05d4\u05de\u05d5\u05e6\u05e8\u05d9\u05dd \u05e9\u05dc\u05e0\u05d5 cbd \u05d4\u05de\u05d1\u05d5\u05e1\u05e1\u05d9\u05dd \u05e2\u05dc \u05e7\u05e0\u05d0\u05d1\u05d9\u05e1 \u05d0\u05d5\u05e8\u05d2\u05e0\u05d9!<\/span><\/span><\/span><\/div>\n<div><\/div>\n<div><\/div>\n<div class=\"col-md-6 col-md-offset-1\">\n<p>&nbsp;<\/p>\n<p>\u05d4\u05de\u05d5\u05e6\u05e8\u05d9\u05dd \u05e9\u05dc\u05e0\u05d5<\/p>\n<\/div>\n<div>\n<p><img loading=\"lazy\" decoding=\"async\" class=\"alignleft wp-image-284 size-thumbnail\" src=\"https:\/\/www.cbdretail.ch\/wp-content\/uploads\/2024\/12\/WhatsApp-Image-2024-12-26-at-00.46.31-150x150.jpeg\" alt=\"\" width=\"150\" height=\"150\" srcset=\"https:\/\/www.cbdretail.ch\/wp-content\/uploads\/2024\/12\/WhatsApp-Image-2024-12-26-at-00.46.31-150x150.jpeg 150w, https:\/\/www.cbdretail.ch\/wp-content\/uploads\/2024\/12\/WhatsApp-Image-2024-12-26-at-00.46.31-300x300.jpeg 300w, https:\/\/www.cbdretail.ch\/wp-content\/uploads\/2024\/12\/WhatsApp-Image-2024-12-26-at-00.46.31-768x768.jpeg 768w, https:\/\/www.cbdretail.ch\/wp-content\/uploads\/2024\/12\/WhatsApp-Image-2024-12-26-at-00.46.31.jpeg 1024w\" sizes=\"auto, (max-width: 150px) 100vw, 150px\" \/><span title=\"Notre \u05e7\u05e0\u05d0\u05d1\u05d9\u05e1 cbd est garantie 100% \u05ea\u05d5\u05e6\u05e8\u05ea \u05e9\u05d5\u05d5\u05d9\u05e6\u05e8 \u05e2\u05dd \u05d4\u05e1\u05de\u05db\u05d4 \u05e9\u05dc THC \u05d1\u05e9\u05d9\u05e2\u05d5\u05e8 \u05e9\u05dc 1% \u05d5-CBD \u05e9\u05dc 14% \u05d1-18% \u05e2\u05dd \u05d4\u05e1\u05de\u05db\u05d4 \u05e9\u05dc \u05de\u05e2\u05d1\u05d3\u05d4.\">\u05e7\u05e0\u05d0\u05d1\u05d9\u05e1 cbd \u05e9\u05dc\u05e0\u05d5 \u05de\u05d5\u05d1\u05d8\u05d7 100% \u05ea\u05d5\u05e6\u05e8\u05ea \u05e9\u05d5\u05d5\u05d9\u05e6\u05e8 \u05e2\u05dd \u05ea\u05db\u05d5\u05dc\u05ea THC \u05e9\u05dc \u05e4\u05d7\u05d5\u05ea \u05de-1% \u05d5\u05e9\u05d9\u05e2\u05d5\u05e8 CBD \u05e9\u05dc 14% \u05e2\u05d3 18% \u05d1\u05d4\u05ea\u05d0\u05dd \u05dc\u05e7\u05e6\u05d9\u05e8 \u05e2\u05dd \u05d4\u05e1\u05de\u05db\u05d4 \u05e2\u05dc \u05d9\u05d3\u05d9 \u05de\u05e2\u05d1\u05d3\u05d4 \u05de\u05d0\u05d5\u05e9\u05e8\u05ea.<\/span> <span title=\"Nous voulons le maximum de transparence sur nos produits. \">\u05d0\u05e0\u05d7\u05e0\u05d5 \u05e8\u05d5\u05e6\u05d9\u05dd \u05e9\u05e7\u05d9\u05e4\u05d5\u05ea \u05de\u05e8\u05d1\u05d9\u05ea \u05e2\u05dc \u05d4\u05de\u05d5\u05e6\u05e8\u05d9\u05dd \u05e9\u05dc\u05e0\u05d5.<\/span><br \/>\n <span title=\"Cultiv\u00e9e sur les terres du Sseeland dans la plus \u05de\u05e1\u05d5\u05e8\u05ea \u05d8\u05d4\u05d5\u05e8\u05d4 des chanvriers suisses, notre cannabis est organique et issue d'une agriculture respectueuse de l'environnement. \">\u05d2\u05d3\u05dc \u05e2\u05dc \u05d0\u05d3\u05de\u05ea \u05e1\u05d9\u05dc\u05e0\u05d3 \u05d1\u05de\u05e1\u05d5\u05e8\u05ea \u05d4\u05d8\u05d4\u05d5\u05e8\u05d4 \u05d1\u05d9\u05d5\u05ea\u05e8 \u05e9\u05dc \u05e6'\u05e0\u05d8\u05e8\u05e8\u05d9 \u05e9\u05d5\u05d5\u05d9\u05e6\u05e8\u05d9\u05d9\u05dd, \u05d4\u05e7\u05e0\u05d0\u05d1\u05d9\u05e1 \u05e9\u05dc\u05e0\u05d5 \u05d4\u05d5\u05d0 \u05d0\u05d5\u05e8\u05d2\u05e0\u05d9 \u05d5\u05de\u05d2\u05d9\u05e2 \u05de\u05d7\u05e7\u05dc\u05d0\u05d5\u05ea \u05d9\u05d3\u05d9\u05d3\u05d5\u05ea\u05d9\u05ea \u05dc\u05e1\u05d1\u05d9\u05d1\u05d4.<\/span><br \/>\n <span title=\"Profitez de la saveur et des bienfaits du cannabis cbd sans les effets ind\u00e9sirables! \">\u05ea\u05d4\u05e0\u05d4 \u05de\u05d4\u05d8\u05e2\u05dd \u05d5\u05de\u05d4\u05d9\u05ea\u05e8\u05d5\u05e0\u05d5\u05ea \u05e9\u05dc \u05e7\u05e0\u05d0\u05d1\u05d9\u05e1 cbd \u05dc\u05dc\u05d0 \u05d4\u05d4\u05e9\u05e4\u05e2\u05d5\u05ea \u05d4\u05dc\u05d0 \u05e8\u05e6\u05d5\u05d9\u05d5\u05ea!<\/span> <span title=\"\u05d1\u05db\u05d5\u05e8\u05d4 \u05e9\u05dc Notre mati\u00e8re \"><strong>\u05d7\u05d5\u05de\u05e8 \u05d4\u05d2\u05dc\u05dd \u05e9\u05dc\u05e0\u05d5<\/strong><\/span><br \/>\n <span title=\"Chez Le Riff nous travaillons \u05d1\u05dc\u05e2\u05d3\u05d9 \u05e2\u05dd \u05de\u05e7\u05d5\u05de\u05d5\u05ea \u05d4\u05d9\u05d9\u05e6\u05d5\u05e8 \u05d4\u05de\u05ea\u05de\u05d9\u05d3\u05d9\u05dd \u05d1\u05de\u05e1\u05d5\u05e8\u05ea \u05e1\u05d5\u05d5\u05d9\u05e1 \u05ea\u05e8\u05d1\u05d5\u05ea\u05d9 \u05ea\u05e8\u05d1\u05d5\u05ea \u05e1\u05d5\u05d5\u05d9\u05e1\u05d4 \u05d0\u05e4\u05d9\u05e0\u05d9 \u05d0\u05e8\u05d1\u05e2\u05ea \u05d4\u05e6\u05de\u05d7\u05d9\u05dd \u05d4\u05e2\u05d9\u05dc\u05d9\u05ea \u05d0\u05d9\u05db\u05d5\u05ea \u05e2\u05e9\u05d9\u05e8\u05d4 \u05d1-CBD. \">\u05d1-CBD Retail \u05d0\u05e0\u05d5 \u05e2\u05d5\u05d1\u05d3\u05d9\u05dd \u05d0\u05da \u05d5\u05e8\u05e7 \u05e2\u05dd \u05d9\u05e6\u05e8\u05e0\u05d9\u05dd \u05de\u05e7\u05d5\u05de\u05d9\u05d9\u05dd \u05e9\u05de\u05de\u05e9\u05d9\u05db\u05d9\u05dd \u05d0\u05ea \u05d4\u05de\u05e1\u05d5\u05e8\u05ea \u05d4\u05e9\u05d5\u05d5\u05d9\u05e6\u05e8\u05d9\u05ea \u05e9\u05dc \u05d2\u05d9\u05d3\u05d5\u05dc \u05e7\u05e0\u05d1\u05d5\u05e1 \u05db\u05d3\u05d9 \u05dc\u05e1\u05e4\u05e7 \u05dc\u05db\u05dd \u05e6\u05de\u05d7 \u05d1\u05d0\u05d9\u05db\u05d5\u05ea \u05d2\u05d1\u05d5\u05d4\u05d4 \u05d4\u05e2\u05e9\u05d9\u05e8 \u05d1-CBD.<\/span> <span title=\"\u05ea\u05e8\u05e9\u05d9\u05dd \u05e0\u05d5\u05d8\u05e8 \"><strong>\u05d4\u05d0\u05de\u05e0\u05d4 \u05e9\u05dc\u05e0\u05d5<\/strong><\/span><br \/>\n <span title=\"Des tests sont r\u00e9alis\u00e9s tout au long des processus de production et de fabrication afin d'assurer le respect des normes Qualit\u00e9 suisse. \">\u05d1\u05d3\u05d9\u05e7\u05d5\u05ea \u05de\u05d1\u05d5\u05e6\u05e2\u05d5\u05ea \u05dc\u05d0\u05d5\u05e8\u05da \u05db\u05dc \u05ea\u05d4\u05dc\u05d9\u05db\u05d9 \u05d4\u05d9\u05d9\u05e6\u05d5\u05e8 \u05d5\u05d4\u05d9\u05d9\u05e6\u05d5\u05e8 \u05db\u05d3\u05d9 \u05dc\u05d4\u05d1\u05d8\u05d9\u05d7 \u05e2\u05de\u05d9\u05d3\u05d4 \u05d1\u05ea\u05e7\u05e0\u05d9 \u05d4\u05d0\u05d9\u05db\u05d5\u05ea \u05d4\u05e9\u05d5\u05d5\u05d9\u05e6\u05e8\u05d9\u05d9\u05dd.<\/span><\/p>\n<h3><img loading=\"lazy\" decoding=\"async\" class=\" wp-image-187 alignleft zoooom\" src=\"https:\/\/www.cbdretail.ch\/wp-content\/uploads\/2017\/10\/cbd-cannabis-vente-en-gros-grossistes-professionnelle-distributeurs-fournisseurs-importateurs-exportateurs-retailers-retail-hemp-stores-THC-02-1-225x300.jpg\" alt=\"\" width=\"182\" height=\"243\" srcset=\"https:\/\/www.cbdretail.ch\/wp-content\/uploads\/2017\/10\/cbd-cannabis-vente-en-gros-grossistes-professionnelle-distributeurs-fournisseurs-importateurs-exportateurs-retailers-retail-hemp-stores-THC-02-1-225x300.jpg 225w, https:\/\/www.cbdretail.ch\/wp-content\/uploads\/2017\/10\/cbd-cannabis-vente-en-gros-grossistes-professionnelle-distributeurs-fournisseurs-importateurs-exportateurs-retailers-retail-hemp-stores-THC-02-1-768x1024.jpg 768w, https:\/\/www.cbdretail.ch\/wp-content\/uploads\/2017\/10\/cbd-cannabis-vente-en-gros-grossistes-professionnelle-distributeurs-fournisseurs-importateurs-exportateurs-retailers-retail-hemp-stores-THC-02-1.jpg 1425w\" sizes=\"auto, (max-width: 182px) 100vw, 182px\" \/><\/h3>\n<p><span title=\"\u05d7\u05e7\u05dc\u05d0\u05d5\u05ea \u05d1\u05d9\u05d5\u05dc\u05d5\u05d2\u05d9\u05ea \u05d5\u05e1\u05d1\u05d9\u05d1\u05d4  \"><strong>\u05d7\u05e7\u05dc\u05d0\u05d5\u05ea \u05d0\u05d5\u05e8\u05d2\u05e0\u05d9\u05ea \u05d5\u05e1\u05d1\u05d9\u05d1\u05d4<\/strong><br \/>\n<\/span><\/p>\n<p><span title=\"Notre cannabis cbd est 100% \u05d0\u05d5\u05e8\u05d2\u05e0\u05d9, cultiv\u00e9e sans \u05d7\u05d5\u05de\u05e8\u05d9 \u05d4\u05d3\u05d1\u05e8\u05d4 ni engrais chimiques.\">\u05e7\u05e0\u05d0\u05d1\u05d9\u05e1 cbd \u05e9\u05dc\u05e0\u05d5 \u05d4\u05d5\u05d0 100% \u05d0\u05d5\u05e8\u05d2\u05e0\u05d9, \u05d2\u05d3\u05dc \u05dc\u05dc\u05d0 \u05d7\u05d5\u05de\u05e8\u05d9 \u05d4\u05d3\u05d1\u05e8\u05d4 \u05d0\u05d5 \u05d3\u05e9\u05e0\u05d9\u05dd \u05db\u05d9\u05de\u05d9\u05d9\u05dd.<\/span> <span title=\"Nous avons opt\u00e9 pour une culture sous serre pour r\u00e9duire notre empreinte carbone et garantir une croissance optimale des plants toute l'ann\u00e9e. \">\u05d1\u05d7\u05e8\u05e0\u05d5 \u05d1\u05d2\u05d9\u05d3\u05d5\u05dc \u05d7\u05de\u05de\u05d4 \u05db\u05d3\u05d9 \u05dc\u05d4\u05e4\u05d7\u05d9\u05ea \u05d0\u05ea \u05d8\u05d1\u05d9\u05e2\u05ea \u05d4\u05e8\u05d2\u05dc \u05d4\u05e4\u05d7\u05de\u05e0\u05d9\u05ea \u05e9\u05dc\u05e0\u05d5 \u05d5\u05dc\u05d4\u05d1\u05d8\u05d9\u05d7 \u05e6\u05de\u05d9\u05d7\u05d4 \u05de\u05d9\u05d8\u05d1\u05d9\u05ea \u05e9\u05dc \u05e6\u05de\u05d7\u05d9\u05dd \u05dc\u05d0\u05d5\u05e8\u05da \u05db\u05dc \u05d4\u05e9\u05e0\u05d4.<\/span><br \/>\n <span title=\"\u05d0\u05d9\u05df \u05d7\u05e7\u05dc\u05d0\u05d9\u05dd, \u05de\u05ea\u05dc\u05d4\u05d1\u05d9\u05dd, \u05e0\u05e1\u05d9\u05e2\u05d5\u05ea \u05dc\u05d4\u05e4\u05e7\u05ea \u05e7\u05e0\u05d0\u05d1\u05d9\u05e1 \u05d5\u05ea\u05d5\u05de\u05db\u05d9\u05dd \u05d1\u05db\u05d1\u05d5\u05d3 \u05dc\u05e1\u05d1\u05d9\u05d1\u05d4. \">\u05d4\u05d7\u05e7\u05dc\u05d0\u05d9\u05dd \u05d4\u05e0\u05dc\u05d4\u05d1\u05d9\u05dd \u05e9\u05dc\u05e0\u05d5 \u05e4\u05d5\u05e2\u05dc\u05d9\u05dd \u05dc\u05d9\u05d9\u05e6\u05e8 \u05d0\u05ea \u05d4\u05e7\u05e0\u05d0\u05d1\u05d9\u05e1 \u05d4\u05d8\u05d5\u05d1 \u05d1\u05d9\u05d5\u05ea\u05e8 \u05ea\u05d5\u05da \u05db\u05d9\u05d1\u05d5\u05d3 \u05d4\u05e1\u05d1\u05d9\u05d1\u05d4.<\/span> <span title=\"\u05dc\u05d0 \u05e9\u05d5\u05ea\u05e4\u05d9\u05dd \"><strong>\u05d4\u05e9\u05d5\u05ea\u05e4\u05d9\u05dd \u05e9\u05dc\u05e0\u05d5<\/strong><\/span><br \/>\n <span title=\"Du packaging aux produits d\u00e9riv\u00e9s, nous collaborons avec des entreprises locales pour garrant la tra\u00e7abilit\u00e9 de nos produits et vous proposer le meilleur de ce que la Suisse peut nous offrir !\">\u05de\u05d0\u05e8\u05d9\u05d6\u05d5\u05ea \u05d5\u05e2\u05d3 \u05e0\u05d2\u05d6\u05e8\u05d5\u05ea, \u05d0\u05e0\u05d5 \u05de\u05e9\u05ea\u05e4\u05d9\u05dd \u05e4\u05e2\u05d5\u05dc\u05d4 \u05e2\u05dd \u05d7\u05d1\u05e8\u05d5\u05ea \u05de\u05e7\u05d5\u05de\u05d9\u05d5\u05ea \u05db\u05d3\u05d9 \u05dc\u05d4\u05d1\u05d8\u05d9\u05d7 \u05d0\u05ea \u05d4\u05e2\u05e7\u05d9\u05d1\u05d5\u05ea \u05e9\u05dc \u05d4\u05de\u05d5\u05e6\u05e8\u05d9\u05dd \u05e9\u05dc\u05e0\u05d5 \u05d5\u05dc\u05d4\u05e6\u05d9\u05e2 \u05dc\u05da \u05d0\u05ea \u05d4\u05d8\u05d5\u05d1 \u05d1\u05d9\u05d5\u05ea\u05e8 \u05de\u05de\u05d4 \u05e9\u05e9\u05d5\u05d5\u05d9\u05e5 \u05d9\u05db\u05d5\u05dc\u05d4 \u05dc\u05d4\u05e6\u05d9\u05e2!<\/span><\/p>\n<\/div>\n","protected":false},"excerpt":{"rendered":"<p>\u05e7\u05de\u05e2\u05d5\u05e0\u05d0\u05d5\u05ea CBD \u05e7\u05e0\u05d0\u05d1\u05d9\u05e1 \u05e9\u05d5\u05d5\u05d9\u05e6\u05e8\u05d9 CBD \u05e1\u05d9\u05d8\u05d5\u05e0\u05d0\u05d9. \u05db\u05dc \u05d4\u05de\u05d5\u05e6\u05e8\u05d9\u05dd \u05e9\u05dc\u05e0\u05d5 \u05e2\u05d5\u05de\u05d3\u05d9\u05dd \u05d1\u05d7\u05d5\u05e7 \u05d5\u05de\u05db\u05d9\u05dc\u05d9\u05dd \u05e4\u05d7\u05d5\u05ea \u05de-1% THC. \u05d4\u05de\u05d1\u05e6\u05e2 \u05d6\u05de\u05d9\u05df \u05e8\u05e7 \u05dc\u05e9\u05d5\u05d5\u05d9\u05e6\u05e8\u05d9\u05dd \u05d5\u05e8\u05e7 \u05dc\u05d0\u05e0\u05e9\u05d9 \u05de\u05e7\u05e6\u05d5\u05e2 \u05de\u05d5\u05e8\u05e9\u05d9\u05dd. \u05e1\u05e4\u05e7 \u05e7\u05e0\u05d0\u05d1\u05d9\u05e1 \u05e9\u05d5\u05d5\u05d9\u05e6\u05e8\u05d9 CBD. \u05d9\u05d9\u05e6\u05d5\u05e8 \u05e7\u05e0\u05d0\u05d1\u05d9\u05e1 CBD \u05d7\u05d5\u05e7\u05d9 \u05e9\u05d5\u05d5\u05d9\u05e6\u05e8\u05d9. \u05d7\u05de\u05de\u05d4 \u05dc\u05dc\u05d0 \u05d3\u05e9\u05e0\u05d9\u05dd \u05d0\u05d5 \u05d7\u05d5\u05de\u05e8\u05d9 \u05d4\u05d3\u05d1\u05e8\u05d4 \u05db\u05d9\u05de\u05d9\u05d9\u05dd. \u05e7\u05e0\u05d4 \u05de\u05db\u05d9\u05e8\u05d4 \u05d7\u05d5\u05e7\u05d9\u05ea \u05e1\u05d9\u05d8\u05d5\u05e0\u05d0\u05d9\u05ea \u05d1\u05e9\u05d5\u05d5\u05d9\u05e5. \u05de\u05e1\u05e4\u05e8 \u05e1\u05d5\u05d2\u05d9\u05dd \u05d6\u05de\u05d9\u05e0\u05d9\u05dd \u05e2\u05d1\u05d5\u05e8 \u05e1\u05d9\u05d8\u05d5\u05e0\u05d0\u05d9\u05dd \u05d5\u05de\u05e4\u05d9\u05e6\u05d9\u05dd. \u05d2\u05dc\u05d4 \u05d0\u05ea \u05d4\u05de\u05d5\u05e6\u05e8\u05d9\u05dd \u05e9\u05dc\u05e0\u05d5 cbd&#8230;<\/p>\n<p class=\"more-link\"><a href=\"https:\/\/www.cbdretail.ch\/he\/\"><span>Read More<\/span><i>&#43;<\/i><\/a><\/p>\n","protected":false},"author":1,"featured_media":0,"parent":0,"menu_order":0,"comment_status":"closed","ping_status":"closed","template":"","meta":{"footnotes":""},"tags":[287,286,289,285,291,290,295,288,284,282,292,293,283,294],"class_list":{"0":"post-2564","1":"page","2":"type-page","3":"status-publish","4":"hentry","5":"tag-cbd--ch","6":"tag-286","7":"tag-289","8":"tag--cbd-","9":"tag--cbd","11":"tag-295","12":"tag-288","13":"tag---cbd","15":"tag-292","16":"tag-293"},"yoast_head":"<!-- This site is optimized with the Yoast SEO plugin v24.8.1 - https:\/\/yoast.com\/wordpress\/plugins\/seo\/ -->\n<title>\u05e1\u05d9\u05d8\u05d5\u05e0\u05d0\u05d9 \u05e9\u05d5\u05d5\u05d9\u05e6\u05e8\u05d9 CBD \u05e7\u05e0\u05d0\u05d1\u05d9\u05e1 - CBD Retail<\/title>\n<meta name=\"description\" content=\"\u05e7\u05e0\u05d0\u05d1\u05d9\u05e1 CBD \u05e7\u05de\u05e2\u05d5\u05e0\u05d0\u05d9 \u05e1\u05d9\u05d8\u05d5\u05e0\u05d0\u05d9 \u05e9\u05d5\u05d5\u05d9\u05e6\u05e8\u05d9 \u05e7\u05e0\u05d0\u05d1\u05d9\u05e1 CBD. \u05db\u05dc \u05d4\u05de\u05d5\u05e6\u05e8\u05d9\u05dd \u05e9\u05dc\u05e0\u05d5 \u05e2\u05d5\u05de\u05d3\u05d9\u05dd \u05d1\u05d7\u05d5\u05e7 \u05d5\u05de\u05db\u05d9\u05dc\u05d9\u05dd \u05e4\u05d7\u05d5\u05ea \u05de-1% THC.\" \/>\n<meta name=\"robots\" content=\"index, follow, max-snippet:-1, max-image-preview:large, max-video-preview:-1\" \/>\n<link rel=\"canonical\" href=\"https:\/\/www.cbdretail.ch\/he\/\" \/>\n<meta property=\"og:locale\" content=\"he_IL\" \/>\n<meta property=\"og:type\" content=\"article\" \/>\n<meta property=\"og:title\" content=\"\u05e1\u05d9\u05d8\u05d5\u05e0\u05d0\u05d9 \u05e9\u05d5\u05d5\u05d9\u05e6\u05e8\u05d9 CBD \u05e7\u05e0\u05d0\u05d1\u05d9\u05e1 - CBD Retail\" \/>\n<meta property=\"og:description\" content=\"\u05e7\u05e0\u05d0\u05d1\u05d9\u05e1 CBD \u05e7\u05de\u05e2\u05d5\u05e0\u05d0\u05d9 \u05e1\u05d9\u05d8\u05d5\u05e0\u05d0\u05d9 \u05e9\u05d5\u05d5\u05d9\u05e6\u05e8\u05d9 \u05e7\u05e0\u05d0\u05d1\u05d9\u05e1 CBD. \u05db\u05dc \u05d4\u05de\u05d5\u05e6\u05e8\u05d9\u05dd \u05e9\u05dc\u05e0\u05d5 \u05e2\u05d5\u05de\u05d3\u05d9\u05dd \u05d1\u05d7\u05d5\u05e7 \u05d5\u05de\u05db\u05d9\u05dc\u05d9\u05dd \u05e4\u05d7\u05d5\u05ea \u05de-1% THC.\" \/>\n<meta property=\"og:url\" content=\"https:\/\/www.cbdretail.ch\/he\/\" \/>\n<meta property=\"og:site_name\" content=\"CBD Retail\" \/>\n<meta property=\"og:image\" content=\"https:\/\/www.cbdretail.ch\/wp-content\/uploads\/2024\/12\/Untitled.jpg\" \/>\n\t<meta property=\"og:image:width\" content=\"1024\" \/>\n\t<meta property=\"og:image:height\" content=\"1024\" \/>\n\t<meta property=\"og:image:type\" content=\"image\/jpeg\" \/>\n<meta name=\"twitter:card\" content=\"summary_large_image\" \/>\n<script type=\"application\/ld+json\" class=\"yoast-schema-graph\">{\"@context\":\"https:\/\/schema.org\",\"@graph\":[{\"@type\":\"WebPage\",\"@id\":\"https:\/\/www.cbdretail.ch\/he\/\",\"url\":\"https:\/\/www.cbdretail.ch\/he\/\",\"name\":\"\u05e1\u05d9\u05d8\u05d5\u05e0\u05d0\u05d9 \u05e9\u05d5\u05d5\u05d9\u05e6\u05e8\u05d9 CBD \u05e7\u05e0\u05d0\u05d1\u05d9\u05e1 - CBD Retail\",\"isPartOf\":{\"@id\":\"https:\/\/www.cbdretail.ch\/he\/#website\"},\"primaryImageOfPage\":{\"@id\":\"https:\/\/www.cbdretail.ch\/he\/#primaryimage\"},\"image\":{\"@id\":\"https:\/\/www.cbdretail.ch\/he\/#primaryimage\"},\"thumbnailUrl\":\"https:\/\/www.cbdretail.ch\/wp-content\/uploads\/2024\/12\/Untitled-150x150.jpg\",\"datePublished\":\"2017-10-13T15:14:29+00:00\",\"description\":\"\u05e7\u05e0\u05d0\u05d1\u05d9\u05e1 CBD \u05e7\u05de\u05e2\u05d5\u05e0\u05d0\u05d9 \u05e1\u05d9\u05d8\u05d5\u05e0\u05d0\u05d9 \u05e9\u05d5\u05d5\u05d9\u05e6\u05e8\u05d9 \u05e7\u05e0\u05d0\u05d1\u05d9\u05e1 CBD. \u05db\u05dc \u05d4\u05de\u05d5\u05e6\u05e8\u05d9\u05dd \u05e9\u05dc\u05e0\u05d5 \u05e2\u05d5\u05de\u05d3\u05d9\u05dd \u05d1\u05d7\u05d5\u05e7 \u05d5\u05de\u05db\u05d9\u05dc\u05d9\u05dd \u05e4\u05d7\u05d5\u05ea \u05de-1% THC.\",\"breadcrumb\":{\"@id\":\"https:\/\/www.cbdretail.ch\/he\/#breadcrumb\"},\"inLanguage\":\"he-IL\",\"potentialAction\":[{\"@type\":\"ReadAction\",\"target\":[\"https:\/\/www.cbdretail.ch\/he\/\"]}]},{\"@type\":\"ImageObject\",\"inLanguage\":\"he-IL\",\"@id\":\"https:\/\/www.cbdretail.ch\/he\/#primaryimage\",\"url\":\"https:\/\/www.cbdretail.ch\/wp-content\/uploads\/2024\/12\/Untitled-150x150.jpg\",\"contentUrl\":\"https:\/\/www.cbdretail.ch\/wp-content\/uploads\/2024\/12\/Untitled-150x150.jpg\"},{\"@type\":\"BreadcrumbList\",\"@id\":\"https:\/\/www.cbdretail.ch\/he\/#breadcrumb\",\"itemListElement\":[{\"@type\":\"ListItem\",\"position\":1,\"name\":\"Home\",\"item\":\"https:\/\/www.cbdretail.ch\/he\/%d7%a7%d7%9e%d7%a2%d7%95%d7%a0%d7%90%d7%95%d7%aa-cbd\/\"},{\"@type\":\"ListItem\",\"position\":2,\"name\":\"\u05e7\u05de\u05e2\u05d5\u05e0\u05d0\u05d5\u05ea CBD\"}]},{\"@type\":\"WebSite\",\"@id\":\"https:\/\/www.cbdretail.ch\/he\/#website\",\"url\":\"https:\/\/www.cbdretail.ch\/he\/\",\"name\":\"CBD Retail\",\"description\":\"Cannabis CBD for wholesalers and distributors\",\"publisher\":{\"@id\":\"https:\/\/www.cbdretail.ch\/he\/#organization\"},\"potentialAction\":[{\"@type\":\"SearchAction\",\"target\":{\"@type\":\"EntryPoint\",\"urlTemplate\":\"https:\/\/www.cbdretail.ch\/he\/?s={search_term_string}\"},\"query-input\":{\"@type\":\"PropertyValueSpecification\",\"valueRequired\":true,\"valueName\":\"search_term_string\"}}],\"inLanguage\":\"he-IL\"},{\"@type\":\"Organization\",\"@id\":\"https:\/\/www.cbdretail.ch\/he\/#organization\",\"name\":\"CBD Retail\",\"url\":\"https:\/\/www.cbdretail.ch\/he\/\",\"logo\":{\"@type\":\"ImageObject\",\"inLanguage\":\"he-IL\",\"@id\":\"https:\/\/www.cbdretail.ch\/he\/#\/schema\/logo\/image\/\",\"url\":\"https:\/\/www.cbdretail.ch\/wp-content\/uploads\/2024\/12\/cropped-WhatsApp-Image-2024-12-26-at-00.46.31.jpeg\",\"contentUrl\":\"https:\/\/www.cbdretail.ch\/wp-content\/uploads\/2024\/12\/cropped-WhatsApp-Image-2024-12-26-at-00.46.31.jpeg\",\"width\":792,\"height\":719,\"caption\":\"CBD Retail\"},\"image\":{\"@id\":\"https:\/\/www.cbdretail.ch\/he\/#\/schema\/logo\/image\/\"}}]}<\/script>\n<!-- \/ Yoast SEO plugin. -->","yoast_head_json":{"title":"\u05e1\u05d9\u05d8\u05d5\u05e0\u05d0\u05d9 \u05e9\u05d5\u05d5\u05d9\u05e6\u05e8\u05d9 CBD \u05e7\u05e0\u05d0\u05d1\u05d9\u05e1 - CBD Retail","description":"\u05e7\u05e0\u05d0\u05d1\u05d9\u05e1 CBD \u05e7\u05de\u05e2\u05d5\u05e0\u05d0\u05d9 \u05e1\u05d9\u05d8\u05d5\u05e0\u05d0\u05d9 \u05e9\u05d5\u05d5\u05d9\u05e6\u05e8\u05d9 \u05e7\u05e0\u05d0\u05d1\u05d9\u05e1 CBD. \u05db\u05dc \u05d4\u05de\u05d5\u05e6\u05e8\u05d9\u05dd \u05e9\u05dc\u05e0\u05d5 \u05e2\u05d5\u05de\u05d3\u05d9\u05dd \u05d1\u05d7\u05d5\u05e7 \u05d5\u05de\u05db\u05d9\u05dc\u05d9\u05dd \u05e4\u05d7\u05d5\u05ea \u05de-1% THC.","robots":{"index":"index","follow":"follow","max-snippet":"max-snippet:-1","max-image-preview":"max-image-preview:large","max-video-preview":"max-video-preview:-1"},"canonical":"https:\/\/www.cbdretail.ch\/he\/","og_locale":"he_IL","og_type":"article","og_title":"\u05e1\u05d9\u05d8\u05d5\u05e0\u05d0\u05d9 \u05e9\u05d5\u05d5\u05d9\u05e6\u05e8\u05d9 CBD \u05e7\u05e0\u05d0\u05d1\u05d9\u05e1 - CBD Retail","og_description":"\u05e7\u05e0\u05d0\u05d1\u05d9\u05e1 CBD \u05e7\u05de\u05e2\u05d5\u05e0\u05d0\u05d9 \u05e1\u05d9\u05d8\u05d5\u05e0\u05d0\u05d9 \u05e9\u05d5\u05d5\u05d9\u05e6\u05e8\u05d9 \u05e7\u05e0\u05d0\u05d1\u05d9\u05e1 CBD. \u05db\u05dc \u05d4\u05de\u05d5\u05e6\u05e8\u05d9\u05dd \u05e9\u05dc\u05e0\u05d5 \u05e2\u05d5\u05de\u05d3\u05d9\u05dd \u05d1\u05d7\u05d5\u05e7 \u05d5\u05de\u05db\u05d9\u05dc\u05d9\u05dd \u05e4\u05d7\u05d5\u05ea \u05de-1% THC.","og_url":"https:\/\/www.cbdretail.ch\/he\/","og_site_name":"CBD Retail","og_image":[{"width":1024,"height":1024,"url":"https:\/\/www.cbdretail.ch\/wp-content\/uploads\/2024\/12\/Untitled.jpg","type":"image\/jpeg"}],"twitter_card":"summary_large_image","schema":{"@context":"https:\/\/schema.org","@graph":[{"@type":"WebPage","@id":"https:\/\/www.cbdretail.ch\/he\/","url":"https:\/\/www.cbdretail.ch\/he\/","name":"\u05e1\u05d9\u05d8\u05d5\u05e0\u05d0\u05d9 \u05e9\u05d5\u05d5\u05d9\u05e6\u05e8\u05d9 CBD \u05e7\u05e0\u05d0\u05d1\u05d9\u05e1 - CBD Retail","isPartOf":{"@id":"https:\/\/www.cbdretail.ch\/he\/#website"},"primaryImageOfPage":{"@id":"https:\/\/www.cbdretail.ch\/he\/#primaryimage"},"image":{"@id":"https:\/\/www.cbdretail.ch\/he\/#primaryimage"},"thumbnailUrl":"https:\/\/www.cbdretail.ch\/wp-content\/uploads\/2024\/12\/Untitled-150x150.jpg","datePublished":"2017-10-13T15:14:29+00:00","description":"\u05e7\u05e0\u05d0\u05d1\u05d9\u05e1 CBD \u05e7\u05de\u05e2\u05d5\u05e0\u05d0\u05d9 \u05e1\u05d9\u05d8\u05d5\u05e0\u05d0\u05d9 \u05e9\u05d5\u05d5\u05d9\u05e6\u05e8\u05d9 \u05e7\u05e0\u05d0\u05d1\u05d9\u05e1 CBD. \u05db\u05dc \u05d4\u05de\u05d5\u05e6\u05e8\u05d9\u05dd \u05e9\u05dc\u05e0\u05d5 \u05e2\u05d5\u05de\u05d3\u05d9\u05dd \u05d1\u05d7\u05d5\u05e7 \u05d5\u05de\u05db\u05d9\u05dc\u05d9\u05dd \u05e4\u05d7\u05d5\u05ea \u05de-1% THC.","breadcrumb":{"@id":"https:\/\/www.cbdretail.ch\/he\/#breadcrumb"},"inLanguage":"he-IL","potentialAction":[{"@type":"ReadAction","target":["https:\/\/www.cbdretail.ch\/he\/"]}]},{"@type":"ImageObject","inLanguage":"he-IL","@id":"https:\/\/www.cbdretail.ch\/he\/#primaryimage","url":"https:\/\/www.cbdretail.ch\/wp-content\/uploads\/2024\/12\/Untitled-150x150.jpg","contentUrl":"https:\/\/www.cbdretail.ch\/wp-content\/uploads\/2024\/12\/Untitled-150x150.jpg"},{"@type":"BreadcrumbList","@id":"https:\/\/www.cbdretail.ch\/he\/#breadcrumb","itemListElement":[{"@type":"ListItem","position":1,"name":"Home","item":"https:\/\/www.cbdretail.ch\/he\/%d7%a7%d7%9e%d7%a2%d7%95%d7%a0%d7%90%d7%95%d7%aa-cbd\/"},{"@type":"ListItem","position":2,"name":"\u05e7\u05de\u05e2\u05d5\u05e0\u05d0\u05d5\u05ea CBD"}]},{"@type":"WebSite","@id":"https:\/\/www.cbdretail.ch\/he\/#website","url":"https:\/\/www.cbdretail.ch\/he\/","name":"CBD Retail","description":"Cannabis CBD for wholesalers and distributors","publisher":{"@id":"https:\/\/www.cbdretail.ch\/he\/#organization"},"potentialAction":[{"@type":"SearchAction","target":{"@type":"EntryPoint","urlTemplate":"https:\/\/www.cbdretail.ch\/he\/?s={search_term_string}"},"query-input":{"@type":"PropertyValueSpecification","valueRequired":true,"valueName":"search_term_string"}}],"inLanguage":"he-IL"},{"@type":"Organization","@id":"https:\/\/www.cbdretail.ch\/he\/#organization","name":"CBD Retail","url":"https:\/\/www.cbdretail.ch\/he\/","logo":{"@type":"ImageObject","inLanguage":"he-IL","@id":"https:\/\/www.cbdretail.ch\/he\/#\/schema\/logo\/image\/","url":"https:\/\/www.cbdretail.ch\/wp-content\/uploads\/2024\/12\/cropped-WhatsApp-Image-2024-12-26-at-00.46.31.jpeg","contentUrl":"https:\/\/www.cbdretail.ch\/wp-content\/uploads\/2024\/12\/cropped-WhatsApp-Image-2024-12-26-at-00.46.31.jpeg","width":792,"height":719,"caption":"CBD Retail"},"image":{"@id":"https:\/\/www.cbdretail.ch\/he\/#\/schema\/logo\/image\/"}}]}},"_links":{"self":[{"href":"https:\/\/www.cbdretail.ch\/he\/wp-json\/wp\/v2\/pages\/2564","targetHints":{"allow":["GET"]}}],"collection":[{"href":"https:\/\/www.cbdretail.ch\/he\/wp-json\/wp\/v2\/pages"}],"about":[{"href":"https:\/\/www.cbdretail.ch\/he\/wp-json\/wp\/v2\/types\/page"}],"author":[{"embeddable":true,"href":"https:\/\/www.cbdretail.ch\/he\/wp-json\/wp\/v2\/users\/1"}],"replies":[{"embeddable":true,"href":"https:\/\/www.cbdretail.ch\/he\/wp-json\/wp\/v2\/comments?post=2564"}],"version-history":[{"count":0,"href":"https:\/\/www.cbdretail.ch\/he\/wp-json\/wp\/v2\/pages\/2564\/revisions"}],"wp:attachment":[{"href":"https:\/\/www.cbdretail.ch\/he\/wp-json\/wp\/v2\/media?parent=2564"}],"wp:term":[{"taxonomy":"post_tag","embeddable":true,"href":"https:\/\/www.cbdretail.ch\/he\/wp-json\/wp\/v2\/tags?post=2564"}],"curies":[{"name":"wp","href":"https:\/\/api.w.org\/{rel}","templated":true}]}}