{"id":2570,"date":"2017-10-13T15:14:29","date_gmt":"2017-10-13T15:14:29","guid":{"rendered":"https:\/\/www.cbdretail.ch\/commerce-de-detail-cbd\/"},"modified":"2017-10-13T15:14:29","modified_gmt":"2017-10-13T15:14:29","slug":"commerce-de-detail-cbd","status":"publish","type":"page","link":"https:\/\/www.cbdretail.ch\/fr\/","title":{"rendered":"Commerce de d\u00e9tail CBD"},"content":{"rendered":"<div class=\"col-md-5\">\n<h3>  Commerce de d\u00e9tail CBD<\/h3>\n<p><span id=\"result_box\" class=\"\" lang=\"en\"><img loading=\"lazy\" decoding=\"async\" class=\"alignleft wp-image-290 size-thumbnail\" src=\"https:\/\/www.cbdretail.ch\/wp-content\/uploads\/2024\/12\/Untitled-150x150.jpg\" alt=\"\" width=\"150\" height=\"150\" srcset=\"https:\/\/www.cbdretail.ch\/wp-content\/uploads\/2024\/12\/Untitled-150x150.jpg 150w, https:\/\/www.cbdretail.ch\/wp-content\/uploads\/2024\/12\/Untitled-300x300.jpg 300w, https:\/\/www.cbdretail.ch\/wp-content\/uploads\/2024\/12\/Untitled-768x768.jpg 768w, https:\/\/www.cbdretail.ch\/wp-content\/uploads\/2024\/12\/Untitled.jpg 1024w\" sizes=\"auto, (max-width: 150px) 100vw, 150px\" \/>Vente en gros de cannabis CBD suisse.  <span class=\"\">Tous nos produits sont conformes \u00e0 la loi et contiennent moins de 1% de THC.<\/span><\/span><\/p>\n<\/div>\n<div class=\"col-md-6 col-md-offset-1\"><span id=\"result_box\" class=\"\" lang=\"en\">La vente est r\u00e9serv\u00e9e aux Suisses et aux professionnels autoris\u00e9s. Fournisseur suisse de cannabis CBD. Production de cannabis CBD l\u00e9gal suisse. Serre sans engrais ni pesticides chimiques. Achat en gros vente l\u00e9gale en Suisse.      <span class=\"\">Plusieurs vari\u00e9t\u00e9s sont disponibles pour les grossistes et les distributeurs.<br \/>\n<\/span><\/span><span class=\"\" lang=\"en\"><span class=\"\" lang=\"en\"><span title=\"D\u00e9couvrez nos produits cbd \u00e0 base de cannabis biologique !  \">D\u00e9couvrez nos produits cbd \u00e0 base de cannabis biologique !<\/span><\/span><\/span><\/div>\n<div><\/div>\n<div><\/div>\n<div class=\"col-md-6 col-md-offset-1\">\n<p>&nbsp;<\/p>\n<p>Nos produits<\/p>\n<\/div>\n<div>\n<p><span title=\"Notre cannabis cbd est garanti 100% Swiss Made avec un taux de THC inf\u00e9rieur \u00e0 1% et un taux de CBD de 14% \u00e0 18% selon r\u00e9colte avec certification par laboratoire agr\u00e9\u00e9.\"><img loading=\"lazy\" decoding=\"async\" class=\"alignleft wp-image-284 size-thumbnail\" src=\"https:\/\/www.cbdretail.ch\/wp-content\/uploads\/2024\/12\/WhatsApp-Image-2024-12-26-at-00.46.31-150x150.jpeg\" alt=\"\" width=\"150\" height=\"150\" srcset=\"https:\/\/www.cbdretail.ch\/wp-content\/uploads\/2024\/12\/WhatsApp-Image-2024-12-26-at-00.46.31-150x150.jpeg 150w, https:\/\/www.cbdretail.ch\/wp-content\/uploads\/2024\/12\/WhatsApp-Image-2024-12-26-at-00.46.31-300x300.jpeg 300w, https:\/\/www.cbdretail.ch\/wp-content\/uploads\/2024\/12\/WhatsApp-Image-2024-12-26-at-00.46.31-768x768.jpeg 768w, https:\/\/www.cbdretail.ch\/wp-content\/uploads\/2024\/12\/WhatsApp-Image-2024-12-26-at-00.46.31.jpeg 1024w\" sizes=\"auto, (max-width: 150px) 100vw, 150px\" \/>Notre cannabis cbd est garanti 100% Swiss Made avec une teneur en THC inf\u00e9rieure \u00e0 1% et un taux de CBD de 14% \u00e0 18% selon la r\u00e9colte avec certification par laboratoire agr\u00e9\u00e9. <\/span><span title=\"Nous voulons le maximum de transparence sur nos produits. \">Nous souhaitons une transparence maximale sur nos produits.<br \/>\n<\/span><span title=\"Cultiv\u00e9 sur les terres du Sseeland dans la plus pure tradition des chanvriers suisses, notre cannabis est organique et issue d'une agriculture respectueuse de l'environnement. \">Cultiv\u00e9 sur les terres du Sseeland dans la plus pure tradition des chanterelles suisses, notre cannabis est biologique et issu d&rsquo;une agriculture respectueuse de l&rsquo;environnement.<br \/>\n<\/span><span title=\"Profitez de la saveur et des bienfaits du cannabis cbd sans les effets ind\u00e9sirables ! \">Profitez de la saveur et des bienfaits du cannabis cbd sans les effets ind\u00e9sirables !<\/span> <span title=\"Notre mati\u00e8re premi\u00e8re \"><strong>Nos mati\u00e8res premi\u00e8res<\/strong><br \/>\n<\/span><span title=\"Chez Le Riff nous travaillons exclusivement avec des producteurs locaux qui perp\u00e9tuent la tradition suisse de culture du chanvre afin de vous fournir une plante de haute qualit\u00e9 riche en CBD. \">Chez CBD Retail, nous travaillons exclusivement avec des producteurs locaux qui perp\u00e9tuent la tradition suisse de la culture du chanvre pour vous fournir une plante de qualit\u00e9 riche en CBD.<\/span> <span title=\"Notre charte \"><strong>Notre charte<\/strong><br \/>\n<\/span><span title=\"Des tests sont r\u00e9alis\u00e9s tout au long des processus de production et de fabrication afin d'assurer le respect des normes Qualit\u00e9 suisse. \">Des tests sont effectu\u00e9s tout au long du processus de production et de fabrication afin de garantir le respect des normes de qualit\u00e9 suisses.<\/span><\/p>\n<h3><img loading=\"lazy\" decoding=\"async\" class=\" wp-image-187 alignleft zoooom\" src=\"https:\/\/www.cbdretail.ch\/wp-content\/uploads\/2017\/10\/cbd-cannabis-vente-en-gros-grossistes-professionnelle-distributeurs-fournisseurs-importateurs-exportateurs-retailers-retail-hemp-stores-THC-02-1-225x300.jpg\" alt=\"\" width=\"182\" height=\"243\" srcset=\"https:\/\/www.cbdretail.ch\/wp-content\/uploads\/2017\/10\/cbd-cannabis-vente-en-gros-grossistes-professionnelle-distributeurs-fournisseurs-importateurs-exportateurs-retailers-retail-hemp-stores-THC-02-1-225x300.jpg 225w, https:\/\/www.cbdretail.ch\/wp-content\/uploads\/2017\/10\/cbd-cannabis-vente-en-gros-grossistes-professionnelle-distributeurs-fournisseurs-importateurs-exportateurs-retailers-retail-hemp-stores-THC-02-1-768x1024.jpg 768w, https:\/\/www.cbdretail.ch\/wp-content\/uploads\/2017\/10\/cbd-cannabis-vente-en-gros-grossistes-professionnelle-distributeurs-fournisseurs-importateurs-exportateurs-retailers-retail-hemp-stores-THC-02-1.jpg 1425w\" sizes=\"auto, (max-width: 182px) 100vw, 182px\" \/><\/h3>\n<p><span title=\"Agriculture Biologique et Environnement  \"><strong>Agriculture biologique et environnement<\/strong><br \/>\n<\/span><\/p>\n<p><span title=\"Notre cannabis cbd est 100% organique, cultiv\u00e9 sans pesticides ni engrais chimiques.\">Notre cannabis cbd est 100% biologique, cultiv\u00e9 sans pesticides ni engrais chimiques. <\/span><span title=\"Nous avons opt\u00e9 pour une culture sous serre pour r\u00e9duire notre empreinte carbone et garantir une croissance optimale des plantes toute l'ann\u00e9e. \">Nous avons opt\u00e9 pour la culture sous serre afin de r\u00e9duire notre empreinte carbone et d&rsquo;assurer une croissance optimale des plantes tout au long de l&rsquo;ann\u00e9e.<br \/>\n<\/span><span title=\"Nos agriculteurs, passionn\u00e9s, travaillent \u00e0 produire la meilleure cannabis tout en respectant l'environnement. \">Nos agriculteurs passionn\u00e9s travaillent pour produire le meilleur cannabis tout en respectant l&rsquo;environnement.<\/span> <span title=\"Nos partenaires \"><strong>Nos partenaires<\/strong><br \/>\n<\/span><span title=\"Du packaging aux produits d\u00e9riv\u00e9s, nous collaborons avec des entreprises locales pour garantir la tra\u00e7abilit\u00e9 de nos produits et vous proposer le meilleur de ce que la Suisse peut nous offrir !\">De l&#8217;emballage aux produits d\u00e9riv\u00e9s, nous collaborons avec des entreprises locales pour assurer la tra\u00e7abilit\u00e9 de nos produits et vous offrir le meilleur de ce que la Suisse peut offrir !<\/span><\/p>\n<\/div>\n","protected":false},"excerpt":{"rendered":"<p>Commerce de d\u00e9tail CBD Vente en gros de cannabis CBD suisse. Tous nos produits sont conformes \u00e0 la loi et contiennent moins de 1% de THC. La vente est r\u00e9serv\u00e9e aux Suisses et aux professionnels autoris\u00e9s. Fournisseur suisse de cannabis CBD. Production de cannabis CBD l\u00e9gal suisse. Serre sans engrais ni pesticides chimiques. Achat en&#8230;<\/p>\n<p class=\"more-link\"><a href=\"https:\/\/www.cbdretail.ch\/fr\/\"><span>Read More<\/span><i>&#43;<\/i><\/a><\/p>\n","protected":false},"author":1,"featured_media":0,"parent":0,"menu_order":0,"comment_status":"closed","ping_status":"closed","template":"","meta":{"footnotes":""},"tags":[376,371,366,377,370,375,372,374,379,378,373,367,368,369],"class_list":["post-2570","page","type-page","status-publish","hentry","tag-cannabis-legal-en-suisse","tag-cbd-wholesale-ch-fr","tag-cbd-wholesale-switzerland-fr","tag-chanvre-legal-suisse-fr","tag-evetica-fr","tag-grossiste-cbd","tag-grossiste-suisse","tag-grossiste-suisse-de-cbd","tag-grossistes-en-chanvre","tag-le-cbd-suisse","tag-revendeur-de-riffs","tag-suisse-cbd-wholesale","tag-swiss-cbd-wholesale-fr","tag-wholesale-cbd-switzerland-fr"],"yoast_head":"<!-- This site is optimized with the Yoast SEO plugin v24.8.1 - https:\/\/yoast.com\/wordpress\/plugins\/seo\/ -->\n<title>Wholesale Swiss CBD Cannabis - CBD Retail<\/title>\n<meta name=\"description\" content=\"Vente au d\u00e9tail CBD Vente en gros CBD Suisse Cannabis. Tous nos produits sont conformes \u00e0 la loi et contiennent moins de 1% de THC.\" \/>\n<meta name=\"robots\" content=\"index, follow, max-snippet:-1, max-image-preview:large, max-video-preview:-1\" \/>\n<link rel=\"canonical\" href=\"https:\/\/www.cbdretail.ch\/fr\/\" \/>\n<meta property=\"og:locale\" content=\"fr_FR\" \/>\n<meta property=\"og:type\" content=\"article\" \/>\n<meta property=\"og:title\" content=\"Wholesale Swiss CBD Cannabis - CBD Retail\" \/>\n<meta property=\"og:description\" content=\"Vente au d\u00e9tail CBD Vente en gros CBD Suisse Cannabis. Tous nos produits sont conformes \u00e0 la loi et contiennent moins de 1% de THC.\" \/>\n<meta property=\"og:url\" content=\"https:\/\/www.cbdretail.ch\/fr\/\" \/>\n<meta property=\"og:site_name\" content=\"CBD Retail\" \/>\n<meta property=\"og:image\" content=\"https:\/\/www.cbdretail.ch\/wp-content\/uploads\/2024\/12\/Untitled.jpg\" \/>\n\t<meta property=\"og:image:width\" content=\"1024\" \/>\n\t<meta property=\"og:image:height\" content=\"1024\" \/>\n\t<meta property=\"og:image:type\" content=\"image\/jpeg\" \/>\n<meta name=\"twitter:card\" content=\"summary_large_image\" \/>\n<meta name=\"twitter:label1\" content=\"Dur\u00e9e de lecture estim\u00e9e\" \/>\n\t<meta name=\"twitter:data1\" content=\"2 minutes\" \/>\n<script type=\"application\/ld+json\" class=\"yoast-schema-graph\">{\"@context\":\"https:\/\/schema.org\",\"@graph\":[{\"@type\":\"WebPage\",\"@id\":\"https:\/\/www.cbdretail.ch\/fr\/\",\"url\":\"https:\/\/www.cbdretail.ch\/fr\/\",\"name\":\"Wholesale Swiss CBD Cannabis - CBD Retail\",\"isPartOf\":{\"@id\":\"https:\/\/www.cbdretail.ch\/fr\/#website\"},\"primaryImageOfPage\":{\"@id\":\"https:\/\/www.cbdretail.ch\/fr\/#primaryimage\"},\"image\":{\"@id\":\"https:\/\/www.cbdretail.ch\/fr\/#primaryimage\"},\"thumbnailUrl\":\"https:\/\/www.cbdretail.ch\/wp-content\/uploads\/2024\/12\/Untitled-150x150.jpg\",\"datePublished\":\"2017-10-13T15:14:29+00:00\",\"description\":\"Vente au d\u00e9tail CBD Vente en gros CBD Suisse Cannabis. Tous nos produits sont conformes \u00e0 la loi et contiennent moins de 1% de THC.\",\"breadcrumb\":{\"@id\":\"https:\/\/www.cbdretail.ch\/fr\/#breadcrumb\"},\"inLanguage\":\"fr-FR\",\"potentialAction\":[{\"@type\":\"ReadAction\",\"target\":[\"https:\/\/www.cbdretail.ch\/fr\/\"]}]},{\"@type\":\"ImageObject\",\"inLanguage\":\"fr-FR\",\"@id\":\"https:\/\/www.cbdretail.ch\/fr\/#primaryimage\",\"url\":\"https:\/\/www.cbdretail.ch\/wp-content\/uploads\/2024\/12\/Untitled-150x150.jpg\",\"contentUrl\":\"https:\/\/www.cbdretail.ch\/wp-content\/uploads\/2024\/12\/Untitled-150x150.jpg\"},{\"@type\":\"BreadcrumbList\",\"@id\":\"https:\/\/www.cbdretail.ch\/fr\/#breadcrumb\",\"itemListElement\":[{\"@type\":\"ListItem\",\"position\":1,\"name\":\"Home\",\"item\":\"https:\/\/www.cbdretail.ch\/fr\/commerce-de-detail-cbd\/\"},{\"@type\":\"ListItem\",\"position\":2,\"name\":\"Commerce de d\u00e9tail CBD\"}]},{\"@type\":\"WebSite\",\"@id\":\"https:\/\/www.cbdretail.ch\/fr\/#website\",\"url\":\"https:\/\/www.cbdretail.ch\/fr\/\",\"name\":\"CBD Retail\",\"description\":\"Cannabis CBD for wholesalers and distributors\",\"publisher\":{\"@id\":\"https:\/\/www.cbdretail.ch\/fr\/#organization\"},\"potentialAction\":[{\"@type\":\"SearchAction\",\"target\":{\"@type\":\"EntryPoint\",\"urlTemplate\":\"https:\/\/www.cbdretail.ch\/fr\/?s={search_term_string}\"},\"query-input\":{\"@type\":\"PropertyValueSpecification\",\"valueRequired\":true,\"valueName\":\"search_term_string\"}}],\"inLanguage\":\"fr-FR\"},{\"@type\":\"Organization\",\"@id\":\"https:\/\/www.cbdretail.ch\/fr\/#organization\",\"name\":\"CBD Retail\",\"url\":\"https:\/\/www.cbdretail.ch\/fr\/\",\"logo\":{\"@type\":\"ImageObject\",\"inLanguage\":\"fr-FR\",\"@id\":\"https:\/\/www.cbdretail.ch\/fr\/#\/schema\/logo\/image\/\",\"url\":\"https:\/\/www.cbdretail.ch\/wp-content\/uploads\/2024\/12\/cropped-WhatsApp-Image-2024-12-26-at-00.46.31.jpeg\",\"contentUrl\":\"https:\/\/www.cbdretail.ch\/wp-content\/uploads\/2024\/12\/cropped-WhatsApp-Image-2024-12-26-at-00.46.31.jpeg\",\"width\":792,\"height\":719,\"caption\":\"CBD Retail\"},\"image\":{\"@id\":\"https:\/\/www.cbdretail.ch\/fr\/#\/schema\/logo\/image\/\"}}]}<\/script>\n<!-- \/ Yoast SEO plugin. -->","yoast_head_json":{"title":"Wholesale Swiss CBD Cannabis - CBD Retail","description":"Vente au d\u00e9tail CBD Vente en gros CBD Suisse Cannabis. Tous nos produits sont conformes \u00e0 la loi et contiennent moins de 1% de THC.","robots":{"index":"index","follow":"follow","max-snippet":"max-snippet:-1","max-image-preview":"max-image-preview:large","max-video-preview":"max-video-preview:-1"},"canonical":"https:\/\/www.cbdretail.ch\/fr\/","og_locale":"fr_FR","og_type":"article","og_title":"Wholesale Swiss CBD Cannabis - CBD Retail","og_description":"Vente au d\u00e9tail CBD Vente en gros CBD Suisse Cannabis. Tous nos produits sont conformes \u00e0 la loi et contiennent moins de 1% de THC.","og_url":"https:\/\/www.cbdretail.ch\/fr\/","og_site_name":"CBD Retail","og_image":[{"width":1024,"height":1024,"url":"https:\/\/www.cbdretail.ch\/wp-content\/uploads\/2024\/12\/Untitled.jpg","type":"image\/jpeg"}],"twitter_card":"summary_large_image","twitter_misc":{"Dur\u00e9e de lecture estim\u00e9e":"2 minutes"},"schema":{"@context":"https:\/\/schema.org","@graph":[{"@type":"WebPage","@id":"https:\/\/www.cbdretail.ch\/fr\/","url":"https:\/\/www.cbdretail.ch\/fr\/","name":"Wholesale Swiss CBD Cannabis - CBD Retail","isPartOf":{"@id":"https:\/\/www.cbdretail.ch\/fr\/#website"},"primaryImageOfPage":{"@id":"https:\/\/www.cbdretail.ch\/fr\/#primaryimage"},"image":{"@id":"https:\/\/www.cbdretail.ch\/fr\/#primaryimage"},"thumbnailUrl":"https:\/\/www.cbdretail.ch\/wp-content\/uploads\/2024\/12\/Untitled-150x150.jpg","datePublished":"2017-10-13T15:14:29+00:00","description":"Vente au d\u00e9tail CBD Vente en gros CBD Suisse Cannabis. Tous nos produits sont conformes \u00e0 la loi et contiennent moins de 1% de THC.","breadcrumb":{"@id":"https:\/\/www.cbdretail.ch\/fr\/#breadcrumb"},"inLanguage":"fr-FR","potentialAction":[{"@type":"ReadAction","target":["https:\/\/www.cbdretail.ch\/fr\/"]}]},{"@type":"ImageObject","inLanguage":"fr-FR","@id":"https:\/\/www.cbdretail.ch\/fr\/#primaryimage","url":"https:\/\/www.cbdretail.ch\/wp-content\/uploads\/2024\/12\/Untitled-150x150.jpg","contentUrl":"https:\/\/www.cbdretail.ch\/wp-content\/uploads\/2024\/12\/Untitled-150x150.jpg"},{"@type":"BreadcrumbList","@id":"https:\/\/www.cbdretail.ch\/fr\/#breadcrumb","itemListElement":[{"@type":"ListItem","position":1,"name":"Home","item":"https:\/\/www.cbdretail.ch\/fr\/commerce-de-detail-cbd\/"},{"@type":"ListItem","position":2,"name":"Commerce de d\u00e9tail CBD"}]},{"@type":"WebSite","@id":"https:\/\/www.cbdretail.ch\/fr\/#website","url":"https:\/\/www.cbdretail.ch\/fr\/","name":"CBD Retail","description":"Cannabis CBD for wholesalers and distributors","publisher":{"@id":"https:\/\/www.cbdretail.ch\/fr\/#organization"},"potentialAction":[{"@type":"SearchAction","target":{"@type":"EntryPoint","urlTemplate":"https:\/\/www.cbdretail.ch\/fr\/?s={search_term_string}"},"query-input":{"@type":"PropertyValueSpecification","valueRequired":true,"valueName":"search_term_string"}}],"inLanguage":"fr-FR"},{"@type":"Organization","@id":"https:\/\/www.cbdretail.ch\/fr\/#organization","name":"CBD Retail","url":"https:\/\/www.cbdretail.ch\/fr\/","logo":{"@type":"ImageObject","inLanguage":"fr-FR","@id":"https:\/\/www.cbdretail.ch\/fr\/#\/schema\/logo\/image\/","url":"https:\/\/www.cbdretail.ch\/wp-content\/uploads\/2024\/12\/cropped-WhatsApp-Image-2024-12-26-at-00.46.31.jpeg","contentUrl":"https:\/\/www.cbdretail.ch\/wp-content\/uploads\/2024\/12\/cropped-WhatsApp-Image-2024-12-26-at-00.46.31.jpeg","width":792,"height":719,"caption":"CBD Retail"},"image":{"@id":"https:\/\/www.cbdretail.ch\/fr\/#\/schema\/logo\/image\/"}}]}},"_links":{"self":[{"href":"https:\/\/www.cbdretail.ch\/fr\/wp-json\/wp\/v2\/pages\/2570","targetHints":{"allow":["GET"]}}],"collection":[{"href":"https:\/\/www.cbdretail.ch\/fr\/wp-json\/wp\/v2\/pages"}],"about":[{"href":"https:\/\/www.cbdretail.ch\/fr\/wp-json\/wp\/v2\/types\/page"}],"author":[{"embeddable":true,"href":"https:\/\/www.cbdretail.ch\/fr\/wp-json\/wp\/v2\/users\/1"}],"replies":[{"embeddable":true,"href":"https:\/\/www.cbdretail.ch\/fr\/wp-json\/wp\/v2\/comments?post=2570"}],"version-history":[{"count":0,"href":"https:\/\/www.cbdretail.ch\/fr\/wp-json\/wp\/v2\/pages\/2570\/revisions"}],"wp:attachment":[{"href":"https:\/\/www.cbdretail.ch\/fr\/wp-json\/wp\/v2\/media?parent=2570"}],"wp:term":[{"taxonomy":"post_tag","embeddable":true,"href":"https:\/\/www.cbdretail.ch\/fr\/wp-json\/wp\/v2\/tags?post=2570"}],"curies":[{"name":"wp","href":"https:\/\/api.w.org\/{rel}","templated":true}]}}