{"id":2736,"date":"2017-10-13T15:09:22","date_gmt":"2017-10-13T15:09:22","guid":{"rendered":"https:\/\/www.cbdretail.ch\/mayorista-cbd\/"},"modified":"2017-10-13T15:09:22","modified_gmt":"2017-10-13T15:09:22","slug":"mayorista-cbd","status":"publish","type":"page","link":"https:\/\/www.cbdretail.ch\/es\/mayorista-cbd\/","title":{"rendered":"Mayorista CBD"},"content":{"rendered":"<p><strong><span id=\"result_box\" class=\"\" lang=\"en\">Proveedor mayorista de CBD en Ginebra, Suiza &#8211; Venta legal de cannabis<\/span><\/strong><\/p>\n<p><img loading=\"lazy\" decoding=\"async\" class=\"alignleft wp-image-294 size-thumbnail\" src=\"https:\/\/www.cbdretail.ch\/wp-content\/uploads\/2024\/12\/Untitled2-150x150.jpg\" alt=\"\" width=\"150\" height=\"150\" srcset=\"https:\/\/www.cbdretail.ch\/wp-content\/uploads\/2024\/12\/Untitled2-150x150.jpg 150w, https:\/\/www.cbdretail.ch\/wp-content\/uploads\/2024\/12\/Untitled2-300x300.jpg 300w, https:\/\/www.cbdretail.ch\/wp-content\/uploads\/2024\/12\/Untitled2-768x768.jpg 768w, https:\/\/www.cbdretail.ch\/wp-content\/uploads\/2024\/12\/Untitled2.jpg 1024w\" sizes=\"auto, (max-width: 150px) 100vw, 150px\" \/>CBD Retail es un proveedor de confianza de cannabis CBD legal en Suiza, que ofrece productos al por mayor a profesionales autorizados. Proporcionamos una amplia gama de variedades de cannabis CBD de primera calidad, todas cultivadas en Suiza en invernaderos sin utilizar fertilizantes qu\u00edmicos ni pesticidas, lo que garantiza la m\u00e1xima calidad y el cumplimiento de la normativa suiza. <\/p>\n<p><strong>\u00bfPor qu\u00e9 elegir la venta al por menor de CBD en Suiza?<\/strong><\/p>\n<p>&#8211; Legal y conforme: La venta de nuestros productos es totalmente legal en Suiza y est\u00e1n destinados exclusivamente a profesionales autorizados. Nos aseguramos de que todos nuestros productos cumplan las normas reglamentarias m\u00e1s estrictas. &#8211; Sostenible y ecol\u00f3gico: Nuestro cannabis CBD se cultiva con m\u00e9todos ecol\u00f3gicos, sin fertilizantes ni pesticidas qu\u00edmicos. Nos enorgullecemos de ofrecer productos eficaces y responsables con el medio ambiente. &#8211; Amplia selecci\u00f3n: Ofrecemos diversas variedades de cannabis CBD para mayoristas y distribuidores, d\u00e1ndote la flexibilidad de elegir los mejores productos para tu negocio. &#8211; Entrega r\u00e1pida: Realizamos entregas eficaces y fiables en toda Suiza, garantizando que recibas tus pedidos r\u00e1pidamente. <\/p>\n<p><strong>\u00bfC\u00f3mo comprar CBD al por mayor en Suiza?<\/strong><\/p>\n<p>Si eres un profesional autorizado en Suiza, puedes comprar f\u00e1cilmente cannabis CBD legal a CBD Retail. Ponte en contacto con nosotros hoy mismo para obtener m\u00e1s informaci\u00f3n sobre nuestros productos, hacer pedidos a granel y formar parte de nuestra creciente red de revendedores y distribuidores. &#8212; <\/p>\n<p><strong>Contacta con nosotros<\/strong><\/p>\n<p>Para m\u00e1s informaci\u00f3n sobre nuestras ofertas al por mayor, detalles de los productos o para hacer un pedido, ponte en contacto con nosotros. Estamos aqu\u00ed para apoyar tu negocio con productos de CBD de alta calidad. &#8212; <\/p>\n<p>&nbsp;<\/p>\n<p>&nbsp;<\/p>\n","protected":false},"excerpt":{"rendered":"<p>Proveedor mayorista de CBD en Ginebra, Suiza &#8211; Venta legal de cannabis CBD Retail es un proveedor de confianza de cannabis CBD legal en Suiza, que ofrece productos al por mayor a profesionales autorizados. Proporcionamos una amplia gama de variedades de cannabis CBD de primera calidad, todas cultivadas en Suiza en invernaderos sin utilizar fertilizantes&#8230;<\/p>\n<p class=\"more-link\"><a href=\"https:\/\/www.cbdretail.ch\/es\/mayorista-cbd\/\"><span>Read More<\/span><i>&#43;<\/i><\/a><\/p>\n","protected":false},"author":1,"featured_media":0,"parent":0,"menu_order":0,"comment_status":"closed","ping_status":"open","template":"","meta":{"footnotes":""},"tags":[237,236,231,226,238,228,233,230,235,234,239,232,227,229],"class_list":["post-2736","page","type-page","status-publish","hentry","tag-canamo-legal-suizo-es","tag-cannabis-legal-en-suiza","tag-cbd-al-por-mayor-ch-es","tag-cbd-al-por-mayor-suiza-es","tag-cbd-suizo-es","tag-cbd-suizo-al-por-mayor","tag-distribuidor-de-riff-es","tag-evetica-es","tag-mayorista-de-cbd-es","tag-mayorista-suizo-de-cbd","tag-mayoristas-de-canamo-es","tag-suizos-al-por-mayor","tag-venta-al-por-mayor-de-cbd-en-suiza","tag-venta-al-por-mayor-de-cbd-en-suiza-es"],"yoast_head":"<!-- This site is optimized with the Yoast SEO plugin v24.8.1 - https:\/\/yoast.com\/wordpress\/plugins\/seo\/ -->\n<title>Mayorista CBD - CBD Retail<\/title>\n<meta name=\"description\" content=\"Mayorista CBD Suiza en Ginebra, Cannabis legalLa venta s\u00f3lo est\u00e1 disponible para suizos y s\u00f3lo para profesionales autorizados. Proveedor de cannabis CBD suizo. Producci\u00f3n de cannabis CBD legal suizo. Invernadero sin fertilizantes ni pesticidas qu\u00edmicos. Compra al por mayor venta legal en Suiza. Hay varias variedades disponibles para mayoristas y distribuidores.\" \/>\n<meta name=\"robots\" content=\"index, follow, max-snippet:-1, max-image-preview:large, max-video-preview:-1\" \/>\n<link rel=\"canonical\" href=\"https:\/\/www.cbdretail.ch\/es\/mayorista-cbd\/\" \/>\n<meta property=\"og:locale\" content=\"es_ES\" \/>\n<meta property=\"og:type\" content=\"article\" \/>\n<meta property=\"og:title\" content=\"Mayorista CBD - CBD Retail\" \/>\n<meta property=\"og:description\" content=\"Mayorista CBD Suiza en Ginebra, Cannabis legalLa venta s\u00f3lo est\u00e1 disponible para suizos y s\u00f3lo para profesionales autorizados. Proveedor de cannabis CBD suizo. Producci\u00f3n de cannabis CBD legal suizo. Invernadero sin fertilizantes ni pesticidas qu\u00edmicos. Compra al por mayor venta legal en Suiza. Hay varias variedades disponibles para mayoristas y distribuidores.\" \/>\n<meta property=\"og:url\" content=\"https:\/\/www.cbdretail.ch\/es\/mayorista-cbd\/\" \/>\n<meta property=\"og:site_name\" content=\"CBD Retail\" \/>\n<meta property=\"og:image\" content=\"https:\/\/www.cbdretail.ch\/wp-content\/uploads\/2024\/12\/Untitled2.jpg\" \/>\n\t<meta property=\"og:image:width\" content=\"1024\" \/>\n\t<meta property=\"og:image:height\" content=\"1024\" \/>\n\t<meta property=\"og:image:type\" content=\"image\/jpeg\" \/>\n<meta name=\"twitter:card\" content=\"summary_large_image\" \/>\n<meta name=\"twitter:label1\" content=\"Tiempo de lectura\" \/>\n\t<meta name=\"twitter:data1\" content=\"2 minutos\" \/>\n<script type=\"application\/ld+json\" class=\"yoast-schema-graph\">{\"@context\":\"https:\/\/schema.org\",\"@graph\":[{\"@type\":\"WebPage\",\"@id\":\"https:\/\/www.cbdretail.ch\/es\/mayorista-cbd\/\",\"url\":\"https:\/\/www.cbdretail.ch\/es\/mayorista-cbd\/\",\"name\":\"Mayorista CBD - CBD Retail\",\"isPartOf\":{\"@id\":\"https:\/\/www.cbdretail.ch\/es\/#website\"},\"primaryImageOfPage\":{\"@id\":\"https:\/\/www.cbdretail.ch\/es\/mayorista-cbd\/#primaryimage\"},\"image\":{\"@id\":\"https:\/\/www.cbdretail.ch\/es\/mayorista-cbd\/#primaryimage\"},\"thumbnailUrl\":\"https:\/\/www.cbdretail.ch\/wp-content\/uploads\/2024\/12\/Untitled2-150x150.jpg\",\"datePublished\":\"2017-10-13T15:09:22+00:00\",\"description\":\"Mayorista CBD Suiza en Ginebra, Cannabis legalLa venta s\u00f3lo est\u00e1 disponible para suizos y s\u00f3lo para profesionales autorizados. Proveedor de cannabis CBD suizo. Producci\u00f3n de cannabis CBD legal suizo. Invernadero sin fertilizantes ni pesticidas qu\u00edmicos. Compra al por mayor venta legal en Suiza. Hay varias variedades disponibles para mayoristas y distribuidores.\",\"breadcrumb\":{\"@id\":\"https:\/\/www.cbdretail.ch\/es\/mayorista-cbd\/#breadcrumb\"},\"inLanguage\":\"es\",\"potentialAction\":[{\"@type\":\"ReadAction\",\"target\":[\"https:\/\/www.cbdretail.ch\/es\/mayorista-cbd\/\"]}]},{\"@type\":\"ImageObject\",\"inLanguage\":\"es\",\"@id\":\"https:\/\/www.cbdretail.ch\/es\/mayorista-cbd\/#primaryimage\",\"url\":\"https:\/\/www.cbdretail.ch\/wp-content\/uploads\/2024\/12\/Untitled2-150x150.jpg\",\"contentUrl\":\"https:\/\/www.cbdretail.ch\/wp-content\/uploads\/2024\/12\/Untitled2-150x150.jpg\"},{\"@type\":\"BreadcrumbList\",\"@id\":\"https:\/\/www.cbdretail.ch\/es\/mayorista-cbd\/#breadcrumb\",\"itemListElement\":[{\"@type\":\"ListItem\",\"position\":1,\"name\":\"Home\",\"item\":\"https:\/\/www.cbdretail.ch\/es\/cbd-comercio-minorista\/\"},{\"@type\":\"ListItem\",\"position\":2,\"name\":\"Mayorista CBD\"}]},{\"@type\":\"WebSite\",\"@id\":\"https:\/\/www.cbdretail.ch\/es\/#website\",\"url\":\"https:\/\/www.cbdretail.ch\/es\/\",\"name\":\"CBD Retail\",\"description\":\"Cannabis CBD for wholesalers and distributors\",\"publisher\":{\"@id\":\"https:\/\/www.cbdretail.ch\/es\/#organization\"},\"potentialAction\":[{\"@type\":\"SearchAction\",\"target\":{\"@type\":\"EntryPoint\",\"urlTemplate\":\"https:\/\/www.cbdretail.ch\/es\/?s={search_term_string}\"},\"query-input\":{\"@type\":\"PropertyValueSpecification\",\"valueRequired\":true,\"valueName\":\"search_term_string\"}}],\"inLanguage\":\"es\"},{\"@type\":\"Organization\",\"@id\":\"https:\/\/www.cbdretail.ch\/es\/#organization\",\"name\":\"CBD Retail\",\"url\":\"https:\/\/www.cbdretail.ch\/es\/\",\"logo\":{\"@type\":\"ImageObject\",\"inLanguage\":\"es\",\"@id\":\"https:\/\/www.cbdretail.ch\/es\/#\/schema\/logo\/image\/\",\"url\":\"https:\/\/www.cbdretail.ch\/wp-content\/uploads\/2024\/12\/cropped-WhatsApp-Image-2024-12-26-at-00.46.31.jpeg\",\"contentUrl\":\"https:\/\/www.cbdretail.ch\/wp-content\/uploads\/2024\/12\/cropped-WhatsApp-Image-2024-12-26-at-00.46.31.jpeg\",\"width\":792,\"height\":719,\"caption\":\"CBD Retail\"},\"image\":{\"@id\":\"https:\/\/www.cbdretail.ch\/es\/#\/schema\/logo\/image\/\"}}]}<\/script>\n<!-- \/ Yoast SEO plugin. -->","yoast_head_json":{"title":"Mayorista CBD - CBD Retail","description":"Mayorista CBD Suiza en Ginebra, Cannabis legalLa venta s\u00f3lo est\u00e1 disponible para suizos y s\u00f3lo para profesionales autorizados. Proveedor de cannabis CBD suizo. Producci\u00f3n de cannabis CBD legal suizo. Invernadero sin fertilizantes ni pesticidas qu\u00edmicos. Compra al por mayor venta legal en Suiza. Hay varias variedades disponibles para mayoristas y distribuidores.","robots":{"index":"index","follow":"follow","max-snippet":"max-snippet:-1","max-image-preview":"max-image-preview:large","max-video-preview":"max-video-preview:-1"},"canonical":"https:\/\/www.cbdretail.ch\/es\/mayorista-cbd\/","og_locale":"es_ES","og_type":"article","og_title":"Mayorista CBD - CBD Retail","og_description":"Mayorista CBD Suiza en Ginebra, Cannabis legalLa venta s\u00f3lo est\u00e1 disponible para suizos y s\u00f3lo para profesionales autorizados. Proveedor de cannabis CBD suizo. Producci\u00f3n de cannabis CBD legal suizo. Invernadero sin fertilizantes ni pesticidas qu\u00edmicos. Compra al por mayor venta legal en Suiza. Hay varias variedades disponibles para mayoristas y distribuidores.","og_url":"https:\/\/www.cbdretail.ch\/es\/mayorista-cbd\/","og_site_name":"CBD Retail","og_image":[{"width":1024,"height":1024,"url":"https:\/\/www.cbdretail.ch\/wp-content\/uploads\/2024\/12\/Untitled2.jpg","type":"image\/jpeg"}],"twitter_card":"summary_large_image","twitter_misc":{"Tiempo de lectura":"2 minutos"},"schema":{"@context":"https:\/\/schema.org","@graph":[{"@type":"WebPage","@id":"https:\/\/www.cbdretail.ch\/es\/mayorista-cbd\/","url":"https:\/\/www.cbdretail.ch\/es\/mayorista-cbd\/","name":"Mayorista CBD - CBD Retail","isPartOf":{"@id":"https:\/\/www.cbdretail.ch\/es\/#website"},"primaryImageOfPage":{"@id":"https:\/\/www.cbdretail.ch\/es\/mayorista-cbd\/#primaryimage"},"image":{"@id":"https:\/\/www.cbdretail.ch\/es\/mayorista-cbd\/#primaryimage"},"thumbnailUrl":"https:\/\/www.cbdretail.ch\/wp-content\/uploads\/2024\/12\/Untitled2-150x150.jpg","datePublished":"2017-10-13T15:09:22+00:00","description":"Mayorista CBD Suiza en Ginebra, Cannabis legalLa venta s\u00f3lo est\u00e1 disponible para suizos y s\u00f3lo para profesionales autorizados. Proveedor de cannabis CBD suizo. Producci\u00f3n de cannabis CBD legal suizo. Invernadero sin fertilizantes ni pesticidas qu\u00edmicos. Compra al por mayor venta legal en Suiza. Hay varias variedades disponibles para mayoristas y distribuidores.","breadcrumb":{"@id":"https:\/\/www.cbdretail.ch\/es\/mayorista-cbd\/#breadcrumb"},"inLanguage":"es","potentialAction":[{"@type":"ReadAction","target":["https:\/\/www.cbdretail.ch\/es\/mayorista-cbd\/"]}]},{"@type":"ImageObject","inLanguage":"es","@id":"https:\/\/www.cbdretail.ch\/es\/mayorista-cbd\/#primaryimage","url":"https:\/\/www.cbdretail.ch\/wp-content\/uploads\/2024\/12\/Untitled2-150x150.jpg","contentUrl":"https:\/\/www.cbdretail.ch\/wp-content\/uploads\/2024\/12\/Untitled2-150x150.jpg"},{"@type":"BreadcrumbList","@id":"https:\/\/www.cbdretail.ch\/es\/mayorista-cbd\/#breadcrumb","itemListElement":[{"@type":"ListItem","position":1,"name":"Home","item":"https:\/\/www.cbdretail.ch\/es\/cbd-comercio-minorista\/"},{"@type":"ListItem","position":2,"name":"Mayorista CBD"}]},{"@type":"WebSite","@id":"https:\/\/www.cbdretail.ch\/es\/#website","url":"https:\/\/www.cbdretail.ch\/es\/","name":"CBD Retail","description":"Cannabis CBD for wholesalers and distributors","publisher":{"@id":"https:\/\/www.cbdretail.ch\/es\/#organization"},"potentialAction":[{"@type":"SearchAction","target":{"@type":"EntryPoint","urlTemplate":"https:\/\/www.cbdretail.ch\/es\/?s={search_term_string}"},"query-input":{"@type":"PropertyValueSpecification","valueRequired":true,"valueName":"search_term_string"}}],"inLanguage":"es"},{"@type":"Organization","@id":"https:\/\/www.cbdretail.ch\/es\/#organization","name":"CBD Retail","url":"https:\/\/www.cbdretail.ch\/es\/","logo":{"@type":"ImageObject","inLanguage":"es","@id":"https:\/\/www.cbdretail.ch\/es\/#\/schema\/logo\/image\/","url":"https:\/\/www.cbdretail.ch\/wp-content\/uploads\/2024\/12\/cropped-WhatsApp-Image-2024-12-26-at-00.46.31.jpeg","contentUrl":"https:\/\/www.cbdretail.ch\/wp-content\/uploads\/2024\/12\/cropped-WhatsApp-Image-2024-12-26-at-00.46.31.jpeg","width":792,"height":719,"caption":"CBD Retail"},"image":{"@id":"https:\/\/www.cbdretail.ch\/es\/#\/schema\/logo\/image\/"}}]}},"_links":{"self":[{"href":"https:\/\/www.cbdretail.ch\/es\/wp-json\/wp\/v2\/pages\/2736","targetHints":{"allow":["GET"]}}],"collection":[{"href":"https:\/\/www.cbdretail.ch\/es\/wp-json\/wp\/v2\/pages"}],"about":[{"href":"https:\/\/www.cbdretail.ch\/es\/wp-json\/wp\/v2\/types\/page"}],"author":[{"embeddable":true,"href":"https:\/\/www.cbdretail.ch\/es\/wp-json\/wp\/v2\/users\/1"}],"replies":[{"embeddable":true,"href":"https:\/\/www.cbdretail.ch\/es\/wp-json\/wp\/v2\/comments?post=2736"}],"version-history":[{"count":0,"href":"https:\/\/www.cbdretail.ch\/es\/wp-json\/wp\/v2\/pages\/2736\/revisions"}],"wp:attachment":[{"href":"https:\/\/www.cbdretail.ch\/es\/wp-json\/wp\/v2\/media?parent=2736"}],"wp:term":[{"taxonomy":"post_tag","embeddable":true,"href":"https:\/\/www.cbdretail.ch\/es\/wp-json\/wp\/v2\/tags?post=2736"}],"curies":[{"name":"wp","href":"https:\/\/api.w.org\/{rel}","templated":true}]}}