{"id":2560,"date":"2017-10-13T15:14:29","date_gmt":"2017-10-13T15:14:29","guid":{"rendered":"https:\/\/www.cbdretail.ch\/cbd-comercio-minorista\/"},"modified":"2017-10-13T15:14:29","modified_gmt":"2017-10-13T15:14:29","slug":"cbd-comercio-minorista","status":"publish","type":"page","link":"https:\/\/www.cbdretail.ch\/es\/","title":{"rendered":"CBD Comercio minorista"},"content":{"rendered":"<div class=\"col-md-5\">\n<h3>  CBD Comercio minorista<\/h3>\n<p><span id=\"result_box\" class=\"\" lang=\"en\"><img loading=\"lazy\" decoding=\"async\" class=\"alignleft wp-image-290 size-thumbnail\" src=\"https:\/\/www.cbdretail.ch\/wp-content\/uploads\/2024\/12\/Untitled-150x150.jpg\" alt=\"\" width=\"150\" height=\"150\" srcset=\"https:\/\/www.cbdretail.ch\/wp-content\/uploads\/2024\/12\/Untitled-150x150.jpg 150w, https:\/\/www.cbdretail.ch\/wp-content\/uploads\/2024\/12\/Untitled-300x300.jpg 300w, https:\/\/www.cbdretail.ch\/wp-content\/uploads\/2024\/12\/Untitled-768x768.jpg 768w, https:\/\/www.cbdretail.ch\/wp-content\/uploads\/2024\/12\/Untitled.jpg 1024w\" sizes=\"auto, (max-width: 150px) 100vw, 150px\" \/>Venta al por mayor de cannabis CBD suizo.  <span class=\"\">Todos nuestros productos cumplen la ley y contienen menos de un 1% de THC.<\/span><\/span><\/p>\n<\/div>\n<div class=\"col-md-6 col-md-offset-1\"><span id=\"result_box\" class=\"\" lang=\"en\">La venta s\u00f3lo est\u00e1 disponible para suizos y \u00fanicamente para profesionales autorizados. Proveedor suizo de cannabis CBD. Producci\u00f3n de cannabis CBD legal en Suiza. Invernadero sin fertilizantes ni pesticidas qu\u00edmicos. Compra al por mayor venta legal en Suiza.      <span class=\"\">Hay varias variedades disponibles para mayoristas y distribuidores.<br \/>\n<\/span><\/span><span class=\"\" lang=\"en\"><span class=\"\" lang=\"en\"><span title=\"\u00a1Descubre nuestros productos cbd a base de cannabis biol\u00f3gico!  \">\u00a1Descubre nuestros productos cbd a base de cannabis ecol\u00f3gico!<\/span><\/span><\/span><\/div>\n<div><\/div>\n<div><\/div>\n<div class=\"col-md-6 col-md-offset-1\">\n<p>&nbsp;<\/p>\n<p>Nuestros productos<\/p>\n<\/div>\n<div>\n<p><span title=\"Nuestro cannabis cbd est\u00e1 garantizado 100% Swiss Made con un nivel de THC inferior al 1% y un nivel de CBD del 14% al 18% seg\u00fan recolecci\u00f3n certificada por laboratorio autorizado.\"><img loading=\"lazy\" decoding=\"async\" class=\"alignleft wp-image-284 size-thumbnail\" src=\"https:\/\/www.cbdretail.ch\/wp-content\/uploads\/2024\/12\/WhatsApp-Image-2024-12-26-at-00.46.31-150x150.jpeg\" alt=\"\" width=\"150\" height=\"150\" srcset=\"https:\/\/www.cbdretail.ch\/wp-content\/uploads\/2024\/12\/WhatsApp-Image-2024-12-26-at-00.46.31-150x150.jpeg 150w, https:\/\/www.cbdretail.ch\/wp-content\/uploads\/2024\/12\/WhatsApp-Image-2024-12-26-at-00.46.31-300x300.jpeg 300w, https:\/\/www.cbdretail.ch\/wp-content\/uploads\/2024\/12\/WhatsApp-Image-2024-12-26-at-00.46.31-768x768.jpeg 768w, https:\/\/www.cbdretail.ch\/wp-content\/uploads\/2024\/12\/WhatsApp-Image-2024-12-26-at-00.46.31.jpeg 1024w\" sizes=\"auto, (max-width: 150px) 100vw, 150px\" \/>Nuestro cannabis cbd est\u00e1 garantizado 100% Swiss Made, con un contenido de THC inferior al 1% y un \u00edndice de CBD del 14% al 18% seg\u00fan la cosecha, con certificaci\u00f3n de laboratorio autorizado. <\/span><span title=\"Queremos la m\u00e1xima transparencia en nuestros productos. \">Queremos la m\u00e1xima transparencia en nuestros productos.<br \/>\n<\/span><span title=\"Cultivado en las tierras de Sseeland dentro de la tradici\u00f3n m\u00e1s pura de los chanvriers suizos, nuestro cannabis es org\u00e1nico y procede de una agricultura respetuosa con el medio ambiente. \">Cultivado en tierras de Sseeland, seg\u00fan la m\u00e1s pura tradici\u00f3n de los cannabicultores suizos, nuestro cannabis es org\u00e1nico y procede de una agricultura respetuosa con el medio ambiente.<br \/>\n<\/span><span title=\"\u00a1Benef\u00edciate de la seguridad y los beneficios del cannabis cbd sin efectos indeseables! \">\u00a1Disfruta del sabor y los beneficios del cannabis cbd sin los efectos no deseados!<\/span> <span title=\"Nuestra primera materia \"><strong>Nuestra materia prima<\/strong><br \/>\n<\/span><span title=\"En Le Riff trabajamos exclusivamente con productores locales que siguen la tradici\u00f3n cultural suiza del chanvre para ofrecerte una planta de alta calidad rica en CBD. \">En CBD Retail trabajamos exclusivamente con productores locales que contin\u00faan la tradici\u00f3n suiza de cultivar c\u00e1\u00f1amo para ofrecerte una planta de alta calidad rica en CBD.<\/span> <span title=\"Nuestra carta \"><strong>Nuestra carta<\/strong><br \/>\n<\/span><span title=\"Se realizan pruebas durante todo el proceso de producci\u00f3n y fabricaci\u00f3n para garantizar el cumplimiento de las normas de calidad suizas. \">Se realizan pruebas durante todo el proceso de producci\u00f3n y fabricaci\u00f3n para garantizar el cumplimiento de las normas de calidad suizas.<\/span><\/p>\n<h3><img loading=\"lazy\" decoding=\"async\" class=\" wp-image-187 alignleft zoooom\" src=\"https:\/\/www.cbdretail.ch\/wp-content\/uploads\/2017\/10\/cbd-cannabis-vente-en-gros-grossistes-professionnelle-distributeurs-fournisseurs-importateurs-exportateurs-retailers-retail-hemp-stores-THC-02-1-225x300.jpg\" alt=\"\" width=\"182\" height=\"243\" srcset=\"https:\/\/www.cbdretail.ch\/wp-content\/uploads\/2017\/10\/cbd-cannabis-vente-en-gros-grossistes-professionnelle-distributeurs-fournisseurs-importateurs-exportateurs-retailers-retail-hemp-stores-THC-02-1-225x300.jpg 225w, https:\/\/www.cbdretail.ch\/wp-content\/uploads\/2017\/10\/cbd-cannabis-vente-en-gros-grossistes-professionnelle-distributeurs-fournisseurs-importateurs-exportateurs-retailers-retail-hemp-stores-THC-02-1-768x1024.jpg 768w, https:\/\/www.cbdretail.ch\/wp-content\/uploads\/2017\/10\/cbd-cannabis-vente-en-gros-grossistes-professionnelle-distributeurs-fournisseurs-importateurs-exportateurs-retailers-retail-hemp-stores-THC-02-1.jpg 1425w\" sizes=\"auto, (max-width: 182px) 100vw, 182px\" \/><\/h3>\n<p><span title=\"Agricultura Biol\u00f3gica y Medio Ambiente  \"><strong>Agricultura ecol\u00f3gica y medio ambiente<\/strong><br \/>\n<\/span><\/p>\n<p><span title=\"Nuestro cannabis cbd es 100% org\u00e1nico, cultivado sin pesticidas ni productos qu\u00edmicos.\">Nuestro cannabis cbd es 100% org\u00e1nico, cultivado sin pesticidas ni fertilizantes qu\u00edmicos. <\/span><span title=\"Hemos optado por un cultivo bajo tierra para reducir nuestra huella de carbono y garantizar un crecimiento \u00f3ptimo de las plantas durante todo el a\u00f1o. \">Hemos optado por el cultivo en invernadero para reducir nuestra huella de carbono y garantizar un crecimiento \u00f3ptimo de las plantas durante todo el a\u00f1o.<br \/>\n<\/span><span title=\"Nuestros agricultores, apasionados, trabajan para producir el mejor cannabis respetando el medio ambiente. \">Nuestros apasionados agricultores trabajan para producir el mejor cannabis respetando el medio ambiente.<\/span> <span title=\"Nuestros colaboradores \"><strong>Nuestros socios<\/strong><br \/>\n<\/span><span title=\"Colaboramos con empresas locales para garantizar la trazabilidad de nuestros productos y proponerte lo mejor que Suiza puede ofrecerte.\">Desde el envasado hasta los derivados, colaboramos con empresas locales para garantizar la trazabilidad de nuestros productos y ofrecerte lo mejor de Suiza.<\/span><\/p>\n<\/div>\n","protected":false},"excerpt":{"rendered":"<p>CBD Comercio minorista Venta al por mayor de cannabis CBD suizo. Todos nuestros productos cumplen la ley y contienen menos de un 1% de THC. La venta s\u00f3lo est\u00e1 disponible para suizos y \u00fanicamente para profesionales autorizados. Proveedor suizo de cannabis CBD. Producci\u00f3n de cannabis CBD legal en Suiza. Invernadero sin fertilizantes ni pesticidas qu\u00edmicos.&#8230;<\/p>\n<p class=\"more-link\"><a href=\"https:\/\/www.cbdretail.ch\/es\/\"><span>Read More<\/span><i>&#43;<\/i><\/a><\/p>\n","protected":false},"author":1,"featured_media":0,"parent":0,"menu_order":0,"comment_status":"closed","ping_status":"closed","template":"","meta":{"footnotes":""},"tags":[237,236,231,226,238,228,233,230,235,234,239,232,227,229],"class_list":["post-2560","page","type-page","status-publish","hentry","tag-canamo-legal-suizo-es","tag-cannabis-legal-en-suiza","tag-cbd-al-por-mayor-ch-es","tag-cbd-al-por-mayor-suiza-es","tag-cbd-suizo-es","tag-cbd-suizo-al-por-mayor","tag-distribuidor-de-riff-es","tag-evetica-es","tag-mayorista-de-cbd-es","tag-mayorista-suizo-de-cbd","tag-mayoristas-de-canamo-es","tag-suizos-al-por-mayor","tag-venta-al-por-mayor-de-cbd-en-suiza","tag-venta-al-por-mayor-de-cbd-en-suiza-es"],"yoast_head":"<!-- This site is optimized with the Yoast SEO plugin v24.8.1 - https:\/\/yoast.com\/wordpress\/plugins\/seo\/ -->\n<title>Venta al por mayor de CBD suizo Cannabis - CBD Retail<\/title>\n<meta name=\"description\" content=\"Venta al por menor de CBD Venta al por mayor de CBD Cannabis Suizo. Todos nuestros productos cumplen la ley y contienen menos de un 1% de THC.\" \/>\n<meta name=\"robots\" content=\"index, follow, max-snippet:-1, max-image-preview:large, max-video-preview:-1\" \/>\n<link rel=\"canonical\" href=\"https:\/\/www.cbdretail.ch\/es\/\" \/>\n<meta property=\"og:locale\" content=\"es_ES\" \/>\n<meta property=\"og:type\" content=\"article\" \/>\n<meta property=\"og:title\" content=\"Venta al por mayor de CBD suizo Cannabis - CBD Retail\" \/>\n<meta property=\"og:description\" content=\"Venta al por menor de CBD Venta al por mayor de CBD Cannabis Suizo. Todos nuestros productos cumplen la ley y contienen menos de un 1% de THC.\" \/>\n<meta property=\"og:url\" content=\"https:\/\/www.cbdretail.ch\/es\/\" \/>\n<meta property=\"og:site_name\" content=\"CBD Retail\" \/>\n<meta property=\"og:image\" content=\"https:\/\/www.cbdretail.ch\/wp-content\/uploads\/2024\/12\/Untitled.jpg\" \/>\n\t<meta property=\"og:image:width\" content=\"1024\" \/>\n\t<meta property=\"og:image:height\" content=\"1024\" \/>\n\t<meta property=\"og:image:type\" content=\"image\/jpeg\" \/>\n<meta name=\"twitter:card\" content=\"summary_large_image\" \/>\n<meta name=\"twitter:label1\" content=\"Tiempo de lectura\" \/>\n\t<meta name=\"twitter:data1\" content=\"2 minutos\" \/>\n<script type=\"application\/ld+json\" class=\"yoast-schema-graph\">{\"@context\":\"https:\/\/schema.org\",\"@graph\":[{\"@type\":\"WebPage\",\"@id\":\"https:\/\/www.cbdretail.ch\/es\/\",\"url\":\"https:\/\/www.cbdretail.ch\/es\/\",\"name\":\"Venta al por mayor de CBD suizo Cannabis - CBD Retail\",\"isPartOf\":{\"@id\":\"https:\/\/www.cbdretail.ch\/es\/#website\"},\"primaryImageOfPage\":{\"@id\":\"https:\/\/www.cbdretail.ch\/es\/#primaryimage\"},\"image\":{\"@id\":\"https:\/\/www.cbdretail.ch\/es\/#primaryimage\"},\"thumbnailUrl\":\"https:\/\/www.cbdretail.ch\/wp-content\/uploads\/2024\/12\/Untitled-150x150.jpg\",\"datePublished\":\"2017-10-13T15:14:29+00:00\",\"description\":\"Venta al por menor de CBD Venta al por mayor de CBD Cannabis Suizo. Todos nuestros productos cumplen la ley y contienen menos de un 1% de THC.\",\"breadcrumb\":{\"@id\":\"https:\/\/www.cbdretail.ch\/es\/#breadcrumb\"},\"inLanguage\":\"es\",\"potentialAction\":[{\"@type\":\"ReadAction\",\"target\":[\"https:\/\/www.cbdretail.ch\/es\/\"]}]},{\"@type\":\"ImageObject\",\"inLanguage\":\"es\",\"@id\":\"https:\/\/www.cbdretail.ch\/es\/#primaryimage\",\"url\":\"https:\/\/www.cbdretail.ch\/wp-content\/uploads\/2024\/12\/Untitled-150x150.jpg\",\"contentUrl\":\"https:\/\/www.cbdretail.ch\/wp-content\/uploads\/2024\/12\/Untitled-150x150.jpg\"},{\"@type\":\"BreadcrumbList\",\"@id\":\"https:\/\/www.cbdretail.ch\/es\/#breadcrumb\",\"itemListElement\":[{\"@type\":\"ListItem\",\"position\":1,\"name\":\"Home\",\"item\":\"https:\/\/www.cbdretail.ch\/es\/cbd-comercio-minorista\/\"},{\"@type\":\"ListItem\",\"position\":2,\"name\":\"CBD Comercio minorista\"}]},{\"@type\":\"WebSite\",\"@id\":\"https:\/\/www.cbdretail.ch\/es\/#website\",\"url\":\"https:\/\/www.cbdretail.ch\/es\/\",\"name\":\"CBD Retail\",\"description\":\"Cannabis CBD for wholesalers and distributors\",\"publisher\":{\"@id\":\"https:\/\/www.cbdretail.ch\/es\/#organization\"},\"potentialAction\":[{\"@type\":\"SearchAction\",\"target\":{\"@type\":\"EntryPoint\",\"urlTemplate\":\"https:\/\/www.cbdretail.ch\/es\/?s={search_term_string}\"},\"query-input\":{\"@type\":\"PropertyValueSpecification\",\"valueRequired\":true,\"valueName\":\"search_term_string\"}}],\"inLanguage\":\"es\"},{\"@type\":\"Organization\",\"@id\":\"https:\/\/www.cbdretail.ch\/es\/#organization\",\"name\":\"CBD Retail\",\"url\":\"https:\/\/www.cbdretail.ch\/es\/\",\"logo\":{\"@type\":\"ImageObject\",\"inLanguage\":\"es\",\"@id\":\"https:\/\/www.cbdretail.ch\/es\/#\/schema\/logo\/image\/\",\"url\":\"https:\/\/www.cbdretail.ch\/wp-content\/uploads\/2024\/12\/cropped-WhatsApp-Image-2024-12-26-at-00.46.31.jpeg\",\"contentUrl\":\"https:\/\/www.cbdretail.ch\/wp-content\/uploads\/2024\/12\/cropped-WhatsApp-Image-2024-12-26-at-00.46.31.jpeg\",\"width\":792,\"height\":719,\"caption\":\"CBD Retail\"},\"image\":{\"@id\":\"https:\/\/www.cbdretail.ch\/es\/#\/schema\/logo\/image\/\"}}]}<\/script>\n<!-- \/ Yoast SEO plugin. -->","yoast_head_json":{"title":"Venta al por mayor de CBD suizo Cannabis - CBD Retail","description":"Venta al por menor de CBD Venta al por mayor de CBD Cannabis Suizo. Todos nuestros productos cumplen la ley y contienen menos de un 1% de THC.","robots":{"index":"index","follow":"follow","max-snippet":"max-snippet:-1","max-image-preview":"max-image-preview:large","max-video-preview":"max-video-preview:-1"},"canonical":"https:\/\/www.cbdretail.ch\/es\/","og_locale":"es_ES","og_type":"article","og_title":"Venta al por mayor de CBD suizo Cannabis - CBD Retail","og_description":"Venta al por menor de CBD Venta al por mayor de CBD Cannabis Suizo. Todos nuestros productos cumplen la ley y contienen menos de un 1% de THC.","og_url":"https:\/\/www.cbdretail.ch\/es\/","og_site_name":"CBD Retail","og_image":[{"width":1024,"height":1024,"url":"https:\/\/www.cbdretail.ch\/wp-content\/uploads\/2024\/12\/Untitled.jpg","type":"image\/jpeg"}],"twitter_card":"summary_large_image","twitter_misc":{"Tiempo de lectura":"2 minutos"},"schema":{"@context":"https:\/\/schema.org","@graph":[{"@type":"WebPage","@id":"https:\/\/www.cbdretail.ch\/es\/","url":"https:\/\/www.cbdretail.ch\/es\/","name":"Venta al por mayor de CBD suizo Cannabis - CBD Retail","isPartOf":{"@id":"https:\/\/www.cbdretail.ch\/es\/#website"},"primaryImageOfPage":{"@id":"https:\/\/www.cbdretail.ch\/es\/#primaryimage"},"image":{"@id":"https:\/\/www.cbdretail.ch\/es\/#primaryimage"},"thumbnailUrl":"https:\/\/www.cbdretail.ch\/wp-content\/uploads\/2024\/12\/Untitled-150x150.jpg","datePublished":"2017-10-13T15:14:29+00:00","description":"Venta al por menor de CBD Venta al por mayor de CBD Cannabis Suizo. Todos nuestros productos cumplen la ley y contienen menos de un 1% de THC.","breadcrumb":{"@id":"https:\/\/www.cbdretail.ch\/es\/#breadcrumb"},"inLanguage":"es","potentialAction":[{"@type":"ReadAction","target":["https:\/\/www.cbdretail.ch\/es\/"]}]},{"@type":"ImageObject","inLanguage":"es","@id":"https:\/\/www.cbdretail.ch\/es\/#primaryimage","url":"https:\/\/www.cbdretail.ch\/wp-content\/uploads\/2024\/12\/Untitled-150x150.jpg","contentUrl":"https:\/\/www.cbdretail.ch\/wp-content\/uploads\/2024\/12\/Untitled-150x150.jpg"},{"@type":"BreadcrumbList","@id":"https:\/\/www.cbdretail.ch\/es\/#breadcrumb","itemListElement":[{"@type":"ListItem","position":1,"name":"Home","item":"https:\/\/www.cbdretail.ch\/es\/cbd-comercio-minorista\/"},{"@type":"ListItem","position":2,"name":"CBD Comercio minorista"}]},{"@type":"WebSite","@id":"https:\/\/www.cbdretail.ch\/es\/#website","url":"https:\/\/www.cbdretail.ch\/es\/","name":"CBD Retail","description":"Cannabis CBD for wholesalers and distributors","publisher":{"@id":"https:\/\/www.cbdretail.ch\/es\/#organization"},"potentialAction":[{"@type":"SearchAction","target":{"@type":"EntryPoint","urlTemplate":"https:\/\/www.cbdretail.ch\/es\/?s={search_term_string}"},"query-input":{"@type":"PropertyValueSpecification","valueRequired":true,"valueName":"search_term_string"}}],"inLanguage":"es"},{"@type":"Organization","@id":"https:\/\/www.cbdretail.ch\/es\/#organization","name":"CBD Retail","url":"https:\/\/www.cbdretail.ch\/es\/","logo":{"@type":"ImageObject","inLanguage":"es","@id":"https:\/\/www.cbdretail.ch\/es\/#\/schema\/logo\/image\/","url":"https:\/\/www.cbdretail.ch\/wp-content\/uploads\/2024\/12\/cropped-WhatsApp-Image-2024-12-26-at-00.46.31.jpeg","contentUrl":"https:\/\/www.cbdretail.ch\/wp-content\/uploads\/2024\/12\/cropped-WhatsApp-Image-2024-12-26-at-00.46.31.jpeg","width":792,"height":719,"caption":"CBD Retail"},"image":{"@id":"https:\/\/www.cbdretail.ch\/es\/#\/schema\/logo\/image\/"}}]}},"_links":{"self":[{"href":"https:\/\/www.cbdretail.ch\/es\/wp-json\/wp\/v2\/pages\/2560","targetHints":{"allow":["GET"]}}],"collection":[{"href":"https:\/\/www.cbdretail.ch\/es\/wp-json\/wp\/v2\/pages"}],"about":[{"href":"https:\/\/www.cbdretail.ch\/es\/wp-json\/wp\/v2\/types\/page"}],"author":[{"embeddable":true,"href":"https:\/\/www.cbdretail.ch\/es\/wp-json\/wp\/v2\/users\/1"}],"replies":[{"embeddable":true,"href":"https:\/\/www.cbdretail.ch\/es\/wp-json\/wp\/v2\/comments?post=2560"}],"version-history":[{"count":0,"href":"https:\/\/www.cbdretail.ch\/es\/wp-json\/wp\/v2\/pages\/2560\/revisions"}],"wp:attachment":[{"href":"https:\/\/www.cbdretail.ch\/es\/wp-json\/wp\/v2\/media?parent=2560"}],"wp:term":[{"taxonomy":"post_tag","embeddable":true,"href":"https:\/\/www.cbdretail.ch\/es\/wp-json\/wp\/v2\/tags?post=2560"}],"curies":[{"name":"wp","href":"https:\/\/api.w.org\/{rel}","templated":true}]}}