{"id":2568,"date":"2017-10-13T15:14:29","date_gmt":"2017-10-13T15:14:29","guid":{"rendered":"https:\/\/www.cbdretail.ch\/cbd-einzelhandel\/"},"modified":"2017-10-13T15:14:29","modified_gmt":"2017-10-13T15:14:29","slug":"cbd-einzelhandel","status":"publish","type":"page","link":"https:\/\/www.cbdretail.ch\/de\/","title":{"rendered":"CBD Einzelhandel"},"content":{"rendered":"<div class=\"col-md-5\">\n<h3>  CBD Einzelhandel<\/h3>\n<p><span id=\"result_box\" class=\"\" lang=\"en\"><img loading=\"lazy\" decoding=\"async\" class=\"alignleft wp-image-290 size-thumbnail\" src=\"https:\/\/www.cbdretail.ch\/wp-content\/uploads\/2024\/12\/Untitled-150x150.jpg\" alt=\"\" width=\"150\" height=\"150\" srcset=\"https:\/\/www.cbdretail.ch\/wp-content\/uploads\/2024\/12\/Untitled-150x150.jpg 150w, https:\/\/www.cbdretail.ch\/wp-content\/uploads\/2024\/12\/Untitled-300x300.jpg 300w, https:\/\/www.cbdretail.ch\/wp-content\/uploads\/2024\/12\/Untitled-768x768.jpg 768w, https:\/\/www.cbdretail.ch\/wp-content\/uploads\/2024\/12\/Untitled.jpg 1024w\" sizes=\"auto, (max-width: 150px) 100vw, 150px\" \/>Gro\u00dfhandel mit Schweizer CBD-Cannabis.  <span class=\"\">Alle unsere Produkte entsprechen dem Gesetz und enthalten weniger als 1% THC.<\/span><\/span><\/p>\n<\/div>\n<div class=\"col-md-6 col-md-offset-1\"><span id=\"result_box\" class=\"\" lang=\"en\">Der Verkauf ist nur an Schweizer und nur an autorisierte Fachleute m\u00f6glich. Schweizer Cannabislieferant CBD. Produktion von Cannabis CBD legal in der Schweiz. Gew\u00e4chshaus ohne D\u00fcnger oder chemische Pestizide. Kaufen Sie Gro\u00dfhandel legal Verkauf in der Schweiz.      <span class=\"\">F\u00fcr Gro\u00dfh\u00e4ndler und Distributoren sind mehrere Varianten erh\u00e4ltlich.<br \/>\n<\/span><\/span><span class=\"\" lang=\"en\"><span class=\"\" lang=\"en\"><span title=\"D\u00e9couvrez nos produits cbd \u00e0 base de cannabis biologique!  \">Entdecken Sie unsere Produkte auf der Basis von Bio-Cannabis!<\/span><\/span><\/span><\/div>\n<div><\/div>\n<div><\/div>\n<div class=\"col-md-6 col-md-offset-1\">\n<p>&nbsp;<\/p>\n<p>Unsere Produkte<\/p>\n<\/div>\n<div>\n<p><span title=\"Notre cannabis cbd est garantie 100% Swiss Made avec un taux de THC inf\u00e9rieur \u00e0 1% et un taux de CBD de 14% \u00e0 18% selon r\u00e9colte avec certification par laboratoire agr\u00e9\u00e9.\"><img loading=\"lazy\" decoding=\"async\" class=\"alignleft wp-image-284 size-thumbnail\" src=\"https:\/\/www.cbdretail.ch\/wp-content\/uploads\/2024\/12\/WhatsApp-Image-2024-12-26-at-00.46.31-150x150.jpeg\" alt=\"\" width=\"150\" height=\"150\" srcset=\"https:\/\/www.cbdretail.ch\/wp-content\/uploads\/2024\/12\/WhatsApp-Image-2024-12-26-at-00.46.31-150x150.jpeg 150w, https:\/\/www.cbdretail.ch\/wp-content\/uploads\/2024\/12\/WhatsApp-Image-2024-12-26-at-00.46.31-300x300.jpeg 300w, https:\/\/www.cbdretail.ch\/wp-content\/uploads\/2024\/12\/WhatsApp-Image-2024-12-26-at-00.46.31-768x768.jpeg 768w, https:\/\/www.cbdretail.ch\/wp-content\/uploads\/2024\/12\/WhatsApp-Image-2024-12-26-at-00.46.31.jpeg 1024w\" sizes=\"auto, (max-width: 150px) 100vw, 150px\" \/>Unser Cannabis cbd ist garantiert 100% Swiss Made mit einem THC-Gehalt von weniger als 1% und einem CBD-Anteil von 14% bis 18% je nach Ernte mit Zertifizierung durch ein anerkanntes Labor. <\/span><span title=\"Wir w\u00fcnschen uns ein H\u00f6chstma\u00df an Transparenz bei unseren Produkten. \">Wir wollen maximale Transparenz bei unseren Produkten.<br \/>\n<\/span><span title=\"Unser Cannabis wird auf den B\u00f6den des Seelandes in reiner Schweizer Tradition angebaut und stammt aus einer umweltfreundlichen Landwirtschaft. \">Unser Cannabis wird auf dem Sseeland in reinster Schweizer Tradition angebaut, ist biologisch und stammt aus umweltfreundlichem Anbau.<br \/>\n<\/span><span title=\"Profitieren Sie von der Sicherheit und den Vorteilen von Cannabis cbd ohne unerw\u00fcnschte Wirkungen! \">Genie\u00dfen Sie den Geschmack und die Vorteile von Cannabis cbd ohne die unerw\u00fcnschten Wirkungen!<\/span> <span title=\"Unsere erste Muttersprache \"><strong>Unser Rohmaterial<\/strong><br \/>\n<\/span><span title=\"Bei Le Riff arbeiten wir ausschlie\u00dflich mit lokalen Erzeugern zusammen, die die Schweizer Tradition der Chanvre-Kultur fortsetzen, um Ihnen eine an CBD reiche Pflanze von hoher Qualit\u00e4t zu bieten. \">Bei CBD Retail arbeiten wir ausschlie\u00dflich mit lokalen Produzenten zusammen, die die Schweizer Tradition des Hanfanbaus fortsetzen, um Ihnen eine hochwertige, CBD-reiche Pflanze zu liefern.<\/span> <span title=\"Notre charte \"><strong>Unsere Charta<\/strong><br \/>\n<\/span><span title=\"W\u00e4hrend des gesamten Produktions- und Herstellungsprozesses werden Tests durchgef\u00fchrt, um die Einhaltung der Schweizer Qualit\u00e4tsnormen zu gew\u00e4hrleisten. \">W\u00e4hrend des gesamten Produktions- und Herstellungsprozesses werden Tests durchgef\u00fchrt, um die Einhaltung der Schweizer Qualit\u00e4tsstandards zu gew\u00e4hrleisten.<\/span><\/p>\n<h3><img loading=\"lazy\" decoding=\"async\" class=\" wp-image-187 alignleft zoooom\" src=\"https:\/\/www.cbdretail.ch\/wp-content\/uploads\/2017\/10\/cbd-cannabis-vente-en-gros-grossistes-professionnelle-distributeurs-fournisseurs-importateurs-exportateurs-retailers-retail-hemp-stores-THC-02-1-225x300.jpg\" alt=\"\" width=\"182\" height=\"243\" srcset=\"https:\/\/www.cbdretail.ch\/wp-content\/uploads\/2017\/10\/cbd-cannabis-vente-en-gros-grossistes-professionnelle-distributeurs-fournisseurs-importateurs-exportateurs-retailers-retail-hemp-stores-THC-02-1-225x300.jpg 225w, https:\/\/www.cbdretail.ch\/wp-content\/uploads\/2017\/10\/cbd-cannabis-vente-en-gros-grossistes-professionnelle-distributeurs-fournisseurs-importateurs-exportateurs-retailers-retail-hemp-stores-THC-02-1-768x1024.jpg 768w, https:\/\/www.cbdretail.ch\/wp-content\/uploads\/2017\/10\/cbd-cannabis-vente-en-gros-grossistes-professionnelle-distributeurs-fournisseurs-importateurs-exportateurs-retailers-retail-hemp-stores-THC-02-1.jpg 1425w\" sizes=\"auto, (max-width: 182px) 100vw, 182px\" \/><\/h3>\n<p><span title=\"Biologische Landwirtschaft und Umwelt  \"><strong>\u00d6kologischer Landbau und Umwelt<\/strong><br \/>\n<\/span><\/p>\n<p><span title=\"Notre cannabis cbd est 100% organique, cultiv\u00e9e sans pesticides ni engrais chimiques.\">Unser Cannabis cbd ist 100% biologisch und wird ohne Pestizide oder chemische D\u00fcngemittel angebaut. <\/span><span title=\"Wir haben uns f\u00fcr eine Kultur in der Erde entschieden, um unseren Kohlenstoffverbrauch zu senken und eine optimale Pflanzenernte f\u00fcr das ganze Jahr zu gew\u00e4hrleisten. \">Wir haben uns f\u00fcr den Gew\u00e4chshausanbau entschieden, um unseren CO2-Fu\u00dfabdruck zu reduzieren und ein optimales Pflanzenwachstum das ganze Jahr \u00fcber zu gew\u00e4hrleisten.<br \/>\n<\/span><span title=\"Unsere Landwirte arbeiten mit Leidenschaft daran, das beste Cannabis zu produzieren, ohne dabei die Umwelt zu vernachl\u00e4ssigen. \">Unsere leidenschaftlichen Bauern arbeiten daran, das beste Cannabis zu produzieren und dabei die Umwelt zu respektieren.<\/span> <span title=\"Nos partenaires \"><strong>Unsere Partner<\/strong><br \/>\n<\/span><span title=\"Von der Verpackung bis zu den Produkten arbeiten wir mit lokalen Unternehmen zusammen, um die Verwendbarkeit unserer Produkte zu gew\u00e4hrleisten und Ihnen das Beste zu bieten, was die Schweiz zu bieten hat!\">Von der Verpackung bis zu den Derivaten arbeiten wir mit lokalen Unternehmen zusammen, um die R\u00fcckverfolgbarkeit unserer Produkte zu gew\u00e4hrleisten und Ihnen das Beste zu bieten, was die Schweiz zu bieten hat!<\/span><\/p>\n<\/div>\n","protected":false},"excerpt":{"rendered":"<p>CBD Einzelhandel Gro\u00dfhandel mit Schweizer CBD-Cannabis. Alle unsere Produkte entsprechen dem Gesetz und enthalten weniger als 1% THC. Der Verkauf ist nur an Schweizer und nur an autorisierte Fachleute m\u00f6glich. Schweizer Cannabislieferant CBD. Produktion von Cannabis CBD legal in der Schweiz. Gew\u00e4chshaus ohne D\u00fcnger oder chemische Pestizide. Kaufen Sie Gro\u00dfhandel legal Verkauf in der Schweiz.&#8230;<\/p>\n<p class=\"more-link\"><a href=\"https:\/\/www.cbdretail.ch\/de\/\"><span>Read More<\/span><i>&#43;<\/i><\/a><\/p>\n","protected":false},"author":1,"featured_media":0,"parent":0,"menu_order":0,"comment_status":"closed","ping_status":"closed","template":"","meta":{"footnotes":""},"tags":[343,338,347,342,341,351,345,339,350,340,346,344,349,348],"class_list":["post-2568","page","type-page","status-publish","hentry","tag-cbd-groshandel-ch-de","tag-cbd-groshandel-schweiz-de","tag-cbd-groshandler-de","tag-evetica-de","tag-groshandel-cbd-schweiz-de","tag-hanf-groshandler-de","tag-riff-dealer-de","tag-schweiz-cbd-grosshandel","tag-schweizer-cbd-de","tag-schweizer-cbd-groshandel-de","tag-schweizer-cbd-groshandler-de","tag-schweizer-groshandel","tag-schweizer-legaler-hanf","tag-schweizer-legales-cannabis"],"yoast_head":"<!-- This site is optimized with the Yoast SEO plugin v24.8.1 - https:\/\/yoast.com\/wordpress\/plugins\/seo\/ -->\n<title>Gro\u00dfhandel Schweizer CBD Cannabis - CBD Retail<\/title>\n<meta name=\"description\" content=\"Einzelhandel CBD Gro\u00dfhandel Schweizer CBD Cannabis. Alle unsere Produkte entsprechen den gesetzlichen Bestimmungen und enthalten weniger als 1% THC.\" \/>\n<meta name=\"robots\" content=\"index, follow, max-snippet:-1, max-image-preview:large, max-video-preview:-1\" \/>\n<link rel=\"canonical\" href=\"https:\/\/www.cbdretail.ch\/de\/\" \/>\n<meta property=\"og:locale\" content=\"de_DE\" \/>\n<meta property=\"og:type\" content=\"article\" \/>\n<meta property=\"og:title\" content=\"Gro\u00dfhandel Schweizer CBD Cannabis - CBD Retail\" \/>\n<meta property=\"og:description\" content=\"Einzelhandel CBD Gro\u00dfhandel Schweizer CBD Cannabis. Alle unsere Produkte entsprechen den gesetzlichen Bestimmungen und enthalten weniger als 1% THC.\" \/>\n<meta property=\"og:url\" content=\"https:\/\/www.cbdretail.ch\/de\/\" \/>\n<meta property=\"og:site_name\" content=\"CBD Retail\" \/>\n<meta property=\"og:image\" content=\"https:\/\/www.cbdretail.ch\/wp-content\/uploads\/2024\/12\/Untitled.jpg\" \/>\n\t<meta property=\"og:image:width\" content=\"1024\" \/>\n\t<meta property=\"og:image:height\" content=\"1024\" \/>\n\t<meta property=\"og:image:type\" content=\"image\/jpeg\" \/>\n<meta name=\"twitter:card\" content=\"summary_large_image\" \/>\n<meta name=\"twitter:label1\" content=\"Gesch\u00e4tzte Lesezeit\" \/>\n\t<meta name=\"twitter:data1\" content=\"1\u00a0Minute\" \/>\n<script type=\"application\/ld+json\" class=\"yoast-schema-graph\">{\"@context\":\"https:\/\/schema.org\",\"@graph\":[{\"@type\":\"WebPage\",\"@id\":\"https:\/\/www.cbdretail.ch\/de\/\",\"url\":\"https:\/\/www.cbdretail.ch\/de\/\",\"name\":\"Gro\u00dfhandel Schweizer CBD Cannabis - CBD Retail\",\"isPartOf\":{\"@id\":\"https:\/\/www.cbdretail.ch\/de\/#website\"},\"primaryImageOfPage\":{\"@id\":\"https:\/\/www.cbdretail.ch\/de\/#primaryimage\"},\"image\":{\"@id\":\"https:\/\/www.cbdretail.ch\/de\/#primaryimage\"},\"thumbnailUrl\":\"https:\/\/www.cbdretail.ch\/wp-content\/uploads\/2024\/12\/Untitled-150x150.jpg\",\"datePublished\":\"2017-10-13T15:14:29+00:00\",\"description\":\"Einzelhandel CBD Gro\u00dfhandel Schweizer CBD Cannabis. Alle unsere Produkte entsprechen den gesetzlichen Bestimmungen und enthalten weniger als 1% THC.\",\"breadcrumb\":{\"@id\":\"https:\/\/www.cbdretail.ch\/de\/#breadcrumb\"},\"inLanguage\":\"de\",\"potentialAction\":[{\"@type\":\"ReadAction\",\"target\":[\"https:\/\/www.cbdretail.ch\/de\/\"]}]},{\"@type\":\"ImageObject\",\"inLanguage\":\"de\",\"@id\":\"https:\/\/www.cbdretail.ch\/de\/#primaryimage\",\"url\":\"https:\/\/www.cbdretail.ch\/wp-content\/uploads\/2024\/12\/Untitled-150x150.jpg\",\"contentUrl\":\"https:\/\/www.cbdretail.ch\/wp-content\/uploads\/2024\/12\/Untitled-150x150.jpg\"},{\"@type\":\"BreadcrumbList\",\"@id\":\"https:\/\/www.cbdretail.ch\/de\/#breadcrumb\",\"itemListElement\":[{\"@type\":\"ListItem\",\"position\":1,\"name\":\"Home\",\"item\":\"https:\/\/www.cbdretail.ch\/de\/cbd-einzelhandel\/\"},{\"@type\":\"ListItem\",\"position\":2,\"name\":\"CBD Einzelhandel\"}]},{\"@type\":\"WebSite\",\"@id\":\"https:\/\/www.cbdretail.ch\/de\/#website\",\"url\":\"https:\/\/www.cbdretail.ch\/de\/\",\"name\":\"CBD Retail\",\"description\":\"Cannabis CBD for wholesalers and distributors\",\"publisher\":{\"@id\":\"https:\/\/www.cbdretail.ch\/de\/#organization\"},\"potentialAction\":[{\"@type\":\"SearchAction\",\"target\":{\"@type\":\"EntryPoint\",\"urlTemplate\":\"https:\/\/www.cbdretail.ch\/de\/?s={search_term_string}\"},\"query-input\":{\"@type\":\"PropertyValueSpecification\",\"valueRequired\":true,\"valueName\":\"search_term_string\"}}],\"inLanguage\":\"de\"},{\"@type\":\"Organization\",\"@id\":\"https:\/\/www.cbdretail.ch\/de\/#organization\",\"name\":\"CBD Retail\",\"url\":\"https:\/\/www.cbdretail.ch\/de\/\",\"logo\":{\"@type\":\"ImageObject\",\"inLanguage\":\"de\",\"@id\":\"https:\/\/www.cbdretail.ch\/de\/#\/schema\/logo\/image\/\",\"url\":\"https:\/\/www.cbdretail.ch\/wp-content\/uploads\/2024\/12\/cropped-WhatsApp-Image-2024-12-26-at-00.46.31.jpeg\",\"contentUrl\":\"https:\/\/www.cbdretail.ch\/wp-content\/uploads\/2024\/12\/cropped-WhatsApp-Image-2024-12-26-at-00.46.31.jpeg\",\"width\":792,\"height\":719,\"caption\":\"CBD Retail\"},\"image\":{\"@id\":\"https:\/\/www.cbdretail.ch\/de\/#\/schema\/logo\/image\/\"}}]}<\/script>\n<!-- \/ Yoast SEO plugin. -->","yoast_head_json":{"title":"Gro\u00dfhandel Schweizer CBD Cannabis - CBD Retail","description":"Einzelhandel CBD Gro\u00dfhandel Schweizer CBD Cannabis. Alle unsere Produkte entsprechen den gesetzlichen Bestimmungen und enthalten weniger als 1% THC.","robots":{"index":"index","follow":"follow","max-snippet":"max-snippet:-1","max-image-preview":"max-image-preview:large","max-video-preview":"max-video-preview:-1"},"canonical":"https:\/\/www.cbdretail.ch\/de\/","og_locale":"de_DE","og_type":"article","og_title":"Gro\u00dfhandel Schweizer CBD Cannabis - CBD Retail","og_description":"Einzelhandel CBD Gro\u00dfhandel Schweizer CBD Cannabis. Alle unsere Produkte entsprechen den gesetzlichen Bestimmungen und enthalten weniger als 1% THC.","og_url":"https:\/\/www.cbdretail.ch\/de\/","og_site_name":"CBD Retail","og_image":[{"width":1024,"height":1024,"url":"https:\/\/www.cbdretail.ch\/wp-content\/uploads\/2024\/12\/Untitled.jpg","type":"image\/jpeg"}],"twitter_card":"summary_large_image","twitter_misc":{"Gesch\u00e4tzte Lesezeit":"1\u00a0Minute"},"schema":{"@context":"https:\/\/schema.org","@graph":[{"@type":"WebPage","@id":"https:\/\/www.cbdretail.ch\/de\/","url":"https:\/\/www.cbdretail.ch\/de\/","name":"Gro\u00dfhandel Schweizer CBD Cannabis - CBD Retail","isPartOf":{"@id":"https:\/\/www.cbdretail.ch\/de\/#website"},"primaryImageOfPage":{"@id":"https:\/\/www.cbdretail.ch\/de\/#primaryimage"},"image":{"@id":"https:\/\/www.cbdretail.ch\/de\/#primaryimage"},"thumbnailUrl":"https:\/\/www.cbdretail.ch\/wp-content\/uploads\/2024\/12\/Untitled-150x150.jpg","datePublished":"2017-10-13T15:14:29+00:00","description":"Einzelhandel CBD Gro\u00dfhandel Schweizer CBD Cannabis. Alle unsere Produkte entsprechen den gesetzlichen Bestimmungen und enthalten weniger als 1% THC.","breadcrumb":{"@id":"https:\/\/www.cbdretail.ch\/de\/#breadcrumb"},"inLanguage":"de","potentialAction":[{"@type":"ReadAction","target":["https:\/\/www.cbdretail.ch\/de\/"]}]},{"@type":"ImageObject","inLanguage":"de","@id":"https:\/\/www.cbdretail.ch\/de\/#primaryimage","url":"https:\/\/www.cbdretail.ch\/wp-content\/uploads\/2024\/12\/Untitled-150x150.jpg","contentUrl":"https:\/\/www.cbdretail.ch\/wp-content\/uploads\/2024\/12\/Untitled-150x150.jpg"},{"@type":"BreadcrumbList","@id":"https:\/\/www.cbdretail.ch\/de\/#breadcrumb","itemListElement":[{"@type":"ListItem","position":1,"name":"Home","item":"https:\/\/www.cbdretail.ch\/de\/cbd-einzelhandel\/"},{"@type":"ListItem","position":2,"name":"CBD Einzelhandel"}]},{"@type":"WebSite","@id":"https:\/\/www.cbdretail.ch\/de\/#website","url":"https:\/\/www.cbdretail.ch\/de\/","name":"CBD Retail","description":"Cannabis CBD for wholesalers and distributors","publisher":{"@id":"https:\/\/www.cbdretail.ch\/de\/#organization"},"potentialAction":[{"@type":"SearchAction","target":{"@type":"EntryPoint","urlTemplate":"https:\/\/www.cbdretail.ch\/de\/?s={search_term_string}"},"query-input":{"@type":"PropertyValueSpecification","valueRequired":true,"valueName":"search_term_string"}}],"inLanguage":"de"},{"@type":"Organization","@id":"https:\/\/www.cbdretail.ch\/de\/#organization","name":"CBD Retail","url":"https:\/\/www.cbdretail.ch\/de\/","logo":{"@type":"ImageObject","inLanguage":"de","@id":"https:\/\/www.cbdretail.ch\/de\/#\/schema\/logo\/image\/","url":"https:\/\/www.cbdretail.ch\/wp-content\/uploads\/2024\/12\/cropped-WhatsApp-Image-2024-12-26-at-00.46.31.jpeg","contentUrl":"https:\/\/www.cbdretail.ch\/wp-content\/uploads\/2024\/12\/cropped-WhatsApp-Image-2024-12-26-at-00.46.31.jpeg","width":792,"height":719,"caption":"CBD Retail"},"image":{"@id":"https:\/\/www.cbdretail.ch\/de\/#\/schema\/logo\/image\/"}}]}},"_links":{"self":[{"href":"https:\/\/www.cbdretail.ch\/de\/wp-json\/wp\/v2\/pages\/2568","targetHints":{"allow":["GET"]}}],"collection":[{"href":"https:\/\/www.cbdretail.ch\/de\/wp-json\/wp\/v2\/pages"}],"about":[{"href":"https:\/\/www.cbdretail.ch\/de\/wp-json\/wp\/v2\/types\/page"}],"author":[{"embeddable":true,"href":"https:\/\/www.cbdretail.ch\/de\/wp-json\/wp\/v2\/users\/1"}],"replies":[{"embeddable":true,"href":"https:\/\/www.cbdretail.ch\/de\/wp-json\/wp\/v2\/comments?post=2568"}],"version-history":[{"count":0,"href":"https:\/\/www.cbdretail.ch\/de\/wp-json\/wp\/v2\/pages\/2568\/revisions"}],"wp:attachment":[{"href":"https:\/\/www.cbdretail.ch\/de\/wp-json\/wp\/v2\/media?parent=2568"}],"wp:term":[{"taxonomy":"post_tag","embeddable":true,"href":"https:\/\/www.cbdretail.ch\/de\/wp-json\/wp\/v2\/tags?post=2568"}],"curies":[{"name":"wp","href":"https:\/\/api.w.org\/{rel}","templated":true}]}}